{"id":947,"date":"2023-10-30T09:18:46","date_gmt":"2023-10-30T08:18:46","guid":{"rendered":"http:\/\/parafiajanchrzcicielplock.pl\/?page_id=947"},"modified":"2024-08-20T23:52:26","modified_gmt":"2024-08-20T21:52:26","slug":"schola-dziecieca","status":"publish","type":"page","link":"https:\/\/parafiajanchrzcicielplock.pl\/?page_id=947","title":{"rendered":"&#8220;Jordanki&#8221; &#8211; Schola Dzieci\u0119ca"},"content":{"rendered":"\n<figure class=\"wp-block-gallery has-nested-images columns-default is-cropped wp-block-gallery-1 is-layout-flex wp-block-gallery-is-layout-flex\">\n<figure class=\"wp-block-image size-full is-style-rounded\"><img loading=\"lazy\" decoding=\"async\" width=\"1994\" height=\"1580\" data-id=\"1102\" src=\"https:\/\/parafiajanchrzcicielplock.pl\/wp-content\/uploads\/2023\/12\/Zrzut-ekranu-2023-12-10-o-15.57.35.png\" alt=\"\" class=\"wp-image-1102\" srcset=\"https:\/\/parafiajanchrzcicielplock.pl\/wp-content\/uploads\/2023\/12\/Zrzut-ekranu-2023-12-10-o-15.57.35.png 1994w, https:\/\/parafiajanchrzcicielplock.pl\/wp-content\/uploads\/2023\/12\/Zrzut-ekranu-2023-12-10-o-15.57.35-300x238.png 300w, https:\/\/parafiajanchrzcicielplock.pl\/wp-content\/uploads\/2023\/12\/Zrzut-ekranu-2023-12-10-o-15.57.35-1024x811.png 1024w, https:\/\/parafiajanchrzcicielplock.pl\/wp-content\/uploads\/2023\/12\/Zrzut-ekranu-2023-12-10-o-15.57.35-768x609.png 768w, https:\/\/parafiajanchrzcicielplock.pl\/wp-content\/uploads\/2023\/12\/Zrzut-ekranu-2023-12-10-o-15.57.35-1536x1217.png 1536w\" sizes=\"(max-width: 1994px) 100vw, 1994px\" \/><\/figure>\n<\/figure>\n\n\n\n<p>Odpust ku czci \u015bw. Jana chrzciciela w 2024 roku rozpocz\u0119li\u015bmy od koncertu naszych Jordank\u00f3w i Chrze\u015bciJAN &#8211; poni\u017cej mo\u017cecie zobaczy\u0107 (i pos\u0142ucha\u0107!) nagrania z tego wydarzenia:<\/p>\n\n\n\n<figure class=\"wp-block-embed aligncenter is-type-video is-provider-youtube wp-block-embed-youtube wp-embed-aspect-16-9 wp-has-aspect-ratio\"><div class=\"wp-block-embed__wrapper\">\n<iframe loading=\"lazy\" title=\"Koncert - &quot;Jordanki&quot; &amp; &quot;Chrze\u015bciJANie&quot;\" width=\"500\" height=\"281\" src=\"https:\/\/www.youtube.com\/embed\/Hregbbu7ClE?feature=oembed\" frameborder=\"0\" allow=\"accelerometer; autoplay; clipboard-write; encrypted-media; gyroscope; picture-in-picture; web-share\" referrerpolicy=\"strict-origin-when-cross-origin\" allowfullscreen><\/iframe>\n<\/div><\/figure>\n\n\n\n<hr class=\"wp-block-separator has-alpha-channel-opacity\"\/>\n\n\n\n<p>\u015aw. Miko\u0142aj sprawi\u0142 nam prezent w postaci peleryn. Teraz ju\u017c nie tylko pi\u0119knie \u015bpiewamy, ale r\u00f3wnie\u017c pi\u0119knie si\u0119 prezentujemy \ud83d\ude0a<\/p>\n\n\n<div class=\"wp-block-image\">\n<figure class=\"aligncenter size-large\"><img loading=\"lazy\" decoding=\"async\" width=\"1024\" height=\"768\" src=\"http:\/\/parafiajanchrzcicielplock.pl\/wp-content\/uploads\/2023\/12\/IMG_5542-1024x768.jpeg\" alt=\"\" class=\"wp-image-1175\" srcset=\"https:\/\/parafiajanchrzcicielplock.pl\/wp-content\/uploads\/2023\/12\/IMG_5542-1024x768.jpeg 1024w, https:\/\/parafiajanchrzcicielplock.pl\/wp-content\/uploads\/2023\/12\/IMG_5542-300x225.jpeg 300w, https:\/\/parafiajanchrzcicielplock.pl\/wp-content\/uploads\/2023\/12\/IMG_5542-768x576.jpeg 768w, https:\/\/parafiajanchrzcicielplock.pl\/wp-content\/uploads\/2023\/12\/IMG_5542-1536x1152.jpeg 1536w, https:\/\/parafiajanchrzcicielplock.pl\/wp-content\/uploads\/2023\/12\/IMG_5542-2048x1536.jpeg 2048w\" sizes=\"(max-width: 1024px) 100vw, 1024px\" \/><\/figure><\/div>\n\n\n<hr class=\"wp-block-separator has-alpha-channel-opacity\"\/>\n\n\n\n<p>Pracujemy nie tylko nad coraz pi\u0119kniejszym \u015bpiewem, ale r\u00f3wnie\u017c nad nasz\u0105 prezencj\u0105 wiec mamy ju\u017c nowe, jednakowe \u015bpiewniczki, oraz stoimy w dw\u00f3ch rz\u0119dach na specjalnie dla nas ustawionych schodkach \ud83d\ude09 <\/p>\n\n\n<div class=\"wp-block-image\">\n<figure class=\"aligncenter size-large\"><img loading=\"lazy\" decoding=\"async\" width=\"1024\" height=\"578\" src=\"https:\/\/parafiajanchrzcicielplock.pl\/wp-content\/uploads\/2023\/12\/IMG20231209104100-1024x578.jpg\" alt=\"\" class=\"wp-image-1098\" srcset=\"https:\/\/parafiajanchrzcicielplock.pl\/wp-content\/uploads\/2023\/12\/IMG20231209104100-1024x578.jpg 1024w, https:\/\/parafiajanchrzcicielplock.pl\/wp-content\/uploads\/2023\/12\/IMG20231209104100-300x169.jpg 300w, https:\/\/parafiajanchrzcicielplock.pl\/wp-content\/uploads\/2023\/12\/IMG20231209104100-768x433.jpg 768w, https:\/\/parafiajanchrzcicielplock.pl\/wp-content\/uploads\/2023\/12\/IMG20231209104100-1536x866.jpg 1536w, https:\/\/parafiajanchrzcicielplock.pl\/wp-content\/uploads\/2023\/12\/IMG20231209104100-2048x1155.jpg 2048w\" sizes=\"(max-width: 1024px) 100vw, 1024px\" \/><\/figure><\/div>\n\n\n<hr class=\"wp-block-separator has-alpha-channel-opacity\"\/>\n\n\n\n<p>Nasza Schola pr\u0119\u017cnie dzia\u0142a! <\/p>\n\n\n\n<figure class=\"wp-block-embed aligncenter is-type-video is-provider-youtube wp-block-embed-youtube wp-embed-aspect-16-9 wp-has-aspect-ratio\"><div class=\"wp-block-embed__wrapper\">\n<iframe loading=\"lazy\" title=\"Schola Dzieci\u0119ca - Gdy na morzu wielka burza\" width=\"500\" height=\"281\" src=\"https:\/\/www.youtube.com\/embed\/oNGHi8jICAM?feature=oembed\" frameborder=\"0\" allow=\"accelerometer; autoplay; clipboard-write; encrypted-media; gyroscope; picture-in-picture; web-share\" referrerpolicy=\"strict-origin-when-cross-origin\" allowfullscreen><\/iframe>\n<\/div><\/figure>\n\n\n\n<hr class=\"wp-block-separator has-alpha-channel-opacity\"\/>\n\n\n\n<p>W czasie nabo\u017ce\u0144stw r\u00f3\u017ca\u0144cowych dzieci bardzo ch\u0119tnie \u015bpiewa\u0142y z naszymi ksi\u0119\u017cmi. Ich zapa\u0142 do uczenia si\u0119 nowych piosenek by\u0142 ogromny. Z tego powsta\u0142a idea utworzenia naszej Parafialnej Scholi Dzieci\u0119cej. Czy si\u0119 uda? Mocno wierzymy, \u017ce tak. <br>Pierwsze spotkanie dla naszych &#8220;\u015bpiewak\u00f3w&#8221; odb\u0119dzie si\u0119 <strong>10 listopada 2023r. (jest to pi\u0105tek) o godz. 17.00 w naszym ko\u015bciele<\/strong> (kolejne spotkania b\u0119d\u0105 si\u0119 odbywa\u0142y na plebanii b\u0105d\u017a w ko\u015bciele o czym b\u0119dziemy informowa\u0107). Pos\u0142ucha\u0107 (i po\u015bpiewa\u0107 z nami!) b\u0119dzie nas zawsze mo\u017cna w czasie Mszy \u015awi\u0119tych z udzia\u0142em dzieci w naszej parafii. Spotkania docelowo b\u0119d\u0105 odbywa\u0142y si\u0119 w pi\u0105tki o godz. 17.00 (wiemy, \u017ce trudno ustali\u0107 termin, kt\u00f3ry b\u0119dzie wszystkim idealnie pasowa\u0142 dlatego prosimy o zrozumienie). Nie trzeba si\u0119 zapisywa\u0107, wystarczy po prostu przyj\u015b\u0107 \ud83d\ude09 <br>Mamy nadziej\u0119, \u017ce schola dzieci\u0119ca b\u0119dzie okazj\u0105 nie tylko do wsp\u00f3lnego \u015bpiewu dzieci, ale r\u00f3wnie\u017c do integracji oraz poznania wiary. <\/p>\n\n\n\n<hr class=\"wp-block-separator has-alpha-channel-opacity\"\/>\n\n\n\n<p class=\"has-text-align-center has-large-font-size\">Pierwsza pr\u00f3ba za nami!!! \ud83d\ude01<\/p>\n\n\n\n<p>W najbli\u017csz\u0105 niedziel\u0119 na Mszy \u015awi\u0119tej o godz. 10.30 za\u015bpiewamy (z Wasz\u0105 pomoc\u0105!) 2 nowe piosenki, kt\u00f3rych si\u0119 nauczyli\u015bmy. Kolejna pr\u00f3ba w pi\u0105tek o 17.00 w ko\u015bciele. ZAPRASZAMY do naszej scholi dzieci\u0119cej! \ud83d\ude0a <\/p>\n\n\n\n<figure class=\"wp-block-gallery has-nested-images columns-default is-cropped wp-block-gallery-2 is-layout-flex wp-block-gallery-is-layout-flex\">\n<figure class=\"wp-block-image size-large\"><img loading=\"lazy\" decoding=\"async\" width=\"1024\" height=\"768\" data-id=\"987\" src=\"http:\/\/parafiajanchrzcicielplock.pl\/wp-content\/uploads\/2023\/11\/IMG_4134-1024x768.jpeg\" alt=\"\" class=\"wp-image-987\" srcset=\"https:\/\/parafiajanchrzcicielplock.pl\/wp-content\/uploads\/2023\/11\/IMG_4134-1024x768.jpeg 1024w, https:\/\/parafiajanchrzcicielplock.pl\/wp-content\/uploads\/2023\/11\/IMG_4134-300x225.jpeg 300w, https:\/\/parafiajanchrzcicielplock.pl\/wp-content\/uploads\/2023\/11\/IMG_4134-768x576.jpeg 768w, https:\/\/parafiajanchrzcicielplock.pl\/wp-content\/uploads\/2023\/11\/IMG_4134-1536x1152.jpeg 1536w, https:\/\/parafiajanchrzcicielplock.pl\/wp-content\/uploads\/2023\/11\/IMG_4134-2048x1536.jpeg 2048w\" sizes=\"(max-width: 1024px) 100vw, 1024px\" \/><\/figure>\n<\/figure>\n\n\n\n<figure class=\"wp-block-gallery has-nested-images columns-default is-cropped wp-block-gallery-3 is-layout-flex wp-block-gallery-is-layout-flex\">\n<figure class=\"wp-block-image size-large\"><img loading=\"lazy\" decoding=\"async\" width=\"1024\" height=\"461\" data-id=\"986\" src=\"http:\/\/parafiajanchrzcicielplock.pl\/wp-content\/uploads\/2023\/11\/IMG_20231110_171833-1024x461.jpeg\" alt=\"\" class=\"wp-image-986\" srcset=\"https:\/\/parafiajanchrzcicielplock.pl\/wp-content\/uploads\/2023\/11\/IMG_20231110_171833-1024x461.jpeg 1024w, https:\/\/parafiajanchrzcicielplock.pl\/wp-content\/uploads\/2023\/11\/IMG_20231110_171833-300x135.jpeg 300w, https:\/\/parafiajanchrzcicielplock.pl\/wp-content\/uploads\/2023\/11\/IMG_20231110_171833-768x346.jpeg 768w, https:\/\/parafiajanchrzcicielplock.pl\/wp-content\/uploads\/2023\/11\/IMG_20231110_171833-1536x691.jpeg 1536w, https:\/\/parafiajanchrzcicielplock.pl\/wp-content\/uploads\/2023\/11\/IMG_20231110_171833-2048x922.jpeg 2048w\" sizes=\"(max-width: 1024px) 100vw, 1024px\" \/><\/figure>\n\n\n\n<figure class=\"wp-block-image size-large\"><img loading=\"lazy\" decoding=\"async\" width=\"1024\" height=\"461\" data-id=\"988\" src=\"http:\/\/parafiajanchrzcicielplock.pl\/wp-content\/uploads\/2023\/11\/IMG_20231110_171947-1024x461.jpeg\" alt=\"\" class=\"wp-image-988\" srcset=\"https:\/\/parafiajanchrzcicielplock.pl\/wp-content\/uploads\/2023\/11\/IMG_20231110_171947-1024x461.jpeg 1024w, https:\/\/parafiajanchrzcicielplock.pl\/wp-content\/uploads\/2023\/11\/IMG_20231110_171947-300x135.jpeg 300w, https:\/\/parafiajanchrzcicielplock.pl\/wp-content\/uploads\/2023\/11\/IMG_20231110_171947-768x346.jpeg 768w, https:\/\/parafiajanchrzcicielplock.pl\/wp-content\/uploads\/2023\/11\/IMG_20231110_171947-1536x691.jpeg 1536w, https:\/\/parafiajanchrzcicielplock.pl\/wp-content\/uploads\/2023\/11\/IMG_20231110_171947-2048x922.jpeg 2048w\" sizes=\"(max-width: 1024px) 100vw, 1024px\" \/><\/figure>\n<\/figure>\n\n\n\n<p><\/p>\n\n\n\n<hr class=\"wp-block-separator has-alpha-channel-opacity\"\/>\n\n\n\n<p>Tu mo\u017cna podziwia\u0107 jak dzieci ochoczo \u015bpiewa\u0142y w czasie nabo\u017ce\u0144stw r\u00f3\u017ca\u0144cowych:<\/p>\n\n\n\n<figure class=\"wp-block-video aligncenter\"><video controls src=\"http:\/\/parafiajanchrzcicielplock.pl\/wp-content\/uploads\/2023\/10\/a2d64e14-8b57-4ab1-bf5a-909626ec3c2b.mov\"><\/video><\/figure>\n\n\n\n<figure class=\"wp-block-video aligncenter\"><video controls src=\"http:\/\/parafiajanchrzcicielplock.pl\/wp-content\/uploads\/2023\/10\/1eeb4a80-9b11-4645-b3d9-e989fa5d36ec.mp4\"><\/video><\/figure>\n","protected":false},"excerpt":{"rendered":"<p>Odpust ku czci \u015bw. Jana chrzciciela w 2024 roku rozpocz\u0119li\u015bmy od koncertu naszych Jordank\u00f3w i Chrze\u015bciJAN &#8211; poni\u017cej mo\u017cecie zobaczy\u0107 (i pos\u0142ucha\u0107!) nagrania z tego wydarzenia: \u015aw. Miko\u0142aj sprawi\u0142 nam prezent w postaci peleryn. Teraz ju\u017c nie tylko pi\u0119knie \u015bpiewamy, ale r\u00f3wnie\u017c pi\u0119knie si\u0119 prezentujemy \ud83d\ude0a Pracujemy nie tylko nad coraz pi\u0119kniejszym \u015bpiewem, ale r\u00f3wnie\u017c [&hellip;]<\/p>\n","protected":false},"author":2,"featured_media":0,"parent":0,"menu_order":0,"comment_status":"closed","ping_status":"closed","template":"","meta":{"footnotes":""},"_links":{"self":[{"href":"https:\/\/parafiajanchrzcicielplock.pl\/index.php?rest_route=\/wp\/v2\/pages\/947"}],"collection":[{"href":"https:\/\/parafiajanchrzcicielplock.pl\/index.php?rest_route=\/wp\/v2\/pages"}],"about":[{"href":"https:\/\/parafiajanchrzcicielplock.pl\/index.php?rest_route=\/wp\/v2\/types\/page"}],"author":[{"embeddable":true,"href":"https:\/\/parafiajanchrzcicielplock.pl\/index.php?rest_route=\/wp\/v2\/users\/2"}],"replies":[{"embeddable":true,"href":"https:\/\/parafiajanchrzcicielplock.pl\/index.php?rest_route=%2Fwp%2Fv2%2Fcomments&post=947"}],"version-history":[{"count":15,"href":"https:\/\/parafiajanchrzcicielplock.pl\/index.php?rest_route=\/wp\/v2\/pages\/947\/revisions"}],"predecessor-version":[{"id":1498,"href":"https:\/\/parafiajanchrzcicielplock.pl\/index.php?rest_route=\/wp\/v2\/pages\/947\/revisions\/1498"}],"wp:attachment":[{"href":"https:\/\/parafiajanchrzcicielplock.pl\/index.php?rest_route=%2Fwp%2Fv2%2Fmedia&parent=947"}],"curies":[{"name":"wp","href":"https:\/\/api.w.org\/{rel}","templated":true}]}}