{"id":733,"date":"2023-10-01T14:18:33","date_gmt":"2023-10-01T12:18:33","guid":{"rendered":"http:\/\/parafiajanchrzcicielplock.pl\/?page_id=733"},"modified":"2026-03-25T14:10:29","modified_gmt":"2026-03-25T13:10:29","slug":"rady-parafialne","status":"publish","type":"page","link":"https:\/\/parafiajanchrzcicielplock.pl\/?page_id=733","title":{"rendered":"Rady Parafialne"},"content":{"rendered":"\n<figure class=\"wp-block-gallery has-nested-images columns-default is-cropped wp-block-gallery-1 is-layout-flex wp-block-gallery-is-layout-flex\"><div class=\"wp-block-image is-style-default\">\n<figure class=\"aligncenter size-full\"><img loading=\"lazy\" decoding=\"async\" width=\"2560\" height=\"1920\" data-id=\"741\" src=\"http:\/\/parafiajanchrzcicielplock.pl\/wp-content\/uploads\/2023\/10\/IMG_3180-scaled.jpeg\" alt=\"\" class=\"wp-image-741\" srcset=\"https:\/\/parafiajanchrzcicielplock.pl\/wp-content\/uploads\/2023\/10\/IMG_3180-scaled.jpeg 2560w, https:\/\/parafiajanchrzcicielplock.pl\/wp-content\/uploads\/2023\/10\/IMG_3180-300x225.jpeg 300w, https:\/\/parafiajanchrzcicielplock.pl\/wp-content\/uploads\/2023\/10\/IMG_3180-1024x768.jpeg 1024w, https:\/\/parafiajanchrzcicielplock.pl\/wp-content\/uploads\/2023\/10\/IMG_3180-768x576.jpeg 768w, https:\/\/parafiajanchrzcicielplock.pl\/wp-content\/uploads\/2023\/10\/IMG_3180-1536x1152.jpeg 1536w, https:\/\/parafiajanchrzcicielplock.pl\/wp-content\/uploads\/2023\/10\/IMG_3180-2048x1536.jpeg 2048w\" sizes=\"(max-width: 2560px) 100vw, 2560px\" \/><\/figure><\/div><\/figure>\n\n\n\n<p class=\"has-text-align-center\">01 pa\u017adziernika 2023r. w naszej parafii zosta\u0142y powo\u0142ane: Rada Gospodarcza i Rada Duszpasterska <\/p>\n\n\n\n<hr class=\"wp-block-separator has-alpha-channel-opacity\"\/>\n\n\n\n<p class=\"has-medium-font-size\"><strong>Rada Gospodarcza<\/strong><\/p>\n\n\n\n<p>Zadaniem Parafialnej Rady Gospodarczej jest \u015bwiadczenie pomocy w administrowaniu parafialnym maj\u0105tkiem ko\u015bcielnym.<\/p>\n\n\n\n<p><a href=\"https:\/\/www.diecezjaplocka.pl\/dokumenty\/43-synod-diecezji-plockiej\/statuty-instrukcje-regulaminy-wskazania\/statuty-instytucji\/statut-parafialnej-rady-gospodarczej\" data-type=\"link\" data-id=\"https:\/\/www.diecezjaplocka.pl\/dokumenty\/43-synod-diecezji-plockiej\/statuty-instrukcje-regulaminy-wskazania\/statuty-instytucji\/statut-parafialnej-rady-gospodarczej\">Statut Parafialnej Rady Gospodarczej zgodny z Kodeksem Prawa Kanonicznego oraz prawem partykularnym Diecezji P\u0142ockiej znajduje si\u0119 na stronie Diecezji P\u0142ockiej &#8211; LINK.<\/a><\/p>\n\n\n\n<div class=\"wp-block-file\"><a id=\"wp-block-file--media-4ad0d5ed-0c4a-4369-8b4d-433484783ec1\" href=\"http:\/\/parafiajanchrzcicielplock.pl\/wp-content\/uploads\/2023\/10\/statut-parafialnej-rady-gospodarczej.pdf\">statut-parafialnej-rady-gospodarczej<\/a><a href=\"http:\/\/parafiajanchrzcicielplock.pl\/wp-content\/uploads\/2023\/10\/statut-parafialnej-rady-gospodarczej.pdf\" class=\"wp-block-file__button wp-element-button\" download aria-describedby=\"wp-block-file--media-4ad0d5ed-0c4a-4369-8b4d-433484783ec1\">Pobierz<\/a><\/div>\n\n\n\n<p>Do Rady Gospodarczej w naszej parafii nale\u017c\u0105:<\/p>\n\n\n\n<figure class=\"wp-block-table aligncenter\"><table><tbody><tr><td>1<\/td><td>ks. Krzysztof Cymerman<\/td><\/tr><tr><td>2<\/td><td>p. \u0141ukasz Ciep\u0142ucha<\/td><\/tr><tr><td>3<\/td><td>p. Krzysztof Karpi\u0144ski<\/td><\/tr><tr><td>4<\/td><td>p. Zbigniew Kiela<\/td><\/tr><tr><td>5<\/td><td>p. Kazimierz Pejs&nbsp;<\/td><\/tr><tr><td>6<\/td><td>p. Mateusz Sikora<\/td><\/tr><tr><td>7<\/td><td>p. El\u017cbieta Zaj\u0105c<\/td><\/tr><tr><td>8<\/td><td>p. Alicja \u017bmijewska<\/td><\/tr><\/tbody><\/table><\/figure>\n\n\n\n<hr class=\"wp-block-separator has-alpha-channel-opacity\"\/>\n\n\n\n<p><strong>Rada Duszpasterska<\/strong><\/p>\n\n\n\n<p>Zadaniem Parafialnej Rady Duszpasterskiej jest wspomaganie Proboszcza w dzia\u0142alno\u015bci duszpasterskiej.<\/p>\n\n\n\n<p><a href=\"https:\/\/www.diecezjaplocka.pl\/dokumenty\/43-synod-diecezji-plockiej\/statuty-instrukcje-regulaminy-wskazania\/statuty-instytucji\/statut-parafialnej-rady-duszpasterskiej\" data-type=\"link\" data-id=\"https:\/\/www.diecezjaplocka.pl\/dokumenty\/43-synod-diecezji-plockiej\/statuty-instrukcje-regulaminy-wskazania\/statuty-instytucji\/statut-parafialnej-rady-duszpasterskiej\">Statut Parafialnej Rady Gospodarczej zgodny z Kodeksem Prawa Kanonicznego oraz prawem partykularnym Diecezji P\u0142ockiej znajduje si\u0119 na stronie Diecezji P\u0142ockiej &#8211; LINK.<\/a><\/p>\n\n\n\n<div class=\"wp-block-file\"><a id=\"wp-block-file--media-41ce644c-34f2-4c19-8562-85c33c243693\" href=\"http:\/\/parafiajanchrzcicielplock.pl\/wp-content\/uploads\/2023\/10\/statut-parafialnej-rady-duszpasterskiej.pdf\">statut-parafialnej-rady-duszpasterskiej<\/a><a href=\"http:\/\/parafiajanchrzcicielplock.pl\/wp-content\/uploads\/2023\/10\/statut-parafialnej-rady-duszpasterskiej.pdf\" class=\"wp-block-file__button wp-element-button\" download aria-describedby=\"wp-block-file--media-41ce644c-34f2-4c19-8562-85c33c243693\">Pobierz<\/a><\/div>\n\n\n\n<p>Do Rady Duszpasterskiej w naszej parafii nale\u017c\u0105:<\/p>\n\n\n\n<figure class=\"wp-block-table aligncenter\"><table><tbody><tr><td>1<\/td><td>ks. Krzysztof Cymerman<\/td><td>Wikariusz<\/td><\/tr><tr><td>3<\/td><td>p. Wioletta Wrze\u015bniewska<\/td><td>Katechetka<\/td><\/tr><tr><td>4<\/td><td>p. Katarzyna Pilichowska<\/td><td>Katechetka<\/td><\/tr><tr><td>5<\/td><td>p. Alicja Popek<\/td><td>Katechetka<\/td><\/tr><tr><td>6<\/td><td>p. Bo\u017cena Szewczyk &#8211; Ciep\u0142ucha<\/td><td>Domowy Ko\u015bci\u00f3\u0142<\/td><\/tr><tr><td>7<\/td><td>p. \u0141ukasz Ciep\u0142ucha<\/td><td>Domowy Ko\u015bci\u00f3\u0142<\/td><\/tr><tr><td>8<\/td><td>p. Anna Gosty\u0144ska<\/td><td>Ko\u0142a \u017bywego R\u00f3\u017ca\u0144ca<\/td><\/tr><tr><td>9<\/td><td>p. Ma\u0142gorzata Karpi\u0144ska<\/td><td>Zesp\u00f3\u0142 Muzyczny<\/td><\/tr><tr><td>10<\/td><td>p. Krzysztof Karpi\u0144ski<\/td><td>Rycerze \u015bw. Jana Paw\u0142a II<\/td><\/tr><tr><td>11<\/td><td>p. Monika Lisicka<\/td><td>Odnowa w Duchu \u015awi\u0119tym \/ Katechetka<\/td><\/tr><tr><td>12<\/td><td>p. Joanna Jendrzejczuk<\/td><td>Organistka<\/td><\/tr><tr><td>13<\/td><td>p. Maria Owsik<\/td><td>Wdowa Konsekrowana<\/td><\/tr><tr><td>14<\/td><td>p. Leokadia Sta\u0144czyk<\/td><td>Grupa Pokutna<\/td><\/tr><\/tbody><\/table><\/figure>\n\n\n\n<hr class=\"wp-block-separator has-alpha-channel-opacity\"\/>\n","protected":false},"excerpt":{"rendered":"<p>01 pa\u017adziernika 2023r. w naszej parafii zosta\u0142y powo\u0142ane: Rada Gospodarcza i Rada Duszpasterska Rada Gospodarcza Zadaniem Parafialnej Rady Gospodarczej jest \u015bwiadczenie pomocy w administrowaniu parafialnym maj\u0105tkiem ko\u015bcielnym. Statut Parafialnej Rady Gospodarczej zgodny z Kodeksem Prawa Kanonicznego oraz prawem partykularnym Diecezji P\u0142ockiej znajduje si\u0119 na stronie Diecezji P\u0142ockiej &#8211; LINK. Do Rady Gospodarczej w naszej parafii [&hellip;]<\/p>\n","protected":false},"author":2,"featured_media":0,"parent":0,"menu_order":1,"comment_status":"closed","ping_status":"closed","template":"","meta":{"footnotes":""},"_links":{"self":[{"href":"https:\/\/parafiajanchrzcicielplock.pl\/index.php?rest_route=\/wp\/v2\/pages\/733"}],"collection":[{"href":"https:\/\/parafiajanchrzcicielplock.pl\/index.php?rest_route=\/wp\/v2\/pages"}],"about":[{"href":"https:\/\/parafiajanchrzcicielplock.pl\/index.php?rest_route=\/wp\/v2\/types\/page"}],"author":[{"embeddable":true,"href":"https:\/\/parafiajanchrzcicielplock.pl\/index.php?rest_route=\/wp\/v2\/users\/2"}],"replies":[{"embeddable":true,"href":"https:\/\/parafiajanchrzcicielplock.pl\/index.php?rest_route=%2Fwp%2Fv2%2Fcomments&post=733"}],"version-history":[{"count":17,"href":"https:\/\/parafiajanchrzcicielplock.pl\/index.php?rest_route=\/wp\/v2\/pages\/733\/revisions"}],"predecessor-version":[{"id":2329,"href":"https:\/\/parafiajanchrzcicielplock.pl\/index.php?rest_route=\/wp\/v2\/pages\/733\/revisions\/2329"}],"wp:attachment":[{"href":"https:\/\/parafiajanchrzcicielplock.pl\/index.php?rest_route=%2Fwp%2Fv2%2Fmedia&parent=733"}],"curies":[{"name":"wp","href":"https:\/\/api.w.org\/{rel}","templated":true}]}}