{"id":42,"date":"2023-09-05T18:49:08","date_gmt":"2023-09-05T16:49:08","guid":{"rendered":"http:\/\/parafiajanchrzcicielplock.pl\/?page_id=42"},"modified":"2026-04-01T13:06:28","modified_gmt":"2026-04-01T11:06:28","slug":"intencje-mszy-swietych","status":"publish","type":"page","link":"https:\/\/parafiajanchrzcicielplock.pl\/?page_id=42","title":{"rendered":"Intencje Mszy \u015awi\u0119tych"},"content":{"rendered":"\n<p class=\"has-text-align-center has-large-font-size\"><strong>01 &#8211; 05. 04. 2026 r<\/strong>.<\/p>\n\n\n\n<figure class=\"wp-block-table aligncenter\"><table><tbody><tr><td colspan=\"2\"><strong>Wielki \u015aroda \u2013 01 kwietnia<\/strong><\/td><\/tr><tr><td>7.00<\/td><td>za \u015bp. Jadwig\u0119 Paw\u0142owsk\u0105<\/td><\/tr><tr><td>7.00<\/td><td>za \u015bp. Andrzeja Szatkowskiego<\/td><\/tr><tr><td>18.00<\/td><td>za \u015bp. Andrzeja \u015awiderskiego<\/td><\/tr><tr><td colspan=\"2\"><strong>Wielki Czwartek \u2013 02 kwietnia<\/strong><\/td><\/tr><tr><td><s>7.00<\/s><\/td><td><em><u>Nie ma<\/u><\/em><em>&nbsp;Mszy \u015awi\u0119tej o godz. 7.00&nbsp;<\/em><\/td><\/tr><tr><td><strong>18.00<\/strong><\/td><td><strong>Msza \u015awi\u0119ta Wieczerzy Pa\u0144skiej&nbsp;<\/strong><\/td><\/tr><tr><td colspan=\"2\"><strong>Wielki Pi\u0105tek \u2013 03 kwietnia<\/strong><\/td><\/tr><tr><td><s>7.00<\/s><em><\/em><\/td><td><em><u>Nie ma<\/u><\/em><em>&nbsp;Mszy \u015awi\u0119tej<\/em><\/td><\/tr><tr><td><em>15.00<\/em><\/td><td><em>Koronka do Bo\u017cego Mi\u0142osierdzia \u2013 pocz\u0105tek nowenny&nbsp;<\/em><\/td><\/tr><tr><td><em>17.15<\/em><\/td><td><em>Droga Krzy\u017cowa&nbsp;<\/em><\/td><\/tr><tr><td><strong>18.00<\/strong><\/td><td><strong>Liturgia M\u0119ki Pa\u0144skiej&nbsp;<\/strong><\/td><\/tr><tr><td colspan=\"2\"><strong>Wielka Sobota \u2013 04 kwietnia<\/strong><\/td><\/tr><tr><td><em>&#8212;-<\/em><\/td><td><em>B\u0142ogos\u0142awie\u0144stwo pokarm\u00f3w od 9.00 do 17.00 co 30 minut&nbsp;<\/em><\/td><\/tr><tr><td colspan=\"2\"><strong>Sobota &#8211; 04 kwietnia &#8211; po zmroku \u2013 WIELKANOC<\/strong><\/td><\/tr><tr><td><strong>20.30<\/strong><\/td><td><strong>Liturgia Wigilii Paschalnej \u2013 <\/strong><br><strong>najwa\u017cniejsza Msza \u015awi\u0119ta w ci\u0105gu roku \u2013 w intencji Parafian<\/strong><br><strong>\/ procesja rezurekcyjna \/<\/strong><\/td><\/tr><tr><td colspan=\"2\"><strong>I Niedziela Wielkanocna \u2013 rok A \u2013 05 kwietnia<\/strong><\/td><\/tr><tr><td>7.30<\/td><td>za \u015bp. Ew\u0119 Grabowsk\u0105<\/td><\/tr><tr><td>9.00<\/td><td>za \u015bp. Henryka Majewskiego (w 23r.\u015bm.) <br>oraz Jana i Adel\u0119 Go\u0142\u0119biewskich<\/td><\/tr><tr><td>10.30<\/td><td>za \u015bp. Teres\u0119 Turowsk\u0105 (w 13r.\u015bm.)<\/td><\/tr><tr><td>12.00<\/td><td>za \u015bp. Janin\u0119 Karolak<\/td><\/tr><tr><td>18.00<\/td><td>za \u015bp. Zofi\u0119 Zwolan (w 30r.\u015bm.)<\/td><\/tr><\/tbody><\/table><\/figure>\n\n\n<div class=\"wp-block-image is-style-rounded\">\n<figure class=\"aligncenter size-full is-resized\"><img loading=\"lazy\" decoding=\"async\" width=\"1620\" height=\"436\" src=\"http:\/\/parafiajanchrzcicielplock.pl\/wp-content\/uploads\/2023\/09\/Zrzut-ekranu-2023-09-16-o-16.12.53.png\" alt=\"\" class=\"wp-image-477\" style=\"width:750px;height:auto\" srcset=\"https:\/\/parafiajanchrzcicielplock.pl\/wp-content\/uploads\/2023\/09\/Zrzut-ekranu-2023-09-16-o-16.12.53.png 1620w, https:\/\/parafiajanchrzcicielplock.pl\/wp-content\/uploads\/2023\/09\/Zrzut-ekranu-2023-09-16-o-16.12.53-300x81.png 300w, https:\/\/parafiajanchrzcicielplock.pl\/wp-content\/uploads\/2023\/09\/Zrzut-ekranu-2023-09-16-o-16.12.53-1024x276.png 1024w, https:\/\/parafiajanchrzcicielplock.pl\/wp-content\/uploads\/2023\/09\/Zrzut-ekranu-2023-09-16-o-16.12.53-768x207.png 768w, https:\/\/parafiajanchrzcicielplock.pl\/wp-content\/uploads\/2023\/09\/Zrzut-ekranu-2023-09-16-o-16.12.53-1536x413.png 1536w\" sizes=\"(max-width: 1620px) 100vw, 1620px\" \/><\/figure><\/div>\n\n\n<p class=\"has-text-align-center has-large-font-size\"><strong>06. &#8211; 12. 04. 2026 r<\/strong>.<\/p>\n\n\n\n<figure class=\"wp-block-table aligncenter\"><table><tbody><tr><td colspan=\"2\"><strong>Poniedzia\u0142ek Wielkanocny \u2013 06 kwietnia<\/strong><\/td><\/tr><tr><td>7.30<\/td><td>za \u015bp. Ann\u0119 i Juliana Koci\u0119da<\/td><\/tr><tr><td>9.00<\/td><td>za \u015bp. Jacka i Mieczys\u0142awa Olszanowskich<\/td><\/tr><tr><td>9.00<\/td><td>za \u015bp. Leszka \u015aliwowskiego oraz Helen\u0119 i Miko\u0142aja Terefe\u0144ko<\/td><\/tr><tr><td>10.30<\/td><td>za \u015bp. Juliann\u0119, Jana, Henryka i Grzegorza Skierskich<\/td><\/tr><tr><td>12.00<\/td><td>za \u015bp. Barbar\u0119 Mysera oraz Helen\u0119 i Stanis\u0142awa Mysera<\/td><\/tr><tr><td>18.00<\/td><td>za \u015bp. Damazago Koz\u0142owskiego (w 21r.\u015bm.)<\/td><\/tr><tr><td colspan=\"2\"><strong>Wtorek \u2013 07 kwietnia<\/strong><\/td><\/tr><tr><td>7.00<\/td><td>za \u015bp. J\u00f3zefa Morawskiego<\/td><\/tr><tr><td>18.00<\/td><td>za \u015bp. Zofi\u0119 Kubera<\/td><\/tr><tr><td colspan=\"2\"><strong>\u015aroda \u2013 08 kwietnia<\/strong><\/td><\/tr><tr><td>7.00<\/td><td>za \u015bp. Bogumi\u0142\u0119 Brzesk\u0105<\/td><\/tr><tr><td>18.00<\/td><td>za \u015bp. Franciszka Chojeckiego (w 20r.\u015bm.)<\/td><\/tr><tr><td>18.00<\/td><td>za \u015bp. Krystyn\u0119 Grabarek<\/td><\/tr><tr><td colspan=\"2\"><strong>Czwartek \u2013 09 kwietnia<\/strong><\/td><\/tr><tr><td>7.00<\/td><td>za \u015bp. Zygmunta Adamczyka<\/td><\/tr><tr><td>18.00<\/td><td>za \u015bp. Halin\u0119 Korzeniewsk\u0105<\/td><\/tr><tr><td colspan=\"2\"><strong>Pi\u0105tek \u2013 10 kwietnia<\/strong><\/td><\/tr><tr><td>7.00<\/td><td>za \u015bp. Arkadiusza Mia\u015bkiewicza<\/td><\/tr><tr><td>18.00<\/td><td>za \u015bp. Mariann\u0119 Kowalczyk<\/td><\/tr><tr><td>18.00<\/td><td>za \u015bp. wszystkich zmar\u0142ych mieszka\u0144c\u00f3w <br>z bloku Piasta Ko\u0142odzieja 5<\/td><\/tr><tr><td colspan=\"2\"><strong>Sobota \u2013 11 kwietnia<\/strong><\/td><\/tr><tr><td>7.00<\/td><td>za \u015bp. Dariusza Szatkowskiego<\/td><\/tr><tr><td>18.00<\/td><td>za \u015bp. Stanis\u0142awa Pajora (w 7r.\u015bm.)<\/td><\/tr><tr><td colspan=\"2\"><strong>II Niedziela Wielkanocna \u2013 rok A \u2013 12 kwietnia<\/strong><\/td><\/tr><tr><td>7.30<\/td><td>za \u015bp. Zdzis\u0142awa Tomkalskiego<\/td><\/tr><tr><td>9.00<\/td><td>za \u015bp. Mariann\u0119 i Jana Nowak\u00f3w, <br>Wincentego \u015awiderskiego i Stefana Fali\u0144skiego<\/td><\/tr><tr><td>9.00<\/td><td>za \u015bp. Franciszka Sopy\u0142o (w 75r.\u015bm.) Antoniego, Katarzyn\u0119, <br>Tymoteusza, Stanis\u0142aw\u0119 i Andrzeja Sopy\u0142\u00f3w<\/td><\/tr><tr><td>10.30<\/td><td>za \u015bp. Stefana Walczaka<\/td><\/tr><tr><td><strong>12.00<\/strong><em><\/em><\/td><td><strong>za Parafian<\/strong><em><\/em><\/td><\/tr><tr><td>18.00<\/td><td>za \u015bp. Rajmunda-Marcina i Rajmunda <br>oraz zm. z r-ny Nowakowskich<\/td><\/tr><\/tbody><\/table><\/figure>\n\n\n\n<p class=\"has-text-align-center has-large-font-size\"><strong>13. &#8211; 19. 04. 2026 r<\/strong>.<\/p>\n\n\n\n<figure class=\"wp-block-table aligncenter\"><table><tbody><tr><td colspan=\"2\"><strong>Poniedzia\u0142ek \u2013 13 kwietnia&nbsp;<\/strong><\/td><\/tr><tr><td>7.00<\/td><td>za \u015bp. Danut\u0119 G\u00f3rnick\u0105<\/td><\/tr><tr><td>7.00<\/td><td>za \u015bp. Ryszarda Burdanowskiego<\/td><\/tr><tr><td>18.00<\/td><td>za \u015bp. Romana Barzdo<\/td><\/tr><tr><td colspan=\"2\"><strong>Wtorek \u2013 14 kwietnia<\/strong><\/td><\/tr><tr><td>7.00<\/td><td>za \u015bp. Janusza Barczyka<\/td><\/tr><tr><td>18.00<\/td><td>za \u015bp. Mieczys\u0142awa i Mariann\u0119 Okrask\u00f3w <br>oraz Stefana i Mariann\u0119 Okrask\u00f3w<\/td><\/tr><tr><td colspan=\"2\"><strong>\u015aroda \u2013 15 kwietnia<\/strong><\/td><\/tr><tr><td>7.00<\/td><td>za \u015bp. Paw\u0142a Pietrzaka<\/td><\/tr><tr><td>7.00<\/td><td>za \u015bp. Jana Surmaka<\/td><\/tr><tr><td>18.00<\/td><td>za \u015bp. Stanis\u0142awa Marona (w 29r.sm.) <br>oraz Daniel\u0119 i Romana Maron\u00f3w<\/td><\/tr><tr><td colspan=\"2\"><strong>Czwartek \u2013 16 kwietnia<\/strong><\/td><\/tr><tr><td>7.00<\/td><td>za \u015bp. Marka Piaseckiego<\/td><\/tr><tr><td>18.00<\/td><td>za \u015bp. Jolant\u0119 Cnotkowsk\u0105<\/td><\/tr><tr><td colspan=\"2\"><strong>Pi\u0105tek \u2013 17 kwietnia<\/strong><\/td><\/tr><tr><td>7.00<\/td><td>za \u015bp. Teres\u0119 i Ryszarda Zuchwa\u0142ko<\/td><\/tr><tr><td>18.00<\/td><td>za \u015bp. J\u00f3zefa Morawskiego<\/td><\/tr><tr><td colspan=\"2\"><strong>Sobota \u2013 18 kwietnia<\/strong><\/td><\/tr><tr><td>7.00<\/td><td>za \u015bp. Jakuba Kr\u00f3likowskiego<\/td><\/tr><tr><td>18.00<\/td><td>za \u015bp. Andrzeja Nowakowskiego<\/td><\/tr><tr><td>18.00<\/td><td>za \u015bp. Stanis\u0142awa Grabowskiego (w 7r.\u015bm.)<\/td><\/tr><tr><td colspan=\"2\"><strong>Niedziela Palmowa \u2013 rok A \u2013 19 kwietnia<\/strong><\/td><\/tr><tr><td>7.30<\/td><td>za \u015bp. J\u00f3zefa Misiaka (w 5r.\u015bm.)<\/td><\/tr><tr><td>9.00<\/td><td>za \u015bp. Jana Krysteckiego (w 5r.\u015bm.), <br>Ann\u0119 i Romana Wypych\u00f3w, Genowef\u0119 i Stefana Krysteckich<\/td><\/tr><tr><td>9.00<\/td><td>za \u015bp. Jadwig\u0119 Dymkowsk\u0105<\/td><\/tr><tr><td>10.30<\/td><td>za \u015bp. Cezarego Turowskiego<\/td><\/tr><tr><td><strong>12.00<\/strong><em><\/em><\/td><td><strong>za&nbsp;<\/strong><strong>Parafian \/ Chrzest \u015awi\u0119ty: Kaja i Franciszek \/<\/strong><em><\/em><\/td><\/tr><tr><td>18.00<\/td><td>o potrzebne \u0142aski dla Pauliny<\/td><\/tr><\/tbody><\/table><\/figure>\n","protected":false},"excerpt":{"rendered":"<p>01 &#8211; 05. 04. 2026 r. Wielki \u015aroda \u2013 01 kwietnia 7.00 za \u015bp. Jadwig\u0119 Paw\u0142owsk\u0105 7.00 za \u015bp. Andrzeja Szatkowskiego 18.00 za \u015bp. Andrzeja \u015awiderskiego Wielki Czwartek \u2013 02 kwietnia 7.00 Nie ma&nbsp;Mszy \u015awi\u0119tej o godz. 7.00&nbsp; 18.00 Msza \u015awi\u0119ta Wieczerzy Pa\u0144skiej&nbsp; Wielki Pi\u0105tek \u2013 03 kwietnia 7.00 Nie ma&nbsp;Mszy \u015awi\u0119tej 15.00 Koronka do [&hellip;]<\/p>\n","protected":false},"author":2,"featured_media":0,"parent":0,"menu_order":0,"comment_status":"closed","ping_status":"closed","template":"","meta":{"footnotes":""},"_links":{"self":[{"href":"https:\/\/parafiajanchrzcicielplock.pl\/index.php?rest_route=\/wp\/v2\/pages\/42"}],"collection":[{"href":"https:\/\/parafiajanchrzcicielplock.pl\/index.php?rest_route=\/wp\/v2\/pages"}],"about":[{"href":"https:\/\/parafiajanchrzcicielplock.pl\/index.php?rest_route=\/wp\/v2\/types\/page"}],"author":[{"embeddable":true,"href":"https:\/\/parafiajanchrzcicielplock.pl\/index.php?rest_route=\/wp\/v2\/users\/2"}],"replies":[{"embeddable":true,"href":"https:\/\/parafiajanchrzcicielplock.pl\/index.php?rest_route=%2Fwp%2Fv2%2Fcomments&post=42"}],"version-history":[{"count":720,"href":"https:\/\/parafiajanchrzcicielplock.pl\/index.php?rest_route=\/wp\/v2\/pages\/42\/revisions"}],"predecessor-version":[{"id":2343,"href":"https:\/\/parafiajanchrzcicielplock.pl\/index.php?rest_route=\/wp\/v2\/pages\/42\/revisions\/2343"}],"wp:attachment":[{"href":"https:\/\/parafiajanchrzcicielplock.pl\/index.php?rest_route=%2Fwp%2Fv2%2Fmedia&parent=42"}],"curies":[{"name":"wp","href":"https:\/\/api.w.org\/{rel}","templated":true}]}}