{"id":391,"date":"2023-09-15T20:23:20","date_gmt":"2023-09-15T18:23:20","guid":{"rendered":"http:\/\/parafiajanchrzcicielplock.pl\/?page_id=391"},"modified":"2023-09-15T20:23:21","modified_gmt":"2023-09-15T18:23:21","slug":"dekret-erekcji-parafii-pw-sw-jana-chrzciciela-w-plocku","status":"publish","type":"page","link":"https:\/\/parafiajanchrzcicielplock.pl\/?page_id=391","title":{"rendered":"Dekret erekcji parafii pw. \u015aw. Jana Chrzciciela w P\u0142ocku"},"content":{"rendered":"\n<p class=\"has-text-align-center\"><strong>BOGDAN MARIAN SIKORSKI<\/strong><\/p>\n\n\n\n<p class=\"has-text-align-center\"><strong>ZE ZMI\u0141OWANIA BO<\/strong><strong>\u017bEGO<\/strong><\/p>\n\n\n\n<p class=\"has-text-align-center\"><strong>I STOLICY APOSTOLSKIEJ \u0141ASKI<\/strong><\/p>\n\n\n\n<p class=\"has-text-align-center\"><strong>BISKUP P\u0141OCKI<\/strong><\/p>\n\n\n\n<p class=\"has-text-align-center\"><strong>Dekret<\/strong> <strong>erekcji parafii <\/strong><\/p>\n\n\n\n<p class=\"has-text-align-center\"><strong>p.w.\u00a0\u015bw. Jana Chrzciciela w P\u0142ocku.<\/strong><\/p>\n\n\n\n<p class=\"has-text-align-center\"><strong>Na wieczn<\/strong><strong>\u0105 rzeczy pami\u0105tk\u0119.<\/strong><\/p>\n\n\n\n<p><em>Nr 400\/73<\/em><\/p>\n\n\n\n<p>&nbsp;&nbsp;&nbsp;&nbsp; Powstanie nowych z licznymi mieszka\u0144cami osiedli w P\u0142ocku oraz szeroki zakres potrzeb duszpasterskich i stale pog\u0142\u0119biaj\u0105cy si\u0119&nbsp;nurt&nbsp;\u017cycia religijnego od kilku lat domaga\u0142y si\u0119&nbsp;utworzenia nowego o\u015brodka wsp\u00f3lnoty parafialnej.<\/p>\n\n\n\n<p>&nbsp;&nbsp;&nbsp;&nbsp;&nbsp; Dlatego powodowani trosk\u0105&nbsp;i odpowiedzialno\u015bci\u0105&nbsp;za dobro duchowe powierzonych nam dusz, z uwagi na konieczno\u015b\u0107&nbsp;usprawnienia i dostosowania duszpasterstwa do nowych warunk\u00f3w oraz zaradzenia potrzebom religijnym znacznej liczby mieszka\u0144c\u00f3w P\u0142ocka, wys\u0142uchawszy w my\u015bl kan. 1428 \u00a7 1 KPK zdania Kapitu\u0142y Katedralnej oraz zainteresowanych, ku wi\u0119kszej chwale Bo\u017cej i dla zbawienia dusz niniejszym dekretem w my\u015bl kan. 1427 \u00a7 1 KPK erygujemy w P\u0142ocku, ul. Wolnej Afryki 2, now\u0105&nbsp;parafi\u0119&nbsp;pod wezwaniem&nbsp;\u015bwi\u0119tego Jana Chrzciciela i w\u0142\u0105czamy j\u0105&nbsp;do dekanatu P\u0142ockiego.<\/p>\n\n\n\n<p>Nowo erygowana parafia wydzielona zostaje z parafii farnej&nbsp;\u015bw. Bart\u0142omieja i obejmuje teren wraz z ludno\u015bci\u0105&nbsp;zamkni\u0119ty ulicami: od przejazdu kolejowego na ul. Bielskiej \u2013 ulic\u0105&nbsp;Bielsk\u0105&nbsp;do ulicy Sienkiewicza, na zach\u00f3d ulic\u0105&nbsp;Sienkiewicza, ulic\u0105&nbsp;Wolnej Afryki i ulic\u0105&nbsp;\u0141ukasiewicza do Parowy, od p\u00f3\u0142nocy dotychczasow\u0105&nbsp;granic\u0105&nbsp;parafii&nbsp;\u015bw. Bart\u0142omieja i&nbsp;\u015bw. Aleksego w P\u0142ocku -Trzepowie. Granica parafii przebiega&nbsp;\u015brodkiem w\/w ulic. Na terenie tym przebywa obecnie ok. 15 tys. mieszka\u0144c\u00f3w.<\/p>\n\n\n\n<p>&nbsp;Nowa parafia otrzymuje jako ko\u015bci\u00f3\u0142 parafialny ko\u015bci\u00f3\u0142&nbsp;\u015bw. Jana Chrzciciela w P\u0142ocku przy ul. Wolnej Afryki 2.<\/p>\n\n\n\n<p>&nbsp;Prawo instytuowania rz\u0105dcy parafii stosownie do obowi\u0105zuj\u0105cych przepis\u00f3w prawa kanonicznego przys\u0142uguje jedynie Ordynariuszowi Diecezji P\u0142ockiej. Nowoutworzona parafia nie otrzymuje&nbsp;\u017cadnej dotacji od parafii macierzystej, nie ma te\u017c \u017cadnych zobowi\u0105za\u0144&nbsp;w stosunku do niej.<\/p>\n\n\n\n<p>Uposa\u017cenie ka\u017cdorazowego rz\u0105dcy parafii stanowi\u0107&nbsp;b\u0119d\u0105&nbsp;ofiary sk\u0142adane z racji czynno\u015bci i pos\u0142ug duszpasterskich oraz inne dochody uznane i dozwolone przez prawo ko\u015bcielne (kan. 1415 \u00a7 3). Utrzymanie innych os\u00f3b zatrudnionych w pracy parafialnej nale\u017cy do obowi\u0105zk\u00f3w parafii.<\/p>\n\n\n\n<p>&nbsp;&nbsp;&nbsp;&nbsp;&nbsp; Obowi\u0105zek urz\u0105dzania i utrzymania ko\u015bcio\u0142a parafialnego oraz postawienie w przysz\u0142o\u015bci i konserwacja plebanii i budynk\u00f3w parafialnych, sprawianie sprz\u0119tu liturgicznego i przedmiot\u00f3w potrzebnych do S\u0142u\u017cby Bo\u017cej w&nbsp;\u017cyciu parafialnym oraz wydatki zwi\u0105zane z kultem ci\u0105\u017c\u0105&nbsp;na parafii.<\/p>\n\n\n\n<p>&nbsp;Parafia&nbsp;\u015bw. Jana b\u0119dzie korzysta\u0142a ze wsp\u00f3lnego wyznaniowego cmentarza w P\u0142ocku. Uczestniczenie w obowi\u0105zku utrzymania cmentarza ma by\u0107&nbsp;ustalone w porozumieniu z proboszczem farnym.<\/p>\n\n\n\n<p>&nbsp;B\u0142agam Najwy\u017cszego Pana przez przyczyn\u0119&nbsp;Matki Boskiej Niepokalanej i&nbsp;\u015bw. Jana Chrzciciela, aby nowoerygowana rodzina parafialna sta\u0142a si\u0119&nbsp;dla swoich wiernych &#8220;\u017ar\u00f3d\u0142em&nbsp;\u017cycia i&nbsp;\u015bwi\u0119to\u015bci&#8221;, promieniowa\u0142a odnow\u0105 \u017cycia religijnego, gorliwo\u015bci\u0105&nbsp;i&nbsp;\u017cyw\u0105&nbsp;wiar\u0105.<\/p>\n\n\n\n<p>&nbsp; Z t\u0105&nbsp;b\u0142agaln\u0105&nbsp;modlitw\u0105&nbsp;\u0142\u0105cz\u0119&nbsp;moje b\u0142ogos\u0142awie\u0144stwo Biskupie.<\/p>\n\n\n\n<p>&nbsp;&nbsp;&nbsp;&nbsp;&nbsp;&nbsp;&nbsp;&nbsp;&nbsp; Dekret niniejszy w chodzi w&nbsp;\u017cycie dnia 1 marca Roku Pa\u0144skiego 1973, po uprzednim og\u0142oszeniu go z ambon w ko\u015bcio\u0142ach&nbsp;\u015bw. Bart\u0142omieja,&nbsp;\u015bw. Aleksego i&nbsp;\u015bw. Jana w P\u0142ocku.<\/p>\n\n\n\n<p><em>Dan w P\u0142ocku, dnia 21 stycznia 1973 roku, w dziewi<\/em>\u0105<em>t<\/em>\u0105&nbsp;<em>rocznic<\/em>\u0119&nbsp;<em>naszej prekonizacji na Katedr<\/em>\u0119&nbsp;<em>Ko<\/em>\u015b<em>cio\u0142a P\u0142ockiego.<\/em><\/p>\n\n\n\n<p class=\"has-text-align-right\"><strong>\u2020 Bogdan Sikorski<\/strong><\/p>\n\n\n\n<p class=\"has-text-align-right\"><strong>BISKUP P\u0141OCK<\/strong><\/p>\n","protected":false},"excerpt":{"rendered":"<p>BOGDAN MARIAN SIKORSKI ZE ZMI\u0141OWANIA BO\u017bEGO I STOLICY APOSTOLSKIEJ \u0141ASKI BISKUP P\u0141OCKI Dekret erekcji parafii p.w.\u00a0\u015bw. Jana Chrzciciela w P\u0142ocku. Na wieczn\u0105 rzeczy pami\u0105tk\u0119. Nr 400\/73 &nbsp;&nbsp;&nbsp;&nbsp; Powstanie nowych z licznymi mieszka\u0144cami osiedli w P\u0142ocku oraz szeroki zakres potrzeb duszpasterskich i stale pog\u0142\u0119biaj\u0105cy si\u0119&nbsp;nurt&nbsp;\u017cycia religijnego od kilku lat domaga\u0142y si\u0119&nbsp;utworzenia nowego o\u015brodka wsp\u00f3lnoty parafialnej. &nbsp;&nbsp;&nbsp;&nbsp;&nbsp; [&hellip;]<\/p>\n","protected":false},"author":1,"featured_media":0,"parent":0,"menu_order":0,"comment_status":"closed","ping_status":"closed","template":"","meta":{"footnotes":""},"_links":{"self":[{"href":"https:\/\/parafiajanchrzcicielplock.pl\/index.php?rest_route=\/wp\/v2\/pages\/391"}],"collection":[{"href":"https:\/\/parafiajanchrzcicielplock.pl\/index.php?rest_route=\/wp\/v2\/pages"}],"about":[{"href":"https:\/\/parafiajanchrzcicielplock.pl\/index.php?rest_route=\/wp\/v2\/types\/page"}],"author":[{"embeddable":true,"href":"https:\/\/parafiajanchrzcicielplock.pl\/index.php?rest_route=\/wp\/v2\/users\/1"}],"replies":[{"embeddable":true,"href":"https:\/\/parafiajanchrzcicielplock.pl\/index.php?rest_route=%2Fwp%2Fv2%2Fcomments&post=391"}],"version-history":[{"count":1,"href":"https:\/\/parafiajanchrzcicielplock.pl\/index.php?rest_route=\/wp\/v2\/pages\/391\/revisions"}],"predecessor-version":[{"id":392,"href":"https:\/\/parafiajanchrzcicielplock.pl\/index.php?rest_route=\/wp\/v2\/pages\/391\/revisions\/392"}],"wp:attachment":[{"href":"https:\/\/parafiajanchrzcicielplock.pl\/index.php?rest_route=%2Fwp%2Fv2%2Fmedia&parent=391"}],"curies":[{"name":"wp","href":"https:\/\/api.w.org\/{rel}","templated":true}]}}