{"id":364,"date":"2023-09-13T08:32:07","date_gmt":"2023-09-13T06:32:07","guid":{"rendered":"http:\/\/parafiajanchrzcicielplock.pl\/?page_id=364"},"modified":"2023-10-10T13:12:08","modified_gmt":"2023-10-10T11:12:08","slug":"nasz-patron","status":"publish","type":"page","link":"https:\/\/parafiajanchrzcicielplock.pl\/?page_id=364","title":{"rendered":"Nasz Patron"},"content":{"rendered":"<div class=\"wp-block-image is-style-rounded\">\n<figure class=\"aligncenter size-full\"><img loading=\"lazy\" decoding=\"async\" width=\"835\" height=\"853\" src=\"http:\/\/parafiajanchrzcicielplock.pl\/wp-content\/uploads\/2023\/10\/DJI_0508.jpg\" alt=\"\" class=\"wp-image-840\" srcset=\"https:\/\/parafiajanchrzcicielplock.pl\/wp-content\/uploads\/2023\/10\/DJI_0508.jpg 835w, https:\/\/parafiajanchrzcicielplock.pl\/wp-content\/uploads\/2023\/10\/DJI_0508-294x300.jpg 294w, https:\/\/parafiajanchrzcicielplock.pl\/wp-content\/uploads\/2023\/10\/DJI_0508-768x785.jpg 768w\" sizes=\"(max-width: 835px) 100vw, 835px\" \/><figcaption class=\"wp-element-caption\">Obraz \u015bw. Jana Chrzciciela znajduj\u0105cy si\u0119 w o\u0142tarzu g\u0142\u00f3wnym w naszej \u015bwi\u0105tyni<\/figcaption><\/figure><\/div>\n\n\n<p><strong>\u015aw. Jan Chrzciciel.<\/strong>&nbsp;Imi\u0119 Jan jest pochodzenia hebrajskiego i oznacza tyle, co &#8220;B\u00f3g jest \u0142askawy&#8221;. Jan Chrzciciel urodzi\u0142 si\u0119 jako syn kap\u0142ana Zachariasza i El\u017cbiety (\u0141k 1, 5-80). Jego narodzenie z wcze\u015bniej bezp\u0142odnej El\u017cbiety i szczeg\u00f3lne pos\u0142annictwo zwiastowa\u0142 archanio\u0142 Gabriel Zachariaszowi , kiedy on jako kap\u0142an okadza\u0142 o\u0142tarz w \u015bwi\u0105tyni (\u0141k 1, 8-17). Przyszed\u0142 na \u015bwiat sze\u015b\u0107 miesi\u0119cy przed narodzeniem Jezusa (\u0141k 1, 36), prawdopodobnie w Ain Karim le\u017c\u0105cym w Judei, ok. 7 km na zach\u00f3d od Jerozolimy. Wskazuje na to dawna tradycja, o kt\u00f3rej po raz pierwszy wspomina ok. roku 525 niejaki Teodozjusz. Przy obrzezaniu otrzyma\u0142 imi\u0119 Jan, zgodnie z poleceniem anio\u0142a. Z tej okazji Zachariasz wy\u015bpiewa\u0142 kantyk, w kt\u00f3rym s\u0142awi wype\u0142nienie si\u0119 obietnic mesja\u0144skich i wita go jako proroka, kt\u00f3ry przed obliczem Pana b\u0119dzie szed\u0142 i gotowa\u0142 mu drog\u0119 w sercach ludzkich (\u0141k 1, 68-79). Kantyk ten wszed\u0142 na sta\u0142e do liturgii i stanowi istotny element codziennej porannej modlitwy Ko\u015bcio\u0142a &#8211; Jutrzni. Poprzez swoj\u0105 matk\u0119, El\u017cbiet\u0119, Jan by\u0142 krewnym Jezusa (\u0141k 1, 36).<br>\u015aw. \u0141ukasz przekazuje nam w Ewangelii nast\u0119puj\u0105c\u0105 informacj\u0119: &#8220;Dzieci\u0119 ros\u0142o i umacnia\u0142o si\u0119 w duchu i przebywa\u0142o na miejscach pustynnych a\u017c do czasu ukazania si\u0119 swego w Izraelu&#8221; (\u0141k 1, 80). Mo\u017cna to rozumie\u0107 w ten spos\u00f3b, \u017ce po wczesnej \u015bmierci rodzic\u00f3w b\u0119d\u0105cych ju\u017c w wieku podesz\u0142ym, Jan p\u0119dzi\u0142 \u017cywot anachorety, pustelnika, sam lub w towarzystwie innych. Nie jest wykluczone, \u017ce m\u00f3g\u0142 zetkn\u0105\u0107 si\u0119 tak\u017ce z esse\u0144czykami, kt\u00f3rzy w\u00f3wczas mieli nad Morzem Martwym w Qumran swoj\u0105 wsp\u00f3lnot\u0119. Kiedy mia\u0142 ju\u017c lat 30, wolno mu by\u0142o wed\u0142ug prawa wyst\u0119powa\u0107 publicznie i naucza\u0107. Podj\u0105\u0142 to dzie\u0142o nad Jordanem, nad brodem w pobli\u017cu Jerycha. Czasem przenosi\u0142 si\u0119 do innych miejsc, np. Betanii (J 1, 28) i Enon (Ainon) w pobli\u017cu Salim (J 3, 23). Swoje nauczenie rozpocz\u0105\u0142 w pi\u0119tnastym roku panowania cesarza Tyberiusza (\u0141k 3, 1), czyli w 30 r. naszej ery wed\u0142ug chronologii, kt\u00f3r\u0105 si\u0119 zwyk\u0142o podawa\u0107.<\/p>\n\n\n\n<p>Jako herold Mesjasza Jan podkre\u015bla\u0142 z naciskiem, \u017ce nie wystarczy przynale\u017cno\u015b\u0107 do potomstwa Abrahama, ale trzeba czyni\u0107 owoce pokuty, trzeba wewn\u0119trznego przeobra\u017cenia. Na znak skruchy i gotowo\u015bci zmiany \u017cycia udziela\u0142 chrztu pokuty (\u0141k 3, 7-14; Mt 3, 7-10; Mk 1, 8). Garn\u0119\u0142a si\u0119 do niego &#8220;Jerozolima i ca\u0142a Judea, i wszelka kraina wok\u00f3\u0142 Jordanu&#8221; (Mt 3, 5; Mk 1, 5). Zacz\u0119to nawet go pyta\u0107, czy przypadkiem on sam nie jest zapowiadanym Mesjaszem. Jan stanowczo rozwiewa\u0142 w\u0105tpliwo\u015bci twierdz\u0105c, \u017ce &#8220;Ten, kt\u00f3ry idzie za mn\u0105, mocniejszy jest ode mnie: ja nie jestem godzien nosi\u0107 Mu sanda\u0142\u00f3w&#8221; (Mt 3, 11). Na pro\u015bb\u0119 Chrystusa, kt\u00f3ry przyby\u0142 nad Jordan, Jan udzieli\u0142 Mu chrztu. Potem niejeden raz widzia\u0142 Chrystusa nad Jordanem i \u015bwiadczy\u0142 o Nim wobec t\u0142umu: &#8220;Oto Baranek Bo\u017cy, kt\u00f3ry g\u0142adzi grzechy \u015bwiata&#8221; (J 1, 29. 36). Na skutek tego wyznania, przy Chrystusie Panu zjawili si\u0119 dwaj pierwsi uczniowie &#8211; Jan i Andrzej, kt\u00f3rzy dot\u0105d byli uczniami \u015bw. Jana (J 1, 37-40).<\/p>\n\n\n\n<p>Na dzia\u0142alno\u015b\u0107 Jana szybko zwr\u00f3cili uwag\u0119 starsi ludu. Bali si\u0119 jednak jawnie przeciwko niemu wyst\u0119powa\u0107, woleli raczej zaj\u0105\u0107 stanowisko wyczekuj\u0105ce (J 1, 19; Mt 3, 7). Osob\u0105 Jana zainteresowa\u0142 si\u0119 tak\u017ce w\u0142adca Galilei, Herod II Antypas (+ 40), syn Heroda I Wielkiego, kt\u00f3ry nakaza\u0142 wymordowa\u0107 dzieci w Betlejem. Mo\u017cna si\u0119 domy\u015bla\u0107, \u017ce Herod wezwa\u0142 Jana do swojego zamku, Macherontu. Gorzko jednak po\u017ca\u0142owa\u0142 swojej ciekawo\u015bci. Jan bowiem skorzysta\u0142 z tej okazji, aby rzuci\u0107 mu prosto w oczy: &#8220;Nie wolno ci mie\u0107 \u017cony twego brata&#8221; (Mk 6, 18). Rozgniewany kr\u00f3l, z poduszczenia \u017cony brata Filipa, kt\u00f3r\u0105 ku og\u00f3lnemu oburzeniu Herod wzi\u0105\u0142 za w\u0142asn\u0105, oddalaj\u0105c swoj\u0105 \u017con\u0119 prawowit\u0105, nakaza\u0142 Jana aresztowa\u0107. W dniu swoich urodzin wyda\u0142 uczt\u0119, w czasie kt\u00f3rej, pijany, pod przysi\u0119g\u0105 zobowi\u0105za\u0142 si\u0119 da\u0107 c\u00f3rce Herodiady, Salome, wszystko, o cokolwiek za\u017c\u0105da. Ta po naradzeniu si\u0119 z matk\u0105 za\u017c\u0105da\u0142a g\u0142owy Jana. Herod nakaza\u0142 katowi wykona\u0107 wyrok \u015bmierci na Janie i jego g\u0142ow\u0119 przynie\u015b\u0107 na misie dla Salome (Mt 14, 1-12). Jan mia\u0142 wtedy trzydzie\u015bci kilka lat.<\/p>\n\n\n\n<p>Jezus wystawi\u0142 Janowi \u015bwiadectwo, jakiego \u017caden cz\u0142owiek z Jego ust nie otrzyma\u0142: &#8220;Co\u015bcie wyszli ogl\u0105da\u0107 na pustyni? (&#8230;) Proroka zobaczy\u0107? Tak, powiadam wam, nawet wi\u0119cej ni\u017c proroka. On jest tym, o kt\u00f3rym napisano:&nbsp;<em>Oto ja posy\u0142am mego wys\u0142a\u0144ca przed Tob\u0105, aby Ci przygotowa\u0142 drog\u0119.<\/em>&nbsp;Zaprawd\u0119 powiadam wam: Mi\u0119dzy narodzonymi z niewiast nie powsta\u0142 wi\u0119kszy od Jana Chrzciciela&#8221; (Mt 11, 7-11; \u0141k 7, 24-27).<\/p>\n\n\n\n<p>Jan Chrzciciel jako jedyny w\u015br\u00f3d \u015bwi\u0119tych Pa\u0144skich cieszy si\u0119 takim przywilejem, i\u017c obchodzi si\u0119 jako uroczysto\u015b\u0107 dzie\u0144 jego narodzin. U wszystkich innych \u015bwi\u0119tych obchodzimy jako \u015bwi\u0119to dzie\u0144 ich \u015bmierci &#8211; czyli dzie\u0144 ich narodzin dla nieba. Ponadto w kalendarzu liturgicznym znajduje si\u0119 tak\u017ce wspomnienie m\u0119cze\u0144skiej \u015bmierci \u015bw. Jana Chrzciciela, obchodzone 29 sierpnia.<\/p>\n\n\n\n<p>W Janie Chrzcicielu uderza jego \u015bwi\u0119to\u015b\u0107, \u017cycie pe\u0142ne ascezy i pokuty, si\u0142a charakteru, bezkompromisowo\u015b\u0107. By\u0142 pierwszym \u015bwi\u0119tym czczonym w ca\u0142ym Ko\u015bciele. Jemu dedykowana jest bazylika rzymska \u015bw. Jana na Lateranie, b\u0119d\u0105ca katedr\u0105 papie\u017ca. Jan Chrzciciel jest patronem Austrii, Francji, Holandii, Malty, Niemiec, Prowansji, W\u0119gier; Akwitanii, Aragonii; archidiecezji warszawskiej i wroc\u0142awskiej; Amiens, Awinionu, Bonn, Florencji, Frankfurtu nad Menem, Kolonii, Lipska, Lyonu, Neapolu, Norymbergi, Nysy, Wiednia, Wroc\u0142awia; jest patronem wielu zakon\u00f3w, m. in. joannit\u00f3w (Kawaler\u00f3w Malta\u0144skich), mnich\u00f3w, dziewic, pasterzy i stad, kowali, krawc\u00f3w, ku\u015bnierzy, rymarzy; abstynent\u00f3w, niezam\u0119\u017cnych matek, skazanych na \u015bmier\u0107. Jest or\u0119downikiem podczas gradobicia i w epilepsji.<\/p>\n\n\n\n<p><strong>W ikonografii<\/strong>&nbsp;\u015bw. Jan przedstawiany jest jako dziecko, m\u0142odzieniec lub m\u0105\u017c ascetyczny, ubrany w sk\u00f3r\u0119 zwierz\u0119c\u0105 albo p\u0142aszcz z sier\u015bci wielb\u0142\u0105da. Jego atrybutami s\u0105: Baranek Bo\u017cy, baranek na ramieniu, na ksi\u0119dze lub u st\u00f3p, baranek z kielichem, ch\u0142opiec bawi\u0105cy si\u0119 z barankiem, g\u0142owa na misie, krzy\u017c. W tradycji wschodniej, zw\u0142aszcza w ikonach, ukazywany jest jako zwiastun ze skrzyd\u0142ami.<\/p>\n\n\n\n<p>&nbsp;\u017ar\u00f3d\u0142o:&nbsp;<a href=\"http:\/\/brewiarz.pl\/czytelnia\/swieci\/06-24.php3\">http:\/\/brewiarz.pl\/czytelnia\/swieci\/06-24.php3<\/a><\/p>\n","protected":false},"excerpt":{"rendered":"<p>\u015aw. Jan Chrzciciel.&nbsp;Imi\u0119 Jan jest pochodzenia hebrajskiego i oznacza tyle, co &#8220;B\u00f3g jest \u0142askawy&#8221;. Jan Chrzciciel urodzi\u0142 si\u0119 jako syn kap\u0142ana Zachariasza i El\u017cbiety (\u0141k 1, 5-80). Jego narodzenie z wcze\u015bniej bezp\u0142odnej El\u017cbiety i szczeg\u00f3lne pos\u0142annictwo zwiastowa\u0142 archanio\u0142 Gabriel Zachariaszowi , kiedy on jako kap\u0142an okadza\u0142 o\u0142tarz w \u015bwi\u0105tyni (\u0141k 1, 8-17). Przyszed\u0142 na \u015bwiat [&hellip;]<\/p>\n","protected":false},"author":1,"featured_media":0,"parent":0,"menu_order":0,"comment_status":"closed","ping_status":"closed","template":"","meta":{"footnotes":""},"_links":{"self":[{"href":"https:\/\/parafiajanchrzcicielplock.pl\/index.php?rest_route=\/wp\/v2\/pages\/364"}],"collection":[{"href":"https:\/\/parafiajanchrzcicielplock.pl\/index.php?rest_route=\/wp\/v2\/pages"}],"about":[{"href":"https:\/\/parafiajanchrzcicielplock.pl\/index.php?rest_route=\/wp\/v2\/types\/page"}],"author":[{"embeddable":true,"href":"https:\/\/parafiajanchrzcicielplock.pl\/index.php?rest_route=\/wp\/v2\/users\/1"}],"replies":[{"embeddable":true,"href":"https:\/\/parafiajanchrzcicielplock.pl\/index.php?rest_route=%2Fwp%2Fv2%2Fcomments&post=364"}],"version-history":[{"count":6,"href":"https:\/\/parafiajanchrzcicielplock.pl\/index.php?rest_route=\/wp\/v2\/pages\/364\/revisions"}],"predecessor-version":[{"id":846,"href":"https:\/\/parafiajanchrzcicielplock.pl\/index.php?rest_route=\/wp\/v2\/pages\/364\/revisions\/846"}],"wp:attachment":[{"href":"https:\/\/parafiajanchrzcicielplock.pl\/index.php?rest_route=%2Fwp%2Fv2%2Fmedia&parent=364"}],"curies":[{"name":"wp","href":"https:\/\/api.w.org\/{rel}","templated":true}]}}