{"id":285,"date":"2023-09-08T13:23:26","date_gmt":"2023-09-08T11:23:26","guid":{"rendered":"http:\/\/parafiajanchrzcicielplock.pl\/?page_id=285"},"modified":"2023-10-26T09:19:46","modified_gmt":"2023-10-26T07:19:46","slug":"kontakt","status":"publish","type":"page","link":"https:\/\/parafiajanchrzcicielplock.pl\/?page_id=285","title":{"rendered":"Kontakt"},"content":{"rendered":"\n<p><strong>Parafia Rzymskokatolicka pw. \u015bw. Jana Chrzciciela w P\u0142ocku<\/strong><\/p>\n\n\n\n<p>Adres:&nbsp;P\u0142ock, ul.&nbsp;Antoniego Juliana Nowowiejskiego 2,<\/p>\n\n\n\n<p class=\"has-medium-font-size\">Telefon:&nbsp;<strong>+48 501 287 429<\/strong> <\/p>\n\n\n\n<p>(w przypadku, gdy numer nie odpowiada prosz\u0119 wys\u0142a\u0107 SMS &#8211; na pewno oddzwonimy)<\/p>\n\n\n\n<p>e-mail:&nbsp;<a href=\"mailto:tomasz.brzezinski@diecezjaplocka.pl\">tomasz.brzezinski@diecezjaplocka.pl<\/a><\/p>\n\n\n\n<hr class=\"wp-block-separator has-alpha-channel-opacity\"\/>\n\n\n\n<p>Ofiary na rzecz naszego Ko\u015bcio\u0142a Parafialnego mo\u017cna przekazywa\u0107 na konto:<\/p>\n\n\n\n<p><strong>SANTANDER BANK POLSKA S.A<\/strong>.<\/p>\n\n\n\n<p><strong>Nr&nbsp; konta bankowego<\/strong>:&nbsp;&nbsp;23 1500 1618 1216 1000 7044 0000<\/p>\n\n\n\n<p><strong>Rzymskokatolicka Parafia \u015bw. Jana Chrzciciela w P\u0142ocku,<\/strong><\/p>\n\n\n\n<p><strong>ul. Antoniego Juliana Nowowiejskiego 2,<\/strong><\/p>\n\n\n\n<p>Z dopiskiem: ofiara na cele kultu religijnego<\/p>\n\n\n\n<hr class=\"wp-block-separator has-alpha-channel-opacity\"\/>\n\n\n\n<p><strong>Nasza lokalizacja:<\/strong><\/p>\n\n\n\n<iframe src=\"https:\/\/www.google.com\/maps\/embed?pb=!1m18!1m12!1m3!1d2426.181001770154!2d19.682685576682875!3d52.54825077206855!2m3!1f0!2f0!3f0!3m2!1i1024!2i768!4f13.1!3m3!1m2!1s0x471c709a7c108229%3A0xffd33a83cfad71ce!2sKo%C5%9Bci%C3%B3%C5%82%20Rzymskokatolicki%20%C5%9Aw.%20Jana%20Chrzciciela!5e0!3m2!1spl!2spl!4v1694412174718!5m2!1spl!2spl\" width=\"600\" height=\"450\" style=\"border:0;\" allowfullscreen=\"\" loading=\"lazy\" referrerpolicy=\"no-referrer-when-downgrade\"><\/iframe>\n\n\n\n<p><a href=\"http:\/\/parafiajanchrzcicielplock.pl\/?page_id=283\" data-type=\"link\" data-id=\"http:\/\/parafiajanchrzcicielplock.pl\/?page_id=283\">Sprawd\u017a czy jeste\u015b naszym parafianinem oracz w jakich godzinach otwarta jest kancelaria parafialna \u2b05\ufe0f<\/a><\/p>\n","protected":false},"excerpt":{"rendered":"<p>Parafia Rzymskokatolicka pw. \u015bw. Jana Chrzciciela w P\u0142ocku Adres:&nbsp;P\u0142ock, ul.&nbsp;Antoniego Juliana Nowowiejskiego 2, Telefon:&nbsp;+48 501 287 429 (w przypadku, gdy numer nie odpowiada prosz\u0119 wys\u0142a\u0107 SMS &#8211; na pewno oddzwonimy) e-mail:&nbsp;tomasz.brzezinski@diecezjaplocka.pl Ofiary na rzecz naszego Ko\u015bcio\u0142a Parafialnego mo\u017cna przekazywa\u0107 na konto: SANTANDER BANK POLSKA S.A. Nr&nbsp; konta bankowego:&nbsp;&nbsp;23 1500 1618 1216 1000 7044 0000 Rzymskokatolicka [&hellip;]<\/p>\n","protected":false},"author":1,"featured_media":0,"parent":0,"menu_order":0,"comment_status":"closed","ping_status":"closed","template":"","meta":{"footnotes":""},"_links":{"self":[{"href":"https:\/\/parafiajanchrzcicielplock.pl\/index.php?rest_route=\/wp\/v2\/pages\/285"}],"collection":[{"href":"https:\/\/parafiajanchrzcicielplock.pl\/index.php?rest_route=\/wp\/v2\/pages"}],"about":[{"href":"https:\/\/parafiajanchrzcicielplock.pl\/index.php?rest_route=\/wp\/v2\/types\/page"}],"author":[{"embeddable":true,"href":"https:\/\/parafiajanchrzcicielplock.pl\/index.php?rest_route=\/wp\/v2\/users\/1"}],"replies":[{"embeddable":true,"href":"https:\/\/parafiajanchrzcicielplock.pl\/index.php?rest_route=%2Fwp%2Fv2%2Fcomments&post=285"}],"version-history":[{"count":9,"href":"https:\/\/parafiajanchrzcicielplock.pl\/index.php?rest_route=\/wp\/v2\/pages\/285\/revisions"}],"predecessor-version":[{"id":940,"href":"https:\/\/parafiajanchrzcicielplock.pl\/index.php?rest_route=\/wp\/v2\/pages\/285\/revisions\/940"}],"wp:attachment":[{"href":"https:\/\/parafiajanchrzcicielplock.pl\/index.php?rest_route=%2Fwp%2Fv2%2Fmedia&parent=285"}],"curies":[{"name":"wp","href":"https:\/\/api.w.org\/{rel}","templated":true}]}}