{"id":283,"date":"2023-09-08T13:23:14","date_gmt":"2023-09-08T11:23:14","guid":{"rendered":"http:\/\/parafiajanchrzcicielplock.pl\/?page_id=283"},"modified":"2025-08-25T15:50:40","modified_gmt":"2025-08-25T13:50:40","slug":"kancelaria-parafialna","status":"publish","type":"page","link":"https:\/\/parafiajanchrzcicielplock.pl\/?page_id=283","title":{"rendered":"Kancelaria Parafialna"},"content":{"rendered":"\n<p class=\"has-text-align-center has-medium-font-size\">Kancelaria Parafialna znajduje si\u0119 w budynku plebanii z ty\u0142u ko\u015bcio\u0142a &#8211; wej\u015bcie furtk\u0105 przy al. Spacerowej. <\/p>\n\n\n<div class=\"wp-block-image\">\n<figure class=\"aligncenter size-large\"><img loading=\"lazy\" decoding=\"async\" width=\"1024\" height=\"681\" src=\"http:\/\/parafiajanchrzcicielplock.pl\/wp-content\/uploads\/2023\/09\/IMG_2958-1024x681.jpeg\" alt=\"\" class=\"wp-image-467\" srcset=\"https:\/\/parafiajanchrzcicielplock.pl\/wp-content\/uploads\/2023\/09\/IMG_2958-1024x681.jpeg 1024w, https:\/\/parafiajanchrzcicielplock.pl\/wp-content\/uploads\/2023\/09\/IMG_2958-300x200.jpeg 300w, https:\/\/parafiajanchrzcicielplock.pl\/wp-content\/uploads\/2023\/09\/IMG_2958-768x511.jpeg 768w, https:\/\/parafiajanchrzcicielplock.pl\/wp-content\/uploads\/2023\/09\/IMG_2958-1536x1021.jpeg 1536w, https:\/\/parafiajanchrzcicielplock.pl\/wp-content\/uploads\/2023\/09\/IMG_2958-2048x1362.jpeg 2048w\" sizes=\"(max-width: 1024px) 100vw, 1024px\" \/><\/figure><\/div>\n\n\n<p class=\"has-medium-font-size\"><strong>Godziny pracy kancelarii znajduj\u0105 si\u0119 na dole tej strony <\/strong>\u2b07\ufe0f\u2b07\ufe0f\u2b07\ufe0f\u2b07\ufe0f<\/p>\n\n\n\n<hr class=\"wp-block-separator has-alpha-channel-opacity\"\/>\n\n\n\n<p class=\"has-medium-font-size\"><strong>Czy jeste\u015b naszym parafianinem?<\/strong><\/p>\n\n\n\n<p>Wedle prawa ko\u015bcielnego parafianinem danej wsp\u00f3lnoty staje si\u0119 ka\u017cdy kto <strong>ZAMIESZKUJE<\/strong> na terenie parafii przynajmniej 3 miesi\u0105ce (wtedy staje si\u0119 parafianinem &#8220;tymczasowo&#8221;), a <strong>powy\u017cej 6-ciu miesi\u0119cy<\/strong> staje si\u0119 parafianinem na sta\u0142e. Zauwa\u017cmy, \u017ce <strong>nie chodzi tu o zameldowanie, pochodzenie, sentyment itp. ale o stan faktycznego zamieszkiwania<\/strong> na terenie parafii. <\/p>\n\n\n\n<p>Z tego wzgl\u0119du bardzo gor\u0105co zach\u0119camy, aby wierni&nbsp;<strong>po przeprowadzce na teren naszej parafii zg\u0142osili si\u0119 do kancelarii parafialnej<\/strong>&nbsp;i poinformowali ksi\u0119dza, \u017ce od tego czasu b\u0119d\u0105 mieszka\u0107 na jej terenie. B\u0119dzie nam bardzo mi\u0142o si\u0119 z Wami pozna\u0107 i powita\u0107 w naszej wsp\u00f3lnocie \ud83d\ude0a <\/p>\n\n\n\n<p>Nasza parafia obejmuje nastepuj\u0105ce terytorium: Krzywoustego 2; D\u0105br\u00f3wki 1, 2, 3, 4; Hermana 1, 2, 3, 4, 6; Kobyli\u0144skiego 8, 14; \u0141ukasiewicza 12, 18, 20; Mieszka I 1, 2, 4; Piasta Ko\u0142odzieja 1, 3, 5; Tysi\u0105clecia 7, 7\/1, 9, 9\/1; Ostania (wszystkie numery); Bielska 51, 51a, 51b, 51c, 51\/3; adresy z ul. Bielskiej znajduj\u0105ce si\u0119 pomi\u0119dzy ul. Sienkiewicza i al. Kobyli\u0144skiego po stronie ulicy bli\u017cszej ko\u015bcio\u0142a; adresy na odcinku ul. Sienkiewicza pomi\u0119dzy ul. Ostatni\u0105 i Bielsk\u0105. <br>Kr\u00f3cej &#8211; obw\u00f3d parafii tworz\u0105 ulice: Nowowiejskiego &#8211; Sienkiewicza &#8211; Bielska &#8211; Kobyli\u0144skiego &#8211; \u0141ukasiewicza &#8211; Nowowiejskiego. Parafia znajduje si\u0119 w \u015brodku obwodu wytyczonego przez o\u015b tych ulic. <\/p>\n\n\n\n<p><strong>Wszystkich bez wyj\u0105tku zapraszamy do uczestnictwa w Liturgii, nabo\u017ce\u0144stwach i ca\u0142ym duszpasterstwie sprawowanym w naszej parafii. <\/strong>W sprawach dotycz\u0105cych wedle prawa kanonicznego zgody w\u0142asnego proboszcza, jeste\u015bmy zobowi\u0105zani poleci\u0107 by uda\u0107 si\u0119 do w\u0142asnej parafii w tej sprawie b\u0105d\u017a po pisemn\u0105 zgod\u0119 zezwalaj\u0105c\u0105 nam zaj\u0105\u0107 si\u0119 dan\u0105 kwesti\u0105.<\/p>\n\n\n\n<hr class=\"wp-block-separator has-alpha-channel-opacity\"\/>\n\n\n\n<p class=\"has-medium-font-size\"><strong>Godziny pracy kancelarii:<\/strong><\/p>\n\n\n\n<ul>\n<li>Poniedzia\u0142ek &#8211; Pi\u0105tek w godzinach: 17:00 &#8211; 17:40 oraz po um\u00f3wieniu si\u0119 telefoncznie<\/li>\n\n\n\n<li>Soboty w godzinach: 8:00 &#8211; 9:00<\/li>\n\n\n\n<li>Podczas kol\u0119dy (od Bo\u017cego Narodzenia do 2 lutego) w dni powszednie w godzinach: 7:50 &#8211; 8:30<\/li>\n\n\n\n<li>Kancelaria jest nieczynna w najwi\u0119ksze uroczysto\u015bci Pa\u0144stwowe i Ko\u015bcielne. <\/li>\n\n\n\n<li>W sprawach bardzo pilnych warto kontaktowa\u0107 z ksi\u0119\u017cmi bezpo\u015brednio po zako\u0144czeniu Mszy \u015awi\u0119tej w zakrystii.<\/li>\n<\/ul>\n\n\n\n<p class=\"has-medium-font-size\">Zapraszamy r\u00f3wnie\u017c do kontaktu telefonicznego: \u202d<strong>501 287 429<\/strong>\u202c (je\u015bli numer nie odpowiada prosz\u0119 wys\u0142a\u0107 SMS &#8211; na pewno oddzwonimy).<\/p>\n\n\n\n<hr class=\"wp-block-separator has-alpha-channel-opacity\"\/>\n\n\n\n<ul>\n<li>W 1-sze pi\u0105tki miesi\u0105ca z racji na wizyt\u0119 u os\u00f3b chorych oraz w pi\u0105tki Wielkiego Postu z racji na nabo\u017ce\u0144stwo Drogi Krzy\u017cowej kancelaria mo\u017ce by\u0107 zamkni\u0119ta<\/li>\n\n\n\n<li>W pa\u017adzierniku prosimy o szczeg\u00f3ln\u0105 wyrozumia\u0142o\u015b\u0107 z racji na nabo\u017ce\u0144stwa r\u00f3\u017ca\u0144cowe z udzia\u0142em dzieci. Kancelaria mo\u017ce by\u0107 wtedy nieczynna \u2013 w sprawie pilnej prosz\u0119 uda\u0107 si\u0119 w powy\u017cszych godzinach do ko\u015bcio\u0142a b\u0105d\u017a wcze\u015bniej um\u00f3wi\u0107 telefonicznie na inn\u0105 godzin\u0119.<\/li>\n\n\n\n<li>w czasie Rekolekcji Adwentowych i Wielkopostnych prosimy o zg\u0142aszanie jedynie spraw pilnych.<\/li>\n\n\n\n<li><strong>Intencje mszalne mo\u017cna zamawia\u0107 zawsze bezpo\u015brednio po Mszy \u015awi\u0119tej w zakrystii.<\/strong><\/li>\n<\/ul>\n\n\n\n<p>W razie jakichkolwiek w\u0105tpliwo\u015bci co do otwarcia kancelarii parafialnej warto po prostu wcze\u015bniej zadzwoni\u0107. <br>W wyj\u0105tkowych i nieprzewidywalnych sytuacjach, gdy musimy zamkn\u0105\u0107 kancelari\u0119 zawsze na drzwiach b\u0119dzie widnia\u0142a odpowiednia informacja.<\/p>\n","protected":false},"excerpt":{"rendered":"<p>Kancelaria Parafialna znajduje si\u0119 w budynku plebanii z ty\u0142u ko\u015bcio\u0142a &#8211; wej\u015bcie furtk\u0105 przy al. Spacerowej. Godziny pracy kancelarii znajduj\u0105 si\u0119 na dole tej strony \u2b07\ufe0f\u2b07\ufe0f\u2b07\ufe0f\u2b07\ufe0f Czy jeste\u015b naszym parafianinem? Wedle prawa ko\u015bcielnego parafianinem danej wsp\u00f3lnoty staje si\u0119 ka\u017cdy kto ZAMIESZKUJE na terenie parafii przynajmniej 3 miesi\u0105ce (wtedy staje si\u0119 parafianinem &#8220;tymczasowo&#8221;), a powy\u017cej 6-ciu [&hellip;]<\/p>\n","protected":false},"author":2,"featured_media":0,"parent":0,"menu_order":0,"comment_status":"closed","ping_status":"closed","template":"","meta":{"footnotes":""},"_links":{"self":[{"href":"https:\/\/parafiajanchrzcicielplock.pl\/index.php?rest_route=\/wp\/v2\/pages\/283"}],"collection":[{"href":"https:\/\/parafiajanchrzcicielplock.pl\/index.php?rest_route=\/wp\/v2\/pages"}],"about":[{"href":"https:\/\/parafiajanchrzcicielplock.pl\/index.php?rest_route=\/wp\/v2\/types\/page"}],"author":[{"embeddable":true,"href":"https:\/\/parafiajanchrzcicielplock.pl\/index.php?rest_route=\/wp\/v2\/users\/2"}],"replies":[{"embeddable":true,"href":"https:\/\/parafiajanchrzcicielplock.pl\/index.php?rest_route=%2Fwp%2Fv2%2Fcomments&post=283"}],"version-history":[{"count":34,"href":"https:\/\/parafiajanchrzcicielplock.pl\/index.php?rest_route=\/wp\/v2\/pages\/283\/revisions"}],"predecessor-version":[{"id":2009,"href":"https:\/\/parafiajanchrzcicielplock.pl\/index.php?rest_route=\/wp\/v2\/pages\/283\/revisions\/2009"}],"wp:attachment":[{"href":"https:\/\/parafiajanchrzcicielplock.pl\/index.php?rest_route=%2Fwp%2Fv2%2Fmedia&parent=283"}],"curies":[{"name":"wp","href":"https:\/\/api.w.org\/{rel}","templated":true}]}}