{"id":281,"date":"2023-09-08T13:22:59","date_gmt":"2023-09-08T11:22:59","guid":{"rendered":"http:\/\/parafiajanchrzcicielplock.pl\/?page_id=281"},"modified":"2023-10-10T13:07:21","modified_gmt":"2023-10-10T11:07:21","slug":"historia-parafii","status":"publish","type":"page","link":"https:\/\/parafiajanchrzcicielplock.pl\/?page_id=281","title":{"rendered":"Historia parafii i ko\u015bcio\u0142a"},"content":{"rendered":"\n<p>&nbsp;<strong>Parafia \u015bw. Jana Chrzciciela w P\u0142ocku<\/strong><strong>,<\/strong>&nbsp;zosta\u0142a erygowana&nbsp;1 marca 1973 roku&nbsp;przez bp. P\u0142ockiego Bogdana Sikorskiego<strong>.<\/strong><\/p>\n\n\n\n<p>W dekrecie erekcji&nbsp;<strong>parafii pw. \u015bw. Jana Chrzciciela<\/strong>&nbsp;mo\u017cemy przeczyta\u0107 pi\u0119kne \u017cyczenia-b\u0142agaln\u0105 modlitw\u0119 \u00f3wczesnego bp. P\u0142ockiego Bogdana Sikorskiego:<\/p>\n\n\n\n<p>&#8220;B\u0142agam Najwy\u017cszego Pana przez przyczyn\u0119 Matki Boskiej Niepokalanej i&nbsp;<strong>\u015bw. Jana Chrzciciela<\/strong>, aby nowo erygowana rodzina parafialna sta\u0142a si\u0119 dla swoich wiernych \u201e\u017ar\u00f3d\u0142em \u017cycia i \u015bwi\u0119to\u015bci\u201d, promieniowa\u0142a odnow\u0105 \u017cycia religijnego, gorliwo\u015bci\u0105 i \u017cyw\u0105 wiar\u0105. Z t\u0105 b\u0142agaln\u0105 modlitw\u0105 \u0142\u0105cz\u0119 moje b\u0142ogos\u0142awie\u0144stwo Biskupie\u201d<\/p>\n\n\n\n<p>Obok daty&nbsp;<strong>1 marca 1973 r.<\/strong>&nbsp;&#8211;&nbsp; nale\u017cy wspomnie\u0107 r\u00f3wnie\u017c&nbsp;<strong>7 czerwca 1991 roku<\/strong>, kiedy Ojciec \u015awi\u0119ty Jan Pawe\u0142 II. zatrzyma\u0142 si\u0119 przed ko\u015bcio\u0142em przy pomniku Abp. Juliana Antoniego Nowowiejskiego. B\u0142ogos\u0142awie\u0144stwo,&nbsp;kt\u00f3rego w\u00f3wczas udzieli\u0142 oraz sam fakt obecno\u015bci tak wspania\u0142ego Go\u015bcia, na trwa\u0142e wpisa\u0142y si\u0119 w dzieje \u015bwi\u0119toja\u0144skiej p\u0142ockiej parafii.<\/p>\n\n\n\n<p><strong>Historia ko\u015bcio\u0142a pw. \u015bw. Jana Chrzciciela w P\u0142ocku<\/strong><\/p>\n\n\n\n<p><strong>Ko\u015bci\u00f3\u0142 pw. \u015bw. Jana Chrzciciela w P\u0142ocku<\/strong>&nbsp;wybudowano w latach 1758-1771 dla Zgromadzenia Ojc\u00f3w Reformat\u00f3w (Franciszkan\u00f3w) wprowadzonych&nbsp;w 1755 r.&nbsp;do P\u0142ocka staraniem biskupa sufragana w\u0142oc\u0142awskiego Franciszka Kanigowskiego. 24 czerwca 1755 r. w uroczysto\u015b\u0107&nbsp;<strong>\u015bw. Jana Chrzciciela<\/strong>, odby\u0142a si\u0119 ceremonia wystawienia i po\u015bwi\u0119cenia krzy\u017ca na placu przysz\u0142ej budowy ko\u015bcio\u0142a i klasztoru. Na pocz\u0105tku przyst\u0105piono do budowy drewnianego ko\u015bcio\u0142a, kt\u00f3ry zosta\u0142 po\u015bwi\u0119cony 1 stycznia 1756 r. W dwa lata p\u00f3\u017aniej, 24 czerwca 1758 r., po\u0142o\u017cono kamie\u0144 w\u0119gielny pod budow\u0119 murowanej \u015bwi\u0105tyni. Konsekrowa\u0142 j\u0105 bp W. Gadomski 14. czerwiec 1789 r.<\/p>\n\n\n\n<p><strong>Ko\u015bci\u00f3\u0142 poreformacki \u015bw. Jana Chrzciciela w P\u0142ocku<\/strong>&nbsp;zosta\u0142 zbudowany w stylu&nbsp;<a href=\"https:\/\/pl.wikipedia.org\/wiki\/Barok\">p\u00f3\u017anobarokowym<\/a>&nbsp;w latach&nbsp;<a href=\"https:\/\/pl.wikipedia.org\/wiki\/1758\">1758<\/a>&#8211;<a href=\"https:\/\/pl.wikipedia.org\/wiki\/1771\">1771<\/a>. Ojcowie reformaci wznie\u015bli jednonawow\u0105 \u015bwi\u0105tynie w stylu p\u00f3\u017anego baroku. Wewn\u0105trz cz\u0119\u015bciowo zachowa\u0142o si\u0119 pierwotne wyposa\u017cenie, z bogat\u0105 dekoracj\u0105 snycersk\u0105, m.in. o\u0142tarze, konfesjona\u0142y i ambona, pochodz\u0105ca z lat 70-tych XVIII wieku.<\/p>\n\n\n\n<p><strong><a href=\"https:\/\/pl.wikipedia.org\/wiki\/Ko%C5%9Bci%C3%B3%C5%82_%28budynek%29\">Ko\u015bci\u00f3\u0142<\/a>&nbsp;\u015bw. Jana Chrzciciela w P\u0142ocku<\/strong>&nbsp;powsta\u0142 na placu, kt\u00f3ry zosta\u0142 podarowany zakonnikom przez miecznikow\u0105 zakroczymsk\u0105&nbsp;<a href=\"https:\/\/pl.wikipedia.org\/w\/index.php?title=Marianna_Lasocka&amp;action=edit&amp;redlink=1\">Mariann\u0119 Lasock\u0105<\/a>. Ojcowie reformaci przez wiele lat opiekowali si\u0119 \u015bwi\u0105tyni\u0105, w jej pobli\u017cu zbudowali klasztor, kt\u00f3rego budowa trwa\u0142a dziesi\u0119\u0107 lat (<a href=\"https:\/\/pl.wikipedia.org\/wiki\/1773\">1773<\/a>&#8211;<a href=\"https:\/\/pl.wikipedia.org\/wiki\/1783\">1783<\/a>). Przebywali w nim do 15 listopada 1864 roku do momentu kasacji&nbsp;<a href=\"https:\/\/pl.wikipedia.org\/wiki\/Zakon\">zakonu<\/a>, kiedy to zostali wywiezieni z P\u0142ocka.<br>W 1867 roku do pomieszcze\u0144 klasztornych zosta\u0142o przeniesione&nbsp;<strong>Seminarium Duchowne<\/strong>.&nbsp;<strong>Ko\u015bci\u00f3\u0142 poreformacki pw. \u015bw. Jana Chrzciciela<\/strong>&nbsp;zaczyna pe\u0142ni\u0107 funkcje tzw. ko\u015bcio\u0142a rektorskiego. W latach 1867-1973 tj. do czasu powo\u0142ania samodzielnej parafii zarz\u0105dza\u0142 nim jeden z profesor\u00f3w seminarium.<\/p>\n\n\n\n<p>W czasie II wojny \u015bwiatowej (od 1941 r.)<strong>&nbsp;ko\u015bci\u00f3\u0142 \u015bw. Jana Chrzciciela<\/strong>&nbsp;i&nbsp;<strong>Seminarium Duchowne<\/strong>&nbsp;zaj\u0119\u0142y oddzia\u0142y niemieckie, urz\u0105dzaj\u0105c w nich magazyny. Znaczna cz\u0119\u015b\u0107 wyposa\u017cenia \u015bwi\u0105tyni uleg\u0142a powa\u017cnym zniszczeniom.<\/p>\n\n\n\n<p>W 1964 r. powsta\u0142 przy&nbsp;<strong>ko\u015bciele \u015bw. Jana Chrzciciela w P\u0142ocku<\/strong>&nbsp;samodzielny o\u015brodek duszpasterski b\u0119d\u0105cy ko\u015bcio\u0142em rektorskim w parafii \u015bw. Bart\u0142omieja.<\/p>\n\n\n\n<p><strong>Historia parafii \u015bw. Jana Chrzciciela w P\u0142ocku<\/strong><\/p>\n\n\n\n<p><strong>1 marca 1973 r.<\/strong>&nbsp;bp Bogdan Sikorski erygowa\u0142&nbsp;<strong>parafi\u0119 \u015bw. Jana Chrzciciela&nbsp;<\/strong><strong>w P\u0142ocku<\/strong>, wydzielaj\u0105c jej teren z parafii \u015bw. Bart\u0142omieja.&nbsp;<strong>Od 1973 roku \u015bwi\u0105tynia pe\u0142ni rol\u0119 ko\u015bcio\u0142a parafialnego.<\/strong>&nbsp;<strong>Parafia \u015bw. Jana Chrzciciela w P\u0142ocku<\/strong>&nbsp;funkcjonowa\u0142a coraz bardziej dynamicznie, zacz\u0119\u0142o przybywa\u0107 parafian z rozbudowanego coraz bardziej osiedla Tysi\u0105clecia i \u201eWielkiej P\u0142yty\u201d. W 1980 r. zosta\u0142 po\u015bwi\u0119cony nowy dom parafialny. Terytorium Parafii w\u00f3wczas rozci\u0105ga\u0142a si\u0119 od ul. Abp. Nowowiejskiego a\u017c po ulice Gwardii Ludowej i Batalion\u00f3w Ch\u0142opskich. Oddanie do u\u017cytku plebani wraz ze znajduj\u0105cymi si\u0119 w niej salkami katechetycznymi bardzo u\u0142atwi\u0142o duszpasterzom parafii spe\u0142nienie ich pos\u0142ugi. Dom parafialny sta\u0142 si\u0119 odt\u0105d dla&nbsp;<strong>parafii \u015bw. Jana Chrzciciela w P\u0142ocku&nbsp;<\/strong>&#8211; centrum duszpasterskim.<\/p>\n\n\n\n<p>Punktem zwrotnym w historii \u015bwi\u0119toja\u0144skiej parafii by\u0142 dzie\u0144 23 kwietnia 1981r., kiedy to biskup p\u0142ocki Bogdana Sikorski erygowa\u0142 now\u0105 parafi\u0119 b\u0142. Jadwigi Kr\u00f3lowej Polski. Tym samym nasza\u00a0<strong>\u015bwi\u0119toja\u0144ska parafia<\/strong>\u00a0zosta\u0142a liczebnie zmniejszona o cz\u0119\u015b\u0107 mieszka\u0144c\u00f3w zamieszka\u0142ych na osiedlu \u201eWielkiej P\u0142yty.\u201d<strong>\u00a0Pierwszym proboszczem w latach 1971-1985 w\u00a0 parafii\u00a0 \u015bw. Jana by\u0142 ks. kan. Tadeusz Kr\u00f3l.<\/strong>\u00a0Kolejnym proboszczem parafii\u00a0w latach:\u00a0<strong>1985-1988 by\u0142 ks. kan Tadeusz Durszlewicz<\/strong>. Nast\u0119pnie\u00a0<strong>w latach 1988-1996\u00a0stanowisko proboszcza obj\u0105\u0142 ks.pra\u0142. Stanis\u0142aw Kutniewski.<\/strong>\u00a0<strong>W latach 1996-2023 proboszczem by\u0142 ks. kan. Antoni Ko\u0142odziejski.<\/strong>\u00a0Od <strong>1 lipca 2023r. urz\u0105d proboszcza sprawuje ks. kan. dr Tomasz Brzezi\u0144ski.<\/strong> <\/p>\n\n\n\n<p>Pod wzgl\u0119dem liczebnym&nbsp;<strong>parafia \u015bw. Jana Chrzciciela<\/strong>&nbsp;wykazuje tendencje spadkowe od ok. 20 tys. parafian przed 1981r (przed powstaniem par. pw. \u015bw. Jadwigi Kr\u00f3lowej). do nieca\u0142ych 5 tys. w roku 2023.&nbsp;<\/p>\n","protected":false},"excerpt":{"rendered":"<p>&nbsp;Parafia \u015bw. Jana Chrzciciela w P\u0142ocku,&nbsp;zosta\u0142a erygowana&nbsp;1 marca 1973 roku&nbsp;przez bp. P\u0142ockiego Bogdana Sikorskiego. W dekrecie erekcji&nbsp;parafii pw. \u015bw. Jana Chrzciciela&nbsp;mo\u017cemy przeczyta\u0107 pi\u0119kne \u017cyczenia-b\u0142agaln\u0105 modlitw\u0119 \u00f3wczesnego bp. P\u0142ockiego Bogdana Sikorskiego: &#8220;B\u0142agam Najwy\u017cszego Pana przez przyczyn\u0119 Matki Boskiej Niepokalanej i&nbsp;\u015bw. Jana Chrzciciela, aby nowo erygowana rodzina parafialna sta\u0142a si\u0119 dla swoich wiernych \u201e\u017ar\u00f3d\u0142em \u017cycia i \u015bwi\u0119to\u015bci\u201d, [&hellip;]<\/p>\n","protected":false},"author":2,"featured_media":0,"parent":0,"menu_order":0,"comment_status":"closed","ping_status":"closed","template":"","meta":{"footnotes":""},"_links":{"self":[{"href":"https:\/\/parafiajanchrzcicielplock.pl\/index.php?rest_route=\/wp\/v2\/pages\/281"}],"collection":[{"href":"https:\/\/parafiajanchrzcicielplock.pl\/index.php?rest_route=\/wp\/v2\/pages"}],"about":[{"href":"https:\/\/parafiajanchrzcicielplock.pl\/index.php?rest_route=\/wp\/v2\/types\/page"}],"author":[{"embeddable":true,"href":"https:\/\/parafiajanchrzcicielplock.pl\/index.php?rest_route=\/wp\/v2\/users\/2"}],"replies":[{"embeddable":true,"href":"https:\/\/parafiajanchrzcicielplock.pl\/index.php?rest_route=%2Fwp%2Fv2%2Fcomments&post=281"}],"version-history":[{"count":4,"href":"https:\/\/parafiajanchrzcicielplock.pl\/index.php?rest_route=\/wp\/v2\/pages\/281\/revisions"}],"predecessor-version":[{"id":838,"href":"https:\/\/parafiajanchrzcicielplock.pl\/index.php?rest_route=\/wp\/v2\/pages\/281\/revisions\/838"}],"wp:attachment":[{"href":"https:\/\/parafiajanchrzcicielplock.pl\/index.php?rest_route=%2Fwp%2Fv2%2Fmedia&parent=281"}],"curies":[{"name":"wp","href":"https:\/\/api.w.org\/{rel}","templated":true}]}}