{"id":273,"date":"2023-09-08T13:21:40","date_gmt":"2023-09-08T11:21:40","guid":{"rendered":"http:\/\/parafiajanchrzcicielplock.pl\/?page_id=273"},"modified":"2023-09-19T16:07:29","modified_gmt":"2023-09-19T14:07:29","slug":"kaplanstwo","status":"publish","type":"page","link":"https:\/\/parafiajanchrzcicielplock.pl\/?page_id=273","title":{"rendered":"Kap\u0142a\u0144stwo"},"content":{"rendered":"\n<p>Na terenie nasze parafii (nawet pod tym samym adresem &#8211; Abp. Nowowiejskiego 2) znajduje si\u0119 Wy\u017csze Seminarium Duchowne w P\u0142ocku. Klerycy i Profesorowie w miar\u0119 mo\u017cliwo\u015bci pojawiaj\u0105 si\u0119 w ko\u015bciele \u015bw. Jana Chrzciciela. Nasz Ksi\u0105dz Proboszcz jest r\u00f3wnie\u017c wyk\u0142adowc\u0105 w seminarium. Je\u015bli kto\u015b jest zainteresowany jak wygl\u0105da formacja do kap\u0142a\u0144stwa w naszej Diecezji najlepiej uda\u0107 si\u0119 do \u017ar\u00f3d\u0142a:<\/p>\n\n\n\n<figure class=\"wp-block-embed is-type-wp-embed is-provider-wsd-plock wp-block-embed-wsd-plock\"><div class=\"wp-block-embed__wrapper\">\n<blockquote class=\"wp-embedded-content\" data-secret=\"PINPurAQXN\"><a href=\"https:\/\/www.wsdplock.pl\/\">Wy\u017csze Seminarium Duchowne w P\u0142ocku &#8211; strona g\u0142\u00f3wna<\/a><\/blockquote><iframe class=\"wp-embedded-content\" sandbox=\"allow-scripts\" security=\"restricted\" style=\"position: absolute; clip: rect(1px, 1px, 1px, 1px);\" title=\"&#8222;Wy\u017csze Seminarium Duchowne w P\u0142ocku &#8211; strona g\u0142\u00f3wna&#8221; &#8212; WSD P\u0142ock\" src=\"https:\/\/www.wsdplock.pl\/embed\/#?secret=TA7cPomfyc#?secret=PINPurAQXN\" data-secret=\"PINPurAQXN\" width=\"500\" height=\"282\" frameborder=\"0\" marginwidth=\"0\" marginheight=\"0\" scrolling=\"no\"><\/iframe>\n<\/div><\/figure>\n\n\n\n<hr class=\"wp-block-separator has-alpha-channel-opacity\"\/>\n","protected":false},"excerpt":{"rendered":"<p>Na terenie nasze parafii (nawet pod tym samym adresem &#8211; Abp. Nowowiejskiego 2) znajduje si\u0119 Wy\u017csze Seminarium Duchowne w P\u0142ocku. Klerycy i Profesorowie w miar\u0119 mo\u017cliwo\u015bci pojawiaj\u0105 si\u0119 w ko\u015bciele \u015bw. Jana Chrzciciela. Nasz Ksi\u0105dz Proboszcz jest r\u00f3wnie\u017c wyk\u0142adowc\u0105 w seminarium. Je\u015bli kto\u015b jest zainteresowany jak wygl\u0105da formacja do kap\u0142a\u0144stwa w naszej Diecezji najlepiej uda\u0107 [&hellip;]<\/p>\n","protected":false},"author":1,"featured_media":0,"parent":0,"menu_order":0,"comment_status":"closed","ping_status":"closed","template":"","meta":{"footnotes":""},"_links":{"self":[{"href":"https:\/\/parafiajanchrzcicielplock.pl\/index.php?rest_route=\/wp\/v2\/pages\/273"}],"collection":[{"href":"https:\/\/parafiajanchrzcicielplock.pl\/index.php?rest_route=\/wp\/v2\/pages"}],"about":[{"href":"https:\/\/parafiajanchrzcicielplock.pl\/index.php?rest_route=\/wp\/v2\/types\/page"}],"author":[{"embeddable":true,"href":"https:\/\/parafiajanchrzcicielplock.pl\/index.php?rest_route=\/wp\/v2\/users\/1"}],"replies":[{"embeddable":true,"href":"https:\/\/parafiajanchrzcicielplock.pl\/index.php?rest_route=%2Fwp%2Fv2%2Fcomments&post=273"}],"version-history":[{"count":4,"href":"https:\/\/parafiajanchrzcicielplock.pl\/index.php?rest_route=\/wp\/v2\/pages\/273\/revisions"}],"predecessor-version":[{"id":599,"href":"https:\/\/parafiajanchrzcicielplock.pl\/index.php?rest_route=\/wp\/v2\/pages\/273\/revisions\/599"}],"wp:attachment":[{"href":"https:\/\/parafiajanchrzcicielplock.pl\/index.php?rest_route=%2Fwp%2Fv2%2Fmedia&parent=273"}],"curies":[{"name":"wp","href":"https:\/\/api.w.org\/{rel}","templated":true}]}}