{"id":269,"date":"2023-09-08T13:21:19","date_gmt":"2023-09-08T11:21:19","guid":{"rendered":"http:\/\/parafiajanchrzcicielplock.pl\/?page_id=269"},"modified":"2023-09-20T12:31:58","modified_gmt":"2023-09-20T10:31:58","slug":"malzenstwo","status":"publish","type":"page","link":"https:\/\/parafiajanchrzcicielplock.pl\/?page_id=269","title":{"rendered":"Ma\u0142\u017ce\u0144stwo"},"content":{"rendered":"\n<p class=\"has-colibri-color-2-color has-text-color\">\/zak\u0142adka w przebudowie \u2013 informacje mog\u0105 by\u0107 nie aktualne, w razie w\u0105tpliwo\u015bci prosimy o kontakt\/<\/p>\n\n\n\n<p>Sakrament ma\u0142\u017ce\u0144stwa&nbsp;jest sprawowany po wcze\u015bniejszym ustaleniu terminu przez narzeczonych w kancelarii parafialnej. Nale\u017cy zg\u0142osi\u0107 si\u0119 do kancelarii parafialnej oko\u0142o 3 miesi\u0105ce przed planowanym terminem \u015blubu, w celu spisania protoko\u0142u przed\u015blubnego. Prosimy przychodzi\u0107 w godzinach otwarcia kancelarii z nast\u0119puj\u0105cymi dokumentami:<\/p>\n\n\n\n<p><strong>Narzeczeni<\/strong><\/p>\n\n\n\n<ol start=\"1\">\n<li>wdowcy \u2013 ko\u015bcielne \u015bwiadectwo zgonu wsp\u00f3\u0142ma\u0142\u017conka;<\/li>\n\n\n\n<li>gdy oboje narzeczeni nie mieszkaj\u0105 (nie myli\u0107 z zameldowaniem) w naszej parafii, to r\u00f3wnie\u017c potrzebne jest zezwolenie na spisanie protoko\u0142u przedma\u0142\u017ce\u0144skiego oraz na \u015blub w naszej parafii, z parafii narzeczonej lub narzeczonego;<\/li>\n<\/ol>\n\n\n\n<p><strong>\u015awiadkowie<\/strong><\/p>\n\n\n\n<ol>\n<li>aktualne dowody osobiste;<\/li>\n\n\n\n<li>uko\u0144czony 18 rok \u017cycia;<\/li>\n\n\n\n<li>je\u017celi s\u0105 katolikami i nie maj\u0105 przeszk\u00f3d kanonicznych, wskazane jest by przyst\u0105pili do spowiedzi i Komunii \u015bwi\u0119tej;<\/li>\n<\/ol>\n\n\n\n<p>Po spisaniu protoko\u0142u nale\u017cy:<\/p>\n\n\n\n<ol>\n<li>Odby\u0107 2 spowiedzi przed\u015blubne (pierwsz\u0105 \u2013 z ca\u0142ego \u017cycia \u2013 kr\u00f3tko po spisaniu protoko\u0142u przed\u015blubnego; drug\u0105 \u2013 na kilka dni przed \u015blubem)<\/li>\n\n\n\n<li>Wzi\u0105\u0107 udzia\u0142 w Spotkaniach dla Narzeczonych (informacje o terminach i miejscu spotka\u0144 pod adresem:<\/li>\n\n\n\n<li>Je\u015bli jedno z narzeczonych pochodzi z innej parafii ni\u017c parafia \u015blubu, po spisaniu protoko\u0142u nale\u017cy zg\u0142osi\u0107 zapowiedzi przed\u015blubne tak\u017ce w parafii drugiego z narzeczonych.<\/li>\n\n\n\n<li>po \u015blubie cywilnym \u2013 \u015bwiadectwo \u015blubu z USC;<\/li>\n\n\n\n<li>wdowcy \u2013 ko\u015bcielne \u015bwiadectwo zgonu wsp\u00f3\u0142ma\u0142\u017conka;<\/li>\n<\/ol>\n\n\n\n<ol start=\"1\">\n<li>aktualne \u015bwiadectwo chrztu \u015bwi\u0119tego (wa\u017cne 3 miesi\u0105ce);<\/li>\n\n\n\n<li>aktualne dowody osobiste;<\/li>\n\n\n\n<li>\u015bwiadectwo sakramentu bierzmowania (je\u017celi nie zosta\u0142o po\u015bwiadczone w \u015bwiadectwie chrztu);<\/li>\n\n\n\n<li>ko\u015bcielne \u015bwiadectwo uko\u0144czenia katechizacji z ostatniej klasy szko\u0142y ponadgimnazjalnej (mo\u017ce by\u0107 ksero);<\/li>\n\n\n\n<li>za\u015bwiadczenie o uko\u0144czonym Kursie Przedma\u0142\u017ce\u0144skim (z ostatniej klasy szko\u0142y ponadgimnazjalnej);<\/li>\n\n\n\n<li>dokumenty z USC, gdy \u015blub ma by\u0107 konkordatowy<\/li>\n\n\n\n<li>po \u015blubie cywilnym \u2013 \u015bwiadectwo \u015blubu z USC;&nbsp;&nbsp;&nbsp;<\/li>\n<\/ol>\n\n\n\n<p><a href=\"http:\/\/kobieta.onet.pl\/slub\/obyczaje\/slubkonkordatowy\/hge3n#Czym%20jest%20%C5%9Blub%20konkordatowy\">http:\/\/kobieta.onet.pl\/slub\/obyczaje\/slubkonkordatowy\/<\/a><\/p>\n\n\n\n<ol start=\"8\">\n<li>wdowcy \u2013 ko\u015bcielne \u015bwiadectwo zgonu wsp\u00f3\u0142ma\u0142\u017conka;<\/li>\n\n\n\n<li>gdy oboje narzeczeni nie mieszkaj\u0105 (nie myli\u0107 z zameldowaniem) w naszej parafii, to r\u00f3wnie\u017c potrzebne jest zezwolenie na spisanie protoko\u0142u przedma\u0142\u017ce\u0144skiego oraz na \u015blub w naszej parafii, z parafii narzeczonej lub narzeczonego;<\/li>\n<\/ol>\n\n\n\n<p><strong>\u015awiadkowie<\/strong><\/p>\n\n\n\n<ol>\n<li>aktualne dowody osobiste;<\/li>\n\n\n\n<li>uko\u0144czony 18 rok \u017cycia;<\/li>\n\n\n\n<li>je\u017celi s\u0105 katolikami i nie maj\u0105 przeszk\u00f3d kanonicznych, wskazane jest by przyst\u0105pili do spowiedzi i Komunii \u015bwi\u0119tej;<\/li>\n<\/ol>\n\n\n\n<p>Po spisaniu protoko\u0142u nale\u017cy:<\/p>\n\n\n\n<ol>\n<li>Odby\u0107 2 spowiedzi przed\u015blubne (pierwsz\u0105 \u2013 z ca\u0142ego \u017cycia \u2013 kr\u00f3tko po spisaniu protoko\u0142u przed\u015blubnego; drug\u0105 \u2013 na kilka dni przed \u015blubem)<\/li>\n\n\n\n<li>Wzi\u0105\u0107 udzia\u0142 w Spotkaniach dla Narzeczonych (informacje o terminach i miejscu spotka\u0144 pod adresem:<\/li>\n\n\n\n<li>Je\u015bli jedno z narzeczonych pochodzi z innej parafii ni\u017c parafia \u015blubu, po spisaniu protoko\u0142u nale\u017cy zg\u0142osi\u0107 zapowiedzi przed\u015blubne tak\u017ce w parafii drugiego z narzeczonych.<\/li>\n\n\n\n<li>po \u015blubie cywilnym \u2013 \u015bwiadectwo \u015blubu z USC;<\/li>\n\n\n\n<li>wdowcy \u2013 ko\u015bcielne \u015bwiadectwo zgonu wsp\u00f3\u0142ma\u0142\u017conka;<\/li>\n<\/ol>\n","protected":false},"excerpt":{"rendered":"<p>\/zak\u0142adka w przebudowie \u2013 informacje mog\u0105 by\u0107 nie aktualne, w razie w\u0105tpliwo\u015bci prosimy o kontakt\/ Sakrament ma\u0142\u017ce\u0144stwa&nbsp;jest sprawowany po wcze\u015bniejszym ustaleniu terminu przez narzeczonych w kancelarii parafialnej. Nale\u017cy zg\u0142osi\u0107 si\u0119 do kancelarii parafialnej oko\u0142o 3 miesi\u0105ce przed planowanym terminem \u015blubu, w celu spisania protoko\u0142u przed\u015blubnego. Prosimy przychodzi\u0107 w godzinach otwarcia kancelarii z nast\u0119puj\u0105cymi dokumentami: Narzeczeni [&hellip;]<\/p>\n","protected":false},"author":1,"featured_media":0,"parent":0,"menu_order":0,"comment_status":"closed","ping_status":"closed","template":"","meta":{"footnotes":""},"_links":{"self":[{"href":"https:\/\/parafiajanchrzcicielplock.pl\/index.php?rest_route=\/wp\/v2\/pages\/269"}],"collection":[{"href":"https:\/\/parafiajanchrzcicielplock.pl\/index.php?rest_route=\/wp\/v2\/pages"}],"about":[{"href":"https:\/\/parafiajanchrzcicielplock.pl\/index.php?rest_route=\/wp\/v2\/types\/page"}],"author":[{"embeddable":true,"href":"https:\/\/parafiajanchrzcicielplock.pl\/index.php?rest_route=\/wp\/v2\/users\/1"}],"replies":[{"embeddable":true,"href":"https:\/\/parafiajanchrzcicielplock.pl\/index.php?rest_route=%2Fwp%2Fv2%2Fcomments&post=269"}],"version-history":[{"count":3,"href":"https:\/\/parafiajanchrzcicielplock.pl\/index.php?rest_route=\/wp\/v2\/pages\/269\/revisions"}],"predecessor-version":[{"id":623,"href":"https:\/\/parafiajanchrzcicielplock.pl\/index.php?rest_route=\/wp\/v2\/pages\/269\/revisions\/623"}],"wp:attachment":[{"href":"https:\/\/parafiajanchrzcicielplock.pl\/index.php?rest_route=%2Fwp%2Fv2%2Fmedia&parent=269"}],"curies":[{"name":"wp","href":"https:\/\/api.w.org\/{rel}","templated":true}]}}