{"id":263,"date":"2023-09-08T13:20:25","date_gmt":"2023-09-08T11:20:25","guid":{"rendered":"http:\/\/parafiajanchrzcicielplock.pl\/?page_id=263"},"modified":"2025-05-17T15:19:07","modified_gmt":"2025-05-17T13:19:07","slug":"chrzest","status":"publish","type":"page","link":"https:\/\/parafiajanchrzcicielplock.pl\/?page_id=263","title":{"rendered":"Chrzest"},"content":{"rendered":"<div class=\"wp-block-image\">\n<figure class=\"aligncenter size-large\"><img loading=\"lazy\" decoding=\"async\" width=\"1024\" height=\"768\" src=\"http:\/\/parafiajanchrzcicielplock.pl\/wp-content\/uploads\/2023\/09\/IMG_3086-1024x768.jpeg\" alt=\"\" class=\"wp-image-679\" srcset=\"https:\/\/parafiajanchrzcicielplock.pl\/wp-content\/uploads\/2023\/09\/IMG_3086-1024x768.jpeg 1024w, https:\/\/parafiajanchrzcicielplock.pl\/wp-content\/uploads\/2023\/09\/IMG_3086-300x225.jpeg 300w, https:\/\/parafiajanchrzcicielplock.pl\/wp-content\/uploads\/2023\/09\/IMG_3086-768x576.jpeg 768w, https:\/\/parafiajanchrzcicielplock.pl\/wp-content\/uploads\/2023\/09\/IMG_3086-1536x1152.jpeg 1536w, https:\/\/parafiajanchrzcicielplock.pl\/wp-content\/uploads\/2023\/09\/IMG_3086-2048x1536.jpeg 2048w\" sizes=\"(max-width: 1024px) 100vw, 1024px\" \/><\/figure><\/div>\n\n\n<ol>\n<li>Chrzest \u015awi\u0119ty jest Sakramentem, poprzez kt\u00f3ry cz\u0142owiek zostaje w\u0142\u0105czony we wsp\u00f3lnot\u0119 Ko\u015bcio\u0142a oraz dost\u0119puje uwolnienia od grzechu pierworodnego. Jest to wydarzenie religijne i wa\u017cne jest, aby osoby zg\u0142aszaj\u0105ce dziecko do Chrztu z t\u0105 intencj\u0105 podchodzi\u0142y do tego wydarzenia.<\/li>\n\n\n\n<li>Sakrament Chrztu&nbsp;\u015awi\u0119tego w parafii \u015bw. Jana Chrzciciela w P\u0142ocku zasadniczo&nbsp;jest udzielany dzieciom w ka\u017cd\u0105 drug\u0105 i czwart\u0105 niedziel\u0119 miesi\u0105ca w czasie Mszy \u015awi\u0119tej o godz. 12.00 (z wyj\u0105tkiem Wielkiego Postu) oraz w I \u015bwi\u0119to Bo\u017cego Narodzenia i Wielkanocy. Inne terminy s\u0105 mo\u017cliwe jednak nale\u017cy je najpierw ustali\u0107 z Ksi\u0119dzem w kancelarii parafialnej. <\/li>\n\n\n\n<li><strong>Prosimy o kontakt i serdeczn\u0105 rozmow\u0119 w sytuacjach gdy sytuacja rodzina pod wzgl\u0119dem sakramentalnym i religijnym na skutek r\u00f3\u017cnych uwarunkowa\u0144 jest trudna. Staramy si\u0119 zrozumie\u0107 ka\u017cdy przypadek i znale\u015b\u0107 odpowiednie rozwi\u0105zanie jednak jest potrzebna wtedy szczeg\u00f3lnie ch\u0119\u0107 dialogu z obu stron. Spotkajmy si\u0119 i porozmawiajmy zanim jakiekolwiek decyzje organizacyjne odno\u015bnie chrztu zaczn\u0105 przez Was by\u0107 podejmowane. Zapraszamy!<\/strong><\/li>\n\n\n\n<li>Przy zg\u0142oszeniu dziecka do chrztu nale\u017cy przynie\u015b\u0107 akt urodzenia z USC (do wgl\u0105du) oraz poda\u0107 w kancelarii informacje o rodzicach chrzestnych, ich: miejsce zamieszkania (<em><strong>faktycznego zamieszkania, a NIE zameldowania<\/strong><\/em>), rok urodzenia, rok i miejsce \u015blubu ko\u015bcielnego. <em>Uwaga: nie mo\u017ce by\u0107 rodzicem chrzestnym osoba \u017cyj\u0105ca w zwi\u0105zku niesakramentalnym (konkubinat lub zwi\u0105zek cywilny bez \u015blubu ko\u015bcielnego), a w przypadku m\u0142odzie\u017cy, osoba nie ucz\u0119szczaj\u0105ca na katechez\u0119<\/em>.<\/li>\n\n\n\n<li>Rodzice chrzestni powinni uko\u0144czy\u0107 16 rok \u017cycia, by\u0107 bierzmowani i je\u017celi s\u0105 spoza parafii, powinni przed\u0142o\u017cy\u0107 od Ksi\u0119dza Proboszcza w\u0142asnej parafii za\u015bwiadczenie, \u017ce mog\u0105 by\u0107 rodzicami chrzestnymi. (<strong>DRUK ZA\u015aWIADCZENIA OBOWI\u0104ZUJ\u0104CEGO W DIECEZJI P\u0141OCKIEJ ZNAJDUJE SI\u0118 NA DOLE TEJ STRONY<\/strong> \u2b07\ufe0f\u2b07\ufe0f\u2b07\ufe0f\u2b07\ufe0f)<\/li>\n\n\n\n<li>Przygotowanie do Sakramentu Chrztu odbywa si\u0119 zasadniczo w ko\u015bciele, w sobot\u0119 poprzedzaj\u0105c\u0105 niedziel\u0119 chrztu, o godz. 18.30 po Mszy \u015awi\u0119tej &#8211; w tym spotkaniu uczestnicz\u0105 rodzice dziecka (w przypadku trudno\u015bci jedno z nich) i chrzestni pochodz\u0105cy z p\u0142ockich parafii.<\/li>\n<\/ol>\n\n\n\n<p><strong>W przypadku jakichkolwiek w\u0105tpliwo\u015bci najlepiej po prostu zapyta\u0107. Zapraszamy r\u00f3wnie\u017c do kontaktu telefonicznego: 501 287 429.<\/strong><\/p>\n\n\n\n<hr class=\"wp-block-separator has-alpha-channel-opacity\"\/>\n\n\n\n<p>Poni\u017cej przedstawiamy instrukcj\u0119 oraz druki dla kandydat\u00f3w na matk\u0119 i ojca chrzestnego (mo\u017cna zapozna\u0107 si\u0119 z nimi wcze\u015bniej przed przyj\u015bciem do kancelarii parafialnej &#8211; pliki s\u0105 do pobrania poni\u017cej)<\/p>\n\n\n\n<figure class=\"wp-block-embed is-type-wp-embed is-provider-duszpasterstwo-rodzin-diecezji-p-ockiej wp-block-embed-duszpasterstwo-rodzin-diecezji-p-ockiej\"><div class=\"wp-block-embed__wrapper\">\n<blockquote class=\"wp-embedded-content\" data-secret=\"aKbKn280ng\"><a href=\"https:\/\/plockierodziny.pl\/oswiadczenie-dla-rodzicow-chrzestnych\/\">O\u015bwiadczenie dla rodzic\u00f3w chrzestnych<\/a><\/blockquote><iframe class=\"wp-embedded-content\" sandbox=\"allow-scripts\" security=\"restricted\" style=\"position: absolute; clip: rect(1px, 1px, 1px, 1px);\" title=\"&#8222;O\u015bwiadczenie dla rodzic\u00f3w chrzestnych&#8221; &#8212; Duszpasterstwo Rodzin Diecezji P\u0142ockiej\" src=\"https:\/\/plockierodziny.pl\/oswiadczenie-dla-rodzicow-chrzestnych\/embed\/#?secret=MoCGXYrcZh#?secret=aKbKn280ng\" data-secret=\"aKbKn280ng\" width=\"500\" height=\"282\" frameborder=\"0\" marginwidth=\"0\" marginheight=\"0\" scrolling=\"no\"><\/iframe>\n<\/div><\/figure>\n\n\n\n<p><strong>Instrukcja:<\/strong><\/p>\n\n\n\n<div data-wp-interactive=\"core\/file\" class=\"wp-block-file\"><object data-wp-bind--hidden=\"!state.hasPdfPreview\"  class=\"wp-block-file__embed\" data=\"http:\/\/parafiajanchrzcicielplock.pl\/wp-content\/uploads\/2023\/10\/Instrukcja_chrzestni_2020-1.pdf\" type=\"application\/pdf\" style=\"width:100%;height:600px\" aria-label=\"Osadzone z Instrukcja_chrzestni_2020-1.\"><\/object><a id=\"wp-block-file--media-470f0c8f-574d-4d4d-88f5-4b101da2a64e\" href=\"http:\/\/parafiajanchrzcicielplock.pl\/wp-content\/uploads\/2023\/10\/Instrukcja_chrzestni_2020-1.pdf\">Instrukcja_chrzestni_2020-1<\/a><a href=\"http:\/\/parafiajanchrzcicielplock.pl\/wp-content\/uploads\/2023\/10\/Instrukcja_chrzestni_2020-1.pdf\" class=\"wp-block-file__button wp-element-button\" download aria-describedby=\"wp-block-file--media-470f0c8f-574d-4d4d-88f5-4b101da2a64e\">Pobierz<\/a><\/div>\n\n\n\n<p><strong>O\u015aWIADCZENIE KANDYDATKI NA MATK\u0118&nbsp;CHRZESTN\u0104:<\/strong><\/p>\n\n\n\n<div data-wp-interactive=\"core\/file\" class=\"wp-block-file\"><object data-wp-bind--hidden=\"!state.hasPdfPreview\"  class=\"wp-block-file__embed\" data=\"http:\/\/parafiajanchrzcicielplock.pl\/wp-content\/uploads\/2023\/10\/Oswiadczenie_kandydatka_matka_chrzestna_2020.pdf\" type=\"application\/pdf\" style=\"width:100%;height:600px\" aria-label=\"Osadzone z Oswiadczenie_kandydatka_matka_chrzestna_2020.\"><\/object><a id=\"wp-block-file--media-710be04a-beeb-4fef-979d-017e9eaf324f\" href=\"http:\/\/parafiajanchrzcicielplock.pl\/wp-content\/uploads\/2023\/10\/Oswiadczenie_kandydatka_matka_chrzestna_2020.pdf\">Oswiadczenie_kandydatka_matka_chrzestna_2020<\/a><a href=\"http:\/\/parafiajanchrzcicielplock.pl\/wp-content\/uploads\/2023\/10\/Oswiadczenie_kandydatka_matka_chrzestna_2020.pdf\" class=\"wp-block-file__button wp-element-button\" download aria-describedby=\"wp-block-file--media-710be04a-beeb-4fef-979d-017e9eaf324f\">Pobierz<\/a><\/div>\n\n\n\n<p><strong>O\u015aWIADCZENIE KANDYDATA NA OJCA CHRZESTNEGO<\/strong>:<\/p>\n\n\n\n<div data-wp-interactive=\"core\/file\" class=\"wp-block-file\"><object data-wp-bind--hidden=\"!state.hasPdfPreview\"  class=\"wp-block-file__embed\" data=\"http:\/\/parafiajanchrzcicielplock.pl\/wp-content\/uploads\/2023\/10\/Oswiadczenie_kandydat_ojciec_chrzestny_2020.pdf\" type=\"application\/pdf\" style=\"width:100%;height:600px\" aria-label=\"Osadzone z Oswiadczenie_kandydat_ojciec_chrzestny_2020.\"><\/object><a id=\"wp-block-file--media-a49adaca-e4b5-4fa3-b605-6e75704f4878\" href=\"http:\/\/parafiajanchrzcicielplock.pl\/wp-content\/uploads\/2023\/10\/Oswiadczenie_kandydat_ojciec_chrzestny_2020.pdf\">Oswiadczenie_kandydat_ojciec_chrzestny_2020<\/a><a href=\"http:\/\/parafiajanchrzcicielplock.pl\/wp-content\/uploads\/2023\/10\/Oswiadczenie_kandydat_ojciec_chrzestny_2020.pdf\" class=\"wp-block-file__button wp-element-button\" download aria-describedby=\"wp-block-file--media-a49adaca-e4b5-4fa3-b605-6e75704f4878\">Pobierz<\/a><\/div>\n\n\n\n<hr class=\"wp-block-separator has-alpha-channel-opacity\"\/>\n\n\n\n<p class=\"has-medium-font-size\">Osoby doros\u0142e, kt\u00f3re nie zosta\u0142y ochrzczone, a posiadaj\u0105 w sobie pragnienie poznania Ko\u015bcio\u0142a zapraszamy do kontaktu z naszymi duszpasterzami. <\/p>\n\n\n\n<p><\/p>\n","protected":false},"excerpt":{"rendered":"<p>W przypadku jakichkolwiek w\u0105tpliwo\u015bci najlepiej po prostu zapyta\u0107. Zapraszamy r\u00f3wnie\u017c do kontaktu telefonicznego: 501 287 429. Poni\u017cej przedstawiamy instrukcj\u0119 oraz druki dla kandydat\u00f3w na matk\u0119 i ojca chrzestnego (mo\u017cna zapozna\u0107 si\u0119 z nimi wcze\u015bniej przed przyj\u015bciem do kancelarii parafialnej &#8211; pliki s\u0105 do pobrania poni\u017cej) Instrukcja: O\u015aWIADCZENIE KANDYDATKI NA MATK\u0118&nbsp;CHRZESTN\u0104: O\u015aWIADCZENIE KANDYDATA NA OJCA CHRZESTNEGO: [&hellip;]<\/p>\n","protected":false},"author":1,"featured_media":0,"parent":0,"menu_order":0,"comment_status":"closed","ping_status":"closed","template":"","meta":{"footnotes":""},"_links":{"self":[{"href":"https:\/\/parafiajanchrzcicielplock.pl\/index.php?rest_route=\/wp\/v2\/pages\/263"}],"collection":[{"href":"https:\/\/parafiajanchrzcicielplock.pl\/index.php?rest_route=\/wp\/v2\/pages"}],"about":[{"href":"https:\/\/parafiajanchrzcicielplock.pl\/index.php?rest_route=\/wp\/v2\/types\/page"}],"author":[{"embeddable":true,"href":"https:\/\/parafiajanchrzcicielplock.pl\/index.php?rest_route=\/wp\/v2\/users\/1"}],"replies":[{"embeddable":true,"href":"https:\/\/parafiajanchrzcicielplock.pl\/index.php?rest_route=%2Fwp%2Fv2%2Fcomments&post=263"}],"version-history":[{"count":13,"href":"https:\/\/parafiajanchrzcicielplock.pl\/index.php?rest_route=\/wp\/v2\/pages\/263\/revisions"}],"predecessor-version":[{"id":1869,"href":"https:\/\/parafiajanchrzcicielplock.pl\/index.php?rest_route=\/wp\/v2\/pages\/263\/revisions\/1869"}],"wp:attachment":[{"href":"https:\/\/parafiajanchrzcicielplock.pl\/index.php?rest_route=%2Fwp%2Fv2%2Fmedia&parent=263"}],"curies":[{"name":"wp","href":"https:\/\/api.w.org\/{rel}","templated":true}]}}