{"id":236,"date":"2023-09-06T16:46:21","date_gmt":"2023-09-06T14:46:21","guid":{"rendered":"http:\/\/parafiajanchrzcicielplock.pl\/?page_id=236"},"modified":"2023-12-24T18:38:51","modified_gmt":"2023-12-24T17:38:51","slug":"liturgiczna-sluzba-oltarza","status":"publish","type":"page","link":"https:\/\/parafiajanchrzcicielplock.pl\/?page_id=236","title":{"rendered":"Liturgiczna S\u0142u\u017cba O\u0142tarza &#8211; Ministranci"},"content":{"rendered":"\n<p>Grupa Ministrant\u00f3w dopiero rozwija si\u0119 w naszej parafii. Wszystkich ch\u0119tnych do w\u0142\u0105czenia si\u0119 w to dzie\u0142o prosimy o kontakt z naszymi duszpasterzami. <br>5 listopada 2023r. oficjalnie do grona kandydat\u00f3w na Ministrant\u00f3w w\u0142\u0105czonych zosta\u0142o 4 ch\u0142opc\u00f3w. W tej chwili przed nimi czas uczenia si\u0119 Liturgicznej S\u0142u\u017cby O\u0142tarza. Ju\u017c teraz idzie im to naprawd\u0119 bardzo dobrze. Koniec przygotowa\u0144 b\u0119dzie zwie\u0144czony przyj\u0119ciem stroju jakim jest <strong>kom\u017ca<\/strong>. Do tego czasu ch\u0142opcy pos\u0142uguj\u0105 w bia\u0142ych szarfach. Gratulujemy!<\/p>\n\n\n<div class=\"wp-block-image\">\n<figure class=\"aligncenter size-large\"><img loading=\"lazy\" decoding=\"async\" width=\"1024\" height=\"768\" src=\"http:\/\/parafiajanchrzcicielplock.pl\/wp-content\/uploads\/2023\/11\/IMG_4047-1024x768.jpeg\" alt=\"\" class=\"wp-image-975\" srcset=\"https:\/\/parafiajanchrzcicielplock.pl\/wp-content\/uploads\/2023\/11\/IMG_4047-1024x768.jpeg 1024w, https:\/\/parafiajanchrzcicielplock.pl\/wp-content\/uploads\/2023\/11\/IMG_4047-300x225.jpeg 300w, https:\/\/parafiajanchrzcicielplock.pl\/wp-content\/uploads\/2023\/11\/IMG_4047-768x576.jpeg 768w, https:\/\/parafiajanchrzcicielplock.pl\/wp-content\/uploads\/2023\/11\/IMG_4047-1536x1152.jpeg 1536w, https:\/\/parafiajanchrzcicielplock.pl\/wp-content\/uploads\/2023\/11\/IMG_4047-2048x1536.jpeg 2048w\" sizes=\"(max-width: 1024px) 100vw, 1024px\" \/><\/figure><\/div>\n\n\n<hr class=\"wp-block-separator has-alpha-channel-opacity\"\/>\n\n\n<div class=\"wp-block-image\">\n<figure class=\"aligncenter size-large\"><img loading=\"lazy\" decoding=\"async\" width=\"768\" height=\"1024\" src=\"https:\/\/parafiajanchrzcicielplock.pl\/wp-content\/uploads\/2023\/12\/IMG20231203110958-768x1024.jpeg\" alt=\"\" class=\"wp-image-1073\" srcset=\"https:\/\/parafiajanchrzcicielplock.pl\/wp-content\/uploads\/2023\/12\/IMG20231203110958-768x1024.jpeg 768w, https:\/\/parafiajanchrzcicielplock.pl\/wp-content\/uploads\/2023\/12\/IMG20231203110958-225x300.jpeg 225w, https:\/\/parafiajanchrzcicielplock.pl\/wp-content\/uploads\/2023\/12\/IMG20231203110958-1152x1536.jpeg 1152w, https:\/\/parafiajanchrzcicielplock.pl\/wp-content\/uploads\/2023\/12\/IMG20231203110958-1536x2048.jpeg 1536w, https:\/\/parafiajanchrzcicielplock.pl\/wp-content\/uploads\/2023\/12\/IMG20231203110958-scaled.jpeg 1920w\" sizes=\"(max-width: 768px) 100vw, 768px\" \/><\/figure><\/div>\n\n\n<hr class=\"wp-block-separator has-alpha-channel-opacity\"\/>\n\n\n\n<p>23 grudnia kandydaci stali si\u0119 w pe\u0142ni ministrantami (2 kandydat\u00f3w w najbli\u017cszym czasie r\u00f3wnie\u017c przyjmie pe\u0142ny str\u00f3j liturgiczny, poniewa\u017c tego dnia z niezale\u017cnych wzgl\u0119d\u00f3w nie mogli wzi\u0105\u0107 udzia\u0142u w uroczysto\u015bci)<\/p>\n\n\n<div class=\"wp-block-image\">\n<figure class=\"aligncenter size-large\"><img loading=\"lazy\" decoding=\"async\" width=\"768\" height=\"1024\" src=\"http:\/\/parafiajanchrzcicielplock.pl\/wp-content\/uploads\/2023\/12\/IMG_5527-768x1024.jpeg\" alt=\"\" class=\"wp-image-1176\" srcset=\"https:\/\/parafiajanchrzcicielplock.pl\/wp-content\/uploads\/2023\/12\/IMG_5527-768x1024.jpeg 768w, https:\/\/parafiajanchrzcicielplock.pl\/wp-content\/uploads\/2023\/12\/IMG_5527-225x300.jpeg 225w, https:\/\/parafiajanchrzcicielplock.pl\/wp-content\/uploads\/2023\/12\/IMG_5527-1152x1536.jpeg 1152w, https:\/\/parafiajanchrzcicielplock.pl\/wp-content\/uploads\/2023\/12\/IMG_5527-1536x2048.jpeg 1536w, https:\/\/parafiajanchrzcicielplock.pl\/wp-content\/uploads\/2023\/12\/IMG_5527-scaled.jpeg 1920w\" sizes=\"(max-width: 768px) 100vw, 768px\" \/><\/figure><\/div>","protected":false},"excerpt":{"rendered":"<p>Grupa Ministrant\u00f3w dopiero rozwija si\u0119 w naszej parafii. Wszystkich ch\u0119tnych do w\u0142\u0105czenia si\u0119 w to dzie\u0142o prosimy o kontakt z naszymi duszpasterzami. 5 listopada 2023r. oficjalnie do grona kandydat\u00f3w na Ministrant\u00f3w w\u0142\u0105czonych zosta\u0142o 4 ch\u0142opc\u00f3w. W tej chwili przed nimi czas uczenia si\u0119 Liturgicznej S\u0142u\u017cby O\u0142tarza. Ju\u017c teraz idzie im to naprawd\u0119 bardzo dobrze. Koniec [&hellip;]<\/p>\n","protected":false},"author":1,"featured_media":0,"parent":0,"menu_order":0,"comment_status":"closed","ping_status":"closed","template":"","meta":{"footnotes":""},"_links":{"self":[{"href":"https:\/\/parafiajanchrzcicielplock.pl\/index.php?rest_route=\/wp\/v2\/pages\/236"}],"collection":[{"href":"https:\/\/parafiajanchrzcicielplock.pl\/index.php?rest_route=\/wp\/v2\/pages"}],"about":[{"href":"https:\/\/parafiajanchrzcicielplock.pl\/index.php?rest_route=\/wp\/v2\/types\/page"}],"author":[{"embeddable":true,"href":"https:\/\/parafiajanchrzcicielplock.pl\/index.php?rest_route=\/wp\/v2\/users\/1"}],"replies":[{"embeddable":true,"href":"https:\/\/parafiajanchrzcicielplock.pl\/index.php?rest_route=%2Fwp%2Fv2%2Fcomments&post=236"}],"version-history":[{"count":8,"href":"https:\/\/parafiajanchrzcicielplock.pl\/index.php?rest_route=\/wp\/v2\/pages\/236\/revisions"}],"predecessor-version":[{"id":1181,"href":"https:\/\/parafiajanchrzcicielplock.pl\/index.php?rest_route=\/wp\/v2\/pages\/236\/revisions\/1181"}],"wp:attachment":[{"href":"https:\/\/parafiajanchrzcicielplock.pl\/index.php?rest_route=%2Fwp%2Fv2%2Fmedia&parent=236"}],"curies":[{"name":"wp","href":"https:\/\/api.w.org\/{rel}","templated":true}]}}