{"id":229,"date":"2023-09-06T16:41:28","date_gmt":"2023-09-06T14:41:28","guid":{"rendered":"http:\/\/parafiajanchrzcicielplock.pl\/?page_id=229"},"modified":"2023-09-11T08:43:18","modified_gmt":"2023-09-11T06:43:18","slug":"kolo-charytatywne-caritas","status":"publish","type":"page","link":"https:\/\/parafiajanchrzcicielplock.pl\/?page_id=229","title":{"rendered":"Ko\u0142o Charytatywne Caritas"},"content":{"rendered":"\n<p>Podstawowym miejscem&nbsp;<em>pos\u0142ugi charytatywnej<\/em><em><\/em>&nbsp;w&nbsp;<em>Ko\u015bciele&nbsp;<\/em><em><\/em>jest<em>&nbsp;<\/em><em>parafia.&nbsp;<\/em>Zesp\u00f3\u0142 charytatywny, pod&nbsp;przewodnictwem ks. Proboszcza jest odpowiedzialny za rozeznawanie os\u00f3b potrzebuj\u0105cych i&nbsp;koordynowanie dzia\u0142a\u0144 charytatywnych na terenie parafii.&nbsp;Praca Zespo\u0142u nie zwalnia og\u00f3\u0142u wiernych a tak\u017ce innych grup i wsp\u00f3lnot dzia\u0142aj\u0105cych w parafii z obowi\u0105zku \u015bwiadczenia mi\u0142osierdzia, lecz je jedynie usprawnia, koordynuje i uzupe\u0142nia. Zesp\u00f3\u0142 jest jedn\u0105 z podstawowych struktur parafii, dzi\u0119ki kt\u00f3rym wype\u0142nia ona swoj\u0105 misj\u0119 charytatywn\u0105 w Ko\u015bciele i \u015bwiecie<\/p>\n\n\n\n<p>Obok pos\u0142ugi Sakramentalnej i pos\u0142ugi S\u0142owem w parafii niezmiernie wa\u017cna jest pos\u0142uga najubo\u017cszym.&nbsp;<strong>Ju\u017c prawie 2 tys. lat temu Jezus zaprawia\u0142 swoich uczni\u00f3w do pos\u0142ugi biednym i potrzebuj\u0105cym. Czyni to r\u00f3wnie\u017c i dzisiaj domagaj\u0105c si\u0119 od swoich na\u015bladowc\u00f3w &#8211; uczynk\u00f3w mi\u0142o\u015bci i mi\u0142osierdzia.&nbsp;<\/strong>S\u0142owo Bo\u017ce, kierowane do nas w Ko\u015bciele jest g\u0142osem Chrystusa, kt\u00f3ry nadal przenika nas i nie przestaje by\u0107 S\u0142owem \u017bywym.&nbsp;<strong>&#8220;Po tym wszyscy poznaj\u0105, \u017ce\u015bcie uczniami moimi, je\u015bli si\u0119 b\u0119dziecie wzajemnie mi\u0142owali&#8221; (J 13<\/strong>, 35).&nbsp;<strong>Jezus wzywa nas do budowania wsp\u00f3lnoty mi\u0142o\u015bci<\/strong>.&nbsp;<strong>Dla chrze\u015bcija\u0144skiej wsp\u00f3lnoty pierwotnego Ko\u015bcio\u0142a jak i wsp\u00f3\u0142czesnego<\/strong>&nbsp;<strong>ewangelizacja i s\u0142u\u017cba ubogim by\u0142y i s\u0105 nierozerwalne<\/strong>.&nbsp;<strong>Ojciec \u015bw. Jan&nbsp;Pawe\u0142 II wzywa nas do budowania cywilizacji mi\u0142o\u015bci.<\/strong>&nbsp;Nie mo\u017cemy wi\u0119c by\u0107 oboj\u0119tni na losy drugiego cz\u0142owieka. Wychodz\u0105c naprzeciw Potrzebuj\u0105cym w roku 1987 powsta\u0142 w naszej parafii Zesp\u00f3\u0142 Charytatywny, kt\u00f3ry z r\u00f3\u017cnym osobowo sk\u0142adem oraz mniejszy lub wi\u0119kszym nasileniem dzia\u0142a\u0142 w naszej parafii, przyjmuj\u0105c r\u00f3\u017cne formy pos\u0142ugi. Pocz\u0105tkowo do pracy zg\u0142osi\u0142o si\u0119 wiele os\u00f3b, ale p\u00f3\u017aniej zosta\u0142o 7 os\u00f3b. Obecnie jest to ci\u0105gle niewielka grupa ludzi na czele z prze\u0142o\u017con\u0105 powo\u0142an\u0105 przez ks. Proboszcza Antoniego Ko\u0142odziejskiego&nbsp; Bo\u017cen\u0105 Masaniec, kt\u00f3ra aktywnie w\u0142\u0105cza si\u0119 w dzie\u0142o Mi\u0142osierdzia w parafii prowadz\u0105c Zespo\u0142em&nbsp;stosownie do potrzeb i warunk\u00f3w lokalnych.<\/p>\n\n\n\n<p>G\u0142\u00f3wnym zadaniem Zespo\u0142u jest niesienie pomocy najbardziej potrzebuj\u0105cym, szczeg\u00f3lnie rodzinom wielodzietnym, ludziom starszym i samotnym. W pierwszym okresie rozdzielano odzie\u017c, kt\u00f3ra przychodzi\u0142a z Francji i zak\u0142adano przy tym rejestr os\u00f3b\/rodzin potrzebuj\u0105cych pomocy.<\/p>\n\n\n\n<p>Przez wiele lat w tygodniu Mi\u0142osierdzia parafianie przynosili odzie\u017c, kt\u00f3r\u0105 Zesp\u00f3\u0142 selekcjonowa\u0142 i rozdziela\u0142 w\u015br\u00f3d potrzebuj\u0105cych oraz z zakupionych towar\u00f3w przygotowywa\u0142 i roznosi\u0142 paczki z \u017cywno\u015bci\u0105 i \u015brodkami czysto\u015bciowymi.<\/p>\n\n\n\n<p>Obecnie przed \u015bwi\u0119tami Bo\u017cego Narodzenia i Wielkanoc\u0105 s\u0105 roznoszone bony towarowe, za kt\u00f3re potrzebuj\u0105cy mog\u0105 kupi\u0107 niezb\u0119dne artyku\u0142y (z wykluczeniem alkoholu).<\/p>\n\n\n\n<p>Cz\u0142onkowie Zespo\u0142u odwiedzaj\u0105 osoby samotne, osoby kt\u00f3re nie wychodz\u0105 z domu a tak\u017ce rodziny prze\u017cywaj\u0105ce r\u00f3\u017cne trudne sytuacje \u017cyciowe aby porozmawia\u0107 o ich troskach, potrzebach aby zaproponowa\u0107 skromn\u0105 pomoc lub wesprze\u0107 modlitw\u0105. Coraz cz\u0119\u015bciej cz\u0142onkowie zespo\u0142u uczestnicz\u0105 w ostatniej drodze \u017cycia os\u00f3b, kt\u00f3re odwiedzaj\u0105 w domach lub te\u017c w hospicjach.<\/p>\n\n\n\n<p>Przedstawiciele Parafialnego Zespo\u0142u Caritas bior\u0105 udzia\u0142 w comiesi\u0119cznej Mszy \u015aw. i spotkaniach Zespo\u0142\u00f3w Caritas P\u0142ockich Parafii oraz uczestnicz\u0105 w szkoleniach w O\u015brodku Caritas w Popowie.<\/p>\n\n\n\n<p>Do niedawna Zesp\u00f3\u0142 zajmowa\u0142 si\u0119 r\u00f3wnie\u017c typowaniem i wyposa\u017ceniem dzieci, kt\u00f3re wyje\u017cd\u017ca\u0142y na kolonie organizowane przez Caritas Diecezji P\u0142ockiej. Transport organizowa\u0142 i op\u0142aca\u0142 ks. Proboszcz Antoni Ko\u0142odziejski. W 2005 roku przez Stowarzyszenie Rodzin Katolickich z Banku \u017bywno\u015bci otrzymali\u015bmy makaron, ry\u017c, mleko, m\u0105k\u0119 w ilo\u015bci 3649 kg oraz 760 litr\u00f3w mleka Caritas. Wytypowane osoby w parafii, w okre\u015blonym terminie, po stosownym powiadomieniu mog\u0142y na plebanii odebra\u0107 \u017cywno\u015b\u0107. T\u0105 pomoc\u0105 obj\u0119to 130 parafian.<\/p>\n\n\n\n<p>Stowarzyszenie Rodzin podarowa\u0142o w 2004-2005 r troch\u0119 s\u0142odyczy, sprawiaj\u0105c rado\u015b\u0107 naszym najm\u0142odszym podopiecznym i seniorom.<\/p>\n\n\n\n<p>Z inicjatywy \u015bp. ks. Proboszcza Stanis\u0142awa Kutniewskiego od listopada 1988 roku ka\u017cdego 22-go dnia miesi\u0105ca w naszym ko\u015bciele odprawiana jest Msza \u015aw. Na kt\u00f3rej modlimy si\u0119 w intencji ludzi potrzebuj\u0105cych, samotnych i tych kt\u00f3rzy \u015bwiadcz\u0105 im t\u0119 pomoc. W tedy w\u0142a\u015bnie Zesp\u00f3\u0142 zbiera tac\u0119 na cele charytatywne. Od 1997 roku r\u00f3wnie\u017c w Wielki Czwartek zbieramy tace na ten cel. Ta cenna inicjatywa ks. Proboszcza Antoniego Ko\u0142odziejskiego zasila dodatkowo fundusz Zespo\u0142u. \u0141\u0105cznie rocznie zbieramy ok. 2000 z\u0142. Parafialny Zesp\u00f3\u0142 Caritas\u00a0 w\u0142\u0105cza si\u0119 w og\u00f3lnopolsk\u0105 i diecezjaln\u0105 akcj\u0119 Caritas\u00a0\u201eTornister Pe\u0142en U\u015bmiech\u00f3w\u201d\u00a0Akcja ta wpisuje si\u0119 w og\u00f3lnopolski, szeroki program wyr\u00f3wnywania szans edukacyjnych dla dzieci i m\u0142odzie\u017cy. Celem akcji jest wsparcie rodzin znajduj\u0105cych si\u0119 w trudnej sytuacji materialnej, polegaj\u0105cej na podarowaniu dzieciom z tych rodzin plecak\u00f3w\u00a0wype\u0142nionych przyborami szkolnymi.<\/p>\n\n\n\n<p>Parafialny Zesp\u00f3\u0142 Caritas bierze udzia\u0142 w pa\u017adziernikowej modlitwie r\u00f3\u017ca\u0144cowej, w Drodze krzy\u017cowej w okresie Wielkiego Postu oraz w zbi\u00f3rkach do puszek na r\u00f3\u017cne cele jak misje, stypendia dla zdolnej m\u0142odzie\u017cy, pomoc Ko\u015bcio\u0142owi na Wschodzie i inne.<\/p>\n\n\n\n<p>W ramach programu unijnego PEAD poprzez Caritas otrzymali\u015bmy z Agencji Rynku Rolnego \u017cywno\u015b\u0107 dla os\u00f3b najubo\u017cszych. W roku 2013 program pomocy \u017cywno\u015bciowej zosta\u0142 powierzony O\u015brodkom Pomocy Spo\u0142ecznej.<\/p>\n\n\n\n<p>Parafialny Zesp\u00f3\u0142 Caritas liczebnie niewielki mo\u017ce liczy\u0107 na pomoc wsp\u00f3lnot parafialnych oraz na \u017cyczliwo\u015b\u0107 i pomoc ks. Proboszcza. Oaza Rodzin domowy Ko\u015bci\u00f3\u0142 w 2015-12-02 przekaza\u0142a na cele Charytatywne 190 z\u0142. W 2014 i 2015 Ewangelizacyjna Grupa Modlitewna IGNIS dostarczy\u0142a paczki na Bo\u017ce Narodzenie rodzinom wytypowanym przez Parafialny Zesp\u00f3\u0142 Charytatywny. W pomoc \u201eBezpieczna Rodzina\u201d w\u0142\u0105czaj\u0105 si\u0119 r\u00f3wnie\u017c cz\u0142onkowie Parafialnego Stowarzyszenia Rodzin Katolickich, kt\u00f3rzy poprzez swoj\u0105 prac\u0119 w Poradni Rodzinnej\u00a0<strong>mog\u0105 udziela\u0107 bezp\u0142atnie porad (Dzi\u0119ki wsparciu finansowemu Urz\u0119du Miasta) wszystkim mieszka\u0144com p\u0142ocka (w tym i naszym parafianom)<\/strong><strong>,\u00a0<\/strong>b\u0119d\u0105cym w potrzebie w zakresie: rozwi\u0105zywania wszelkich problem\u00f3w prawnych, rodzinnych a w szczeg\u00f3lno\u015bci, uzale\u017cnie\u0144, przemocy, konflikt\u00f3w i kryzys\u00f3w ma\u0142\u017ce\u0144skich, problem\u00f3w emocjonalnych, wychowawczych oraz szkolnych.<\/p>\n\n\n\n<p>Po czteroletnim programie duszpasterskim po\u015bwi\u0119conym sakramentowi chrztu \u015bwi\u0119tego, rozpoczynamy nowy dwuletni program duszpasterski (2017-2019) \u2013 Jeste\u015bmy nape\u0142nieni Duchem \u015bw.- \u201eDuch, kt\u00f3ry umacnia mi\u0142o\u015b\u0107\u201d. Mi\u0142o\u015b\u0107 r\u00f3wnie\u017c do bli\u017cniego, do potrzebujacych z naszego otoczenia.<\/p>\n\n\n\n<p>Z Nowym 2018 rokiem &#8211;&nbsp;nowe zadania stoj\u0105 przed Parafialnym Zespo\u0142em Caritas, aby&nbsp;do dzie\u0142 Mi\u0142osierdzia realizuj\u0105cych si\u0119 w parafii z jeszcze wi\u0119ksz\u0105 si\u0142\u0105 i moc\u0105 zainspirowa\u0107&nbsp;wszystkie wsp\u00f3lnoty&nbsp;parafialne&nbsp;i wszystkich ludzi dobrej woli z terenu parafii.&nbsp;Podejmowanie wsp\u00f3lnych zada\u0144 charytatywnych ze wsp\u00f3lnotami dzia\u0142aj\u0105cymi w parafii i szerzenie informacji o pracy charytatywnej w parafii, chocia\u017cby za po\u015brednictwem parafialnej strony internetowej to jedna z wielu form promocji tego wielkiego dzie\u0142a opartego na Mi\u0142osierdziu. Mo\u017cemy wsp\u00f3lnie&nbsp;tworzy\u0107&nbsp;wielkie dzie\u0142a pomocy innym! Zapraszamy i zach\u0119camy wszystkich ch\u0119tnych ludzi dobrej woli, wra\u017cliwych na potrzeby drugiego cz\u0142owieka do podj\u0119cia wsp\u00f3lnych dzia\u0142a\u0144 w naszej \u015bwi\u0119toja\u0144skiej parafii w pos\u0142udze charytatywnej.&nbsp;<strong>Wsp\u00f3lnie mo\u017cemy tworzy\u0107 wielkie dzie\u0142a s\u0142u\u017c\u0105c Bogu i ludziom z naszego otoczenia, b\u0119d\u0105cym w potrzebie. B\u0105d\u017amy wra\u017cliwi na potrzeby innych, nie\u015bmy MI\u0141O\u015a\u0106 tam gdzie JEJ zabrak\u0142o. Poprzez dobre s\u0142owo, u\u015bmiech, pomoc materialn\u0105, modlitw\u0119 i dobre uczynki mo\u017cemy pom\u00f3c drugiemu cz\u0142owiekowi, kt<\/strong>\u00f3<strong>ry tej pomocy potrzebuje. Pami\u0119tajmy o tym, \u017ce Dobro wraca do nas z dwojon\u0105 si\u0142\u0105.<\/strong><\/p>\n","protected":false},"excerpt":{"rendered":"<p>Podstawowym miejscem&nbsp;pos\u0142ugi charytatywnej&nbsp;w&nbsp;Ko\u015bciele&nbsp;jest&nbsp;parafia.&nbsp;Zesp\u00f3\u0142 charytatywny, pod&nbsp;przewodnictwem ks. Proboszcza jest odpowiedzialny za rozeznawanie os\u00f3b potrzebuj\u0105cych i&nbsp;koordynowanie dzia\u0142a\u0144 charytatywnych na terenie parafii.&nbsp;Praca Zespo\u0142u nie zwalnia og\u00f3\u0142u wiernych a tak\u017ce innych grup i wsp\u00f3lnot dzia\u0142aj\u0105cych w parafii z obowi\u0105zku \u015bwiadczenia mi\u0142osierdzia, lecz je jedynie usprawnia, koordynuje i uzupe\u0142nia. Zesp\u00f3\u0142 jest jedn\u0105 z podstawowych struktur parafii, dzi\u0119ki kt\u00f3rym wype\u0142nia ona [&hellip;]<\/p>\n","protected":false},"author":1,"featured_media":0,"parent":0,"menu_order":0,"comment_status":"closed","ping_status":"closed","template":"","meta":{"footnotes":""},"_links":{"self":[{"href":"https:\/\/parafiajanchrzcicielplock.pl\/index.php?rest_route=\/wp\/v2\/pages\/229"}],"collection":[{"href":"https:\/\/parafiajanchrzcicielplock.pl\/index.php?rest_route=\/wp\/v2\/pages"}],"about":[{"href":"https:\/\/parafiajanchrzcicielplock.pl\/index.php?rest_route=\/wp\/v2\/types\/page"}],"author":[{"embeddable":true,"href":"https:\/\/parafiajanchrzcicielplock.pl\/index.php?rest_route=\/wp\/v2\/users\/1"}],"replies":[{"embeddable":true,"href":"https:\/\/parafiajanchrzcicielplock.pl\/index.php?rest_route=%2Fwp%2Fv2%2Fcomments&post=229"}],"version-history":[{"count":2,"href":"https:\/\/parafiajanchrzcicielplock.pl\/index.php?rest_route=\/wp\/v2\/pages\/229\/revisions"}],"predecessor-version":[{"id":315,"href":"https:\/\/parafiajanchrzcicielplock.pl\/index.php?rest_route=\/wp\/v2\/pages\/229\/revisions\/315"}],"wp:attachment":[{"href":"https:\/\/parafiajanchrzcicielplock.pl\/index.php?rest_route=%2Fwp%2Fv2%2Fmedia&parent=229"}],"curies":[{"name":"wp","href":"https:\/\/api.w.org\/{rel}","templated":true}]}}