{"id":225,"date":"2023-09-06T16:40:03","date_gmt":"2023-09-06T14:40:03","guid":{"rendered":"http:\/\/parafiajanchrzcicielplock.pl\/?page_id=225"},"modified":"2023-09-23T10:06:37","modified_gmt":"2023-09-23T08:06:37","slug":"kola-zywego-rozanca","status":"publish","type":"page","link":"https:\/\/parafiajanchrzcicielplock.pl\/?page_id=225","title":{"rendered":"Ko\u0142a \u017bywego R\u00f3\u017ca\u0144ca"},"content":{"rendered":"\n<p>\u201eR\u00f3\u017caniec \u2013 skarb, kt\u00f3ry trzeba odkry\u0107\u201d (Jan Pawe\u0142 II)<\/p>\n\n\n\n<p>Przy Parafii \u015aw. Jana Chrzciciela obecnie istniej\u0105 dwa ko\u0142a \u017cywego R\u00f3\u017ca\u0144ca<\/p>\n\n\n\n<ol start=\"1\">\n<li>\u015aw. Franciszka z Asy\u017cu<\/li>\n\n\n\n<li>\u015aw. Maksymiliana Kolbe<\/li>\n<\/ol>\n\n\n\n<p>Ko\u0142a R\u00f3\u017ca\u0144cowe w parafii \u015bw. Jana Chrzciciela spotykaj\u0105 si\u0119 kolejno w ka\u017cdy poniedzia\u0142ek, wtorek, \u015brod\u0119 i pi\u0105tek w poszczeg\u00f3lnych miesi\u0105cach na modlitwie r\u00f3\u017ca\u0144cowej o godz. 17.20, aby 40 minut przed wieczorn\u0105 msz\u0105 \u015bwi\u0119t\u0105 rozwa\u017ca\u0107 kolejne tajemnice z \u017cycia Jezusa. Opiekunem wszystkich K\u00f3\u0142\u00a0\u017bywego\u00a0R\u00f3\u017ca\u0144ca jest ks. Proboszcz.<\/p>\n\n\n\n<p>Pierwsze ko\u0142a r\u00f3\u017ca\u0144cowe w parafii \u015bw. Jana Chrzciciela w P\u0142ocku powsta\u0142y 1987 roku na czele ka\u017cdego z czterech k\u00f3\u0142 r\u00f3\u017ca\u0144cowych stoj\u0105 zelatorzy.&nbsp;Ko\u0142a r\u00f3\u017ca\u0144cowe bior\u0105 czynny udzia\u0142 w \u017cyciu parafii przede wszystkim poprzez nieustann\u0105 modlitw\u0119 oraz uczestnictwo w nabo\u017ce\u0144stwach r\u00f3\u017ca\u0144cowych i innych ku czci Matki Bo\u017cej a w okresie Wielkiego Postu w drodze krzy\u017cowej. Modlitw\u0119 r\u00f3\u017ca\u0144cow\u0105 wraz z rozwa\u017caniem kolejnych tajemnic ko\u0142a r\u00f3\u017ca\u0144cowe prowadz\u0105 wg. konspektu zamieszczonego w miesi\u0119czniku \u201eR\u00f3\u017caniec\u201d. Ka\u017cdy cz\u0142onek ko\u0142a codziennie odmawia jedn\u0105 tajemnic\u0119 r\u00f3\u017ca\u0144ca w intencjach papieskich: og\u00f3lnej i misyjnej zalecanych na dany miesi\u0105c przez Ko\u015bci\u00f3\u0142. Raz w miesi\u0105cu dokonujemy wymiany tajemnic r\u00f3\u017ca\u0144cowych. W naszych codziennych modlitwach r\u00f3\u017ca\u0144cowych polecamy Ko\u015bci\u00f3\u0142, Ojca \u015aw., biskup\u00f3w szczeg\u00f3lnie naszej diecezji i ksi\u0119\u017cy \u2013 naszej parafii, za&nbsp; WSD oraz za misje i misjonarzy. Za po\u015brednictwem Maryi \u2013 Kr\u00f3lowej R\u00f3\u017ca\u0144ca \u015awi\u0119tego zanosimy nasze modlitwy do Jezusa Mi\u0142osiernego o liczne powo\u0142ania kap\u0142a\u0144skie, zakonne i misyjne oraz za chorych i cierpi\u0105cych \u2013 w spos\u00f3b szczeg\u00f3lny za cz\u0142onk\u00f3w K\u017bR, a tak\u017ce za jubilat\u00f3w, solenizant\u00f3w, za zmar\u0142ych, za rz\u0105dz\u0105cych, za Ojczyzn\u0119, o nawr\u00f3cenie grzesznik\u00f3w, o \u015aDM w Krakowie 2016 r. oraz w innych intencjach: osobistych i zalecanych przez Ko\u015bci\u00f3\u0142 w danym czasie.&nbsp;<\/p>\n\n\n\n<p>Zasadniczo ka\u017cde ko\u0142o powinno liczy\u0107 20 cz\u0142onk\u00f3w. W\u015br\u00f3d cz\u0142onk\u00f3w K\u00f3\u0142 \u017bywego R\u00f3\u017ca\u0144ca s\u0105 r\u00f3wnie\u017c osoby starsze, kt\u00f3re cz\u0119sto pozostaj\u0105 w swoich domach w \u0142\u0105czno\u015bci modlitewnej z R\u00f3\u017c\u0105 i Ko\u015bcio\u0142em. Niekt\u00f3rzy cz\u0142onkowie K\u017bR anga\u017cuj\u0105 si\u0119 w dzia\u0142alno\u015b\u0107 innych grup i wsp\u00f3lnot istniej\u0105cych w naszej parafii, mo\u017cna ich tam zauwa\u017cy\u0107. Ko\u0142a R\u00f3\u017ca\u0144cowe raz do roku uczestnicz\u0105 w spotkaniach op\u0142atkowych oraz cz\u0119\u015bciej w spotkaniach formacyjnych i okoliczno\u015bciowych organizowanych przez ks. Proboszcza. Dodatkowo co roku mamy sposobno\u015b\u0107 uczestniczenia w pielgrzymkach, organizowanych przez ks. kanonika, do r\u00f3\u017cnych sanktuari\u00f3w maryjnych. Nasze wsp\u00f3lnoty r\u00f3\u017ca\u0144cowe prenumeruj\u0105 miesi\u0119cznik \u201eR\u00f3\u017caniec\u201d. Ciekawe artyku\u0142y, \u015bwiadectwa i modlitwy zawarte w pi\u015bmie s\u0105 nam bardzo przydatne w zg\u0142\u0119bianiu naszej wiary.<\/p>\n\n\n\n<p>W&nbsp;li\u015bcie apostolskim&nbsp;<em>Rosarium Virginis Mariae&nbsp;<\/em>(RVM) Ojciec \u015awi\u0119ty Jan Pawe\u0142 II apeluje, prosi i&nbsp;zach\u0119ca, aby\u015bmy na nowo odkryli skarb modlitwy r\u00f3\u017ca\u0144cowej. Jest to \u201emodlitwa umi\u0142owana przez licznych \u015bwi\u0119tych (\u2026).&nbsp;W&nbsp;swej prostocie i&nbsp;g\u0142\u0119bi pozostaje (\u2026)&nbsp;modlitw\u0105 o&nbsp;wielkim znaczeniu, przynosz\u0105c\u0105 owoce \u015bwi\u0119to\u015bci\u201d (RVM 1).<\/p>\n\n\n\n<p>\u017bywy R\u00f3\u017caniec oznacza \u017cycie wed\u0142ug Ewangelii, kt\u00f3ra jest fundamentem i \u017ar\u00f3d\u0142em \u017cycia chrze\u015bcija\u0144skiego. R\u00f3\u017caniec jest modlitw\u0105 Ewangeliczn\u0105, poniewa\u017c zawiera Modlitw\u0119 Pa\u0144sk\u0105 i Pozdrowienie Anielskie oraz ewangeliczne Tajemnice naszego odkupienia. Z tego powodu R\u00f3\u017caniec nazywamy streszczeniem lub zbiorem najwa\u017cniejszych prawd Ewangelii.<\/p>\n\n\n\n<p>\u017bywy R\u00f3\u017caniec oznacza \u017cycie wiar\u0105, nadziej\u0105 i mi\u0142o\u015bci\u0105 na wz\u00f3r Maryi; nale\u017ce\u0107 bowiem do \u017bywego R\u00f3\u017ca\u0144ca znaczy wierzy\u0107 w istnienie Boga i wierzy\u0107 Bogu, kt\u00f3ry przemawia, ufa\u0107 Bogu i w Jego dzie\u0142o zbawienia oraz kocha\u0107 Boga i bli\u017anich, tak jak Maryja.<\/p>\n\n\n\n<ol>\n<li>\u017bywy R\u00f3\u017caniec sk\u0142ada si\u0119 z \u017bywych R\u00f3\u017c.<\/li>\n\n\n\n<li>Ka\u017cda r\u00f3\u017ca posiada dwadzie\u015bcia os\u00f3b, z kt\u00f3rych ka\u017cda odmawia codziennie jeden dziesi\u0105tek R\u00f3\u017ca\u0144ca, czyli jedn\u0105 tajemnic\u0119, po\u0142\u0105czon\u0105 z rozwa\u017caniem. W ten spos\u00f3b odmawiany jest w R\u00f3\u017cy codziennie ca\u0142y R\u00f3\u017caniec &#8211; dwadzie\u015bcia tajemnic.<\/li>\n\n\n\n<li>Imi\u0119 i nazwisko cz\u0142onka jest wpisane do Ksi\u0119gi \u017bywego R\u00f3\u017ca\u0144ca.<\/li>\n\n\n\n<li>Na czele r\u00f3\u017cy stoi zelator lub zelatorka.<\/li>\n\n\n\n<li>Ka\u017cda r\u00f3\u017ca obiera sobie Patrona, od kt\u00f3rego bierze sw\u0105 nazw\u0119.<\/li>\n\n\n\n<li>Cz\u0142onkowie \u017bywego R\u00f3\u017ca\u0144ca staraj\u0105 si\u0119 na\u015bladowa\u0107 cnoty Naj\u015bwi\u0119tszej Maryi Panny.<\/li>\n\n\n\n<li>Uroczy\u015bcie obchodz\u0105 \u015bwi\u0119ta swojego Patrona, najlepiej w najbli\u017csz\u0105 niedziel\u0119. Zamawiaj\u0105 Msz\u0119 \u015bw. i w stanie \u0142aski u\u015bwi\u0119caj\u0105cej przyjmuj\u0105 Komuni\u0119 \u015bw.<\/li>\n\n\n\n<li>Raz w miesi\u0105cu, cz\u0142onkowie \u017bywego R\u00f3\u017ca\u0144ca dokonuj\u0105 zmiany tajemnic r\u00f3\u017ca\u0144cowych przez ci\u0105g\u0142\u0105 kolejno\u015b\u0107 tajemnic. Od tego dnia nast\u0119puje zmiana intencji R\u00f3\u017ca\u0144ca (co miesi\u0105c inna intencja papieska).<\/li>\n\n\n\n<li>Podstawowym obowi\u0105zkiem ka\u017cdego cz\u0142onka jest odmawianie codziennie jednego dziesi\u0105tka R\u00f3\u017ca\u0144ca wed\u0142ug podanej intencji.<\/li>\n\n\n\n<li>Zelator czuwa, by R\u00f3\u017ca posiada\u0142a pe\u0142ny sk\u0142ad &#8211; dwadzie\u015bcia os\u00f3b, odwiedza chorych cz\u0142onk\u00f3w i otacza ich mi\u0142o\u015bci\u0105 oraz utrzymuje kontakt z ksi\u0119dzem opiekunem.<\/li>\n<\/ol>\n\n\n\n<p>\u201eAutentyczna, \u017cywa wiara wyra\u017ca si\u0119 w&nbsp;trudzie codziennej modlitwy. Kto przestaje si\u0119 modli\u0107, w&nbsp;praktyce staje si\u0119 ateist\u0105, duchowo obumiera i&nbsp;traci najwi\u0119kszy duchowy skarb, jakim s\u0105 wiara, nadzieja i&nbsp;mi\u0142o\u015b\u0107.\u201d (\u015bw. Jan Pawe\u0142 II)<\/p>\n\n\n\n<p>W jednym z objawie\u0144 w Fatimie Matka Bo\u017ca powiedzia\u0142a do \u0141ucji:<\/p>\n\n\n\n<p>Chc\u0119&#8230; \u017ceby\u015b codziennie odmawia\u0142a r\u00f3\u017caniec&#8230;\u201d. Podobnie w lipcu powiedzia\u0142a: \u201eChc\u0119, \u017ceby\u015bcie nadal codziennie odmawiali r\u00f3\u017caniec na cze\u015b\u0107 Matki Bo\u017cej R\u00f3\u017ca\u0144cowej dla uproszenia pokoju na \u015bwiecie i w intencji zako\u0144czenia wojny, bo tylko Ona mo\u017ce te \u0142aski dla ludzi uzyska\u0107\u201d.<\/p>\n\n\n\n<p>Zach\u0119camy do wsp\u00f3lnej modlitwy r\u00f3\u017ca\u0144cowej jak r\u00f3wnie\u017c do zasilenia szereg\u00f3w K\u00f3\u0142 \u017bywego R\u00f3\u017ca\u0144ca w naszej parafii.&nbsp; Mile widziane s\u0105 zar\u00f3wno kobiety jak i m\u0119\u017cczy\u017ani. Mo\u017cna zak\u0142ada\u0107 nowe ko\u0142a jak i zasila\u0107 ju\u017c&nbsp; istniej\u0105ce, zach\u0119camy do w\u0142\u0105czenia si\u0119 w nasze wsp\u00f3lnotowe&nbsp; r\u00f3\u017ca\u0144cowe&nbsp;modlitwy.<\/p>\n\n\n\n<p><\/p>\n\n\n\n<p>Spotkania grupy parafialnej:<br><a href=\"http:\/\/www.parafiajanchrzcicielplock.pl\/mapa-strony\/wspolnoty-parafialne\/kola-zywego-rozanca\">Ko\u0142a \u017bywego R\u00f3\u017ca\u0144ca<\/a>&nbsp;(pw. \u015bw. Franciszka w poniedzia\u0142ki ok. godz. 17.20 ,&nbsp;&nbsp;\u015bw. Maksymiliana Kolbe w \u015brody o 17.20,&nbsp;)<\/p>\n","protected":false},"excerpt":{"rendered":"<p>\u201eR\u00f3\u017caniec \u2013 skarb, kt\u00f3ry trzeba odkry\u0107\u201d (Jan Pawe\u0142 II) Przy Parafii \u015aw. Jana Chrzciciela obecnie istniej\u0105 dwa ko\u0142a \u017cywego R\u00f3\u017ca\u0144ca Ko\u0142a R\u00f3\u017ca\u0144cowe w parafii \u015bw. Jana Chrzciciela spotykaj\u0105 si\u0119 kolejno w ka\u017cdy poniedzia\u0142ek, wtorek, \u015brod\u0119 i pi\u0105tek w poszczeg\u00f3lnych miesi\u0105cach na modlitwie r\u00f3\u017ca\u0144cowej o godz. 17.20, aby 40 minut przed wieczorn\u0105 msz\u0105 \u015bwi\u0119t\u0105 rozwa\u017ca\u0107 kolejne [&hellip;]<\/p>\n","protected":false},"author":1,"featured_media":0,"parent":0,"menu_order":0,"comment_status":"closed","ping_status":"closed","template":"","meta":{"footnotes":""},"_links":{"self":[{"href":"https:\/\/parafiajanchrzcicielplock.pl\/index.php?rest_route=\/wp\/v2\/pages\/225"}],"collection":[{"href":"https:\/\/parafiajanchrzcicielplock.pl\/index.php?rest_route=\/wp\/v2\/pages"}],"about":[{"href":"https:\/\/parafiajanchrzcicielplock.pl\/index.php?rest_route=\/wp\/v2\/types\/page"}],"author":[{"embeddable":true,"href":"https:\/\/parafiajanchrzcicielplock.pl\/index.php?rest_route=\/wp\/v2\/users\/1"}],"replies":[{"embeddable":true,"href":"https:\/\/parafiajanchrzcicielplock.pl\/index.php?rest_route=%2Fwp%2Fv2%2Fcomments&post=225"}],"version-history":[{"count":4,"href":"https:\/\/parafiajanchrzcicielplock.pl\/index.php?rest_route=\/wp\/v2\/pages\/225\/revisions"}],"predecessor-version":[{"id":674,"href":"https:\/\/parafiajanchrzcicielplock.pl\/index.php?rest_route=\/wp\/v2\/pages\/225\/revisions\/674"}],"wp:attachment":[{"href":"https:\/\/parafiajanchrzcicielplock.pl\/index.php?rest_route=%2Fwp%2Fv2%2Fmedia&parent=225"}],"curies":[{"name":"wp","href":"https:\/\/api.w.org\/{rel}","templated":true}]}}