{"id":218,"date":"2023-09-06T16:31:34","date_gmt":"2023-09-06T14:31:34","guid":{"rendered":"http:\/\/parafiajanchrzcicielplock.pl\/?page_id=218"},"modified":"2023-12-15T15:32:23","modified_gmt":"2023-12-15T14:32:23","slug":"odnowa-w-duchu-swietym","status":"publish","type":"page","link":"https:\/\/parafiajanchrzcicielplock.pl\/?page_id=218","title":{"rendered":"Odnowa w Duchu \u015awi\u0119tym &#8220;Chrystus S\u0142uga&#8221;"},"content":{"rendered":"<div class=\"wp-block-image\">\n<figure class=\"aligncenter size-large is-resized\"><img loading=\"lazy\" decoding=\"async\" width=\"1024\" height=\"768\" src=\"https:\/\/parafiajanchrzcicielplock.pl\/wp-content\/uploads\/2023\/12\/IMG_5175-1024x768.jpeg\" alt=\"\" class=\"wp-image-1130\" style=\"aspect-ratio:1.3333333333333333;width:840px;height:auto\" srcset=\"https:\/\/parafiajanchrzcicielplock.pl\/wp-content\/uploads\/2023\/12\/IMG_5175-1024x768.jpeg 1024w, https:\/\/parafiajanchrzcicielplock.pl\/wp-content\/uploads\/2023\/12\/IMG_5175-300x225.jpeg 300w, https:\/\/parafiajanchrzcicielplock.pl\/wp-content\/uploads\/2023\/12\/IMG_5175-768x576.jpeg 768w, https:\/\/parafiajanchrzcicielplock.pl\/wp-content\/uploads\/2023\/12\/IMG_5175-1536x1152.jpeg 1536w, https:\/\/parafiajanchrzcicielplock.pl\/wp-content\/uploads\/2023\/12\/IMG_5175-2048x1536.jpeg 2048w\" sizes=\"(max-width: 1024px) 100vw, 1024px\" \/><\/figure><\/div>\n\n\n<hr class=\"wp-block-separator has-alpha-channel-opacity\"\/>\n\n\n\n<p class=\"has-text-align-center\"><a rel=\"noreferrer noopener\" href=\"https:\/\/l.facebook.com\/l.php?u=http%3A%2F%2Fwww.parafiajanachrzcicielaplock.pl%2F%3Ffbclid%3DIwAR2kUiaKQ5xRZBIyz7tMR2d1kPRf9_LPviR48CpxUVSdBONmU9_cUfvf8u4&amp;h=AT0dimuTLktMBRLSo3D3DUzUlZDyW6RAApyQKaV44QDU47XcXoNgISGHVyi7XEVwlqh70H_ZzIfGugEgqp7LAoK4xIfh5MlKhGjWPcpU5p7EDgG2ROwjvtQ8m7zGU53D-ULOBhtllIHcpcty6c-gkxGYSKjoGh4qdw5Z9jMs3O7qg3b1j7oEGAxQewUTr3ZLSeJzLD69IFpfZcu10Y9cF_iWzd7vG-m40jFdenXRohpadFCgTaVFc3BlbubK6sz0qprsoJN058WGtkWt0OZJlVHtkJthS9-j_MvA3d9FlTF0M9O46ZmMbjts8pAWX0_eMmipd0FjIeJMyeAhJhqDSjIz0KfpPe2GGkcpDosxsi3hLOthM4-5Twkn5O9tzstbfgVZHFlwQDKNhGcnZAAyh32FIbUkztBotK-JrHuR23cDUjwPvnsu_P_e0iqhLUn6UVhH0WBCo5XPniMg1gCqs18zbrZHqyglaROEBTFjKiuEemyWOtQ9Zf96YsWpP5AjQ6HNJ9I73cgauH29UDZ9jZsNyf35EqIsiVXDKVoQqLFnnTHXBpKnWsAGNCe4RkIgOxaeSXICMhgGIWIlTPd1Gis1Joghqm5OKbo\" target=\"_blank\"><\/a><strong>Nasza Grupa prowadzi w ka\u017cdy drugi czwartek miesi\u0105ca adoracj\u0119 Naj\u015bwi\u0119tszego Sakramentu\u00a0<\/strong><\/p>\n\n\n\n<p class=\"has-text-align-center\"><strong>Zaczyna si\u0119 ona o godz. 17.00 w \u015awi\u0119toja\u0144skiej parafii w P\u0142ocku <\/strong><\/p>\n\n\n\n<p class=\"has-text-align-center\"><strong>i ko\u0144czy si\u0119 przed wieczorn\u0105 Msz\u0105 \u015awi\u0119t\u0105<\/strong><\/p>\n\n\n<div class=\"wp-block-image\">\n<figure class=\"aligncenter size-large\"><img loading=\"lazy\" decoding=\"async\" width=\"1024\" height=\"720\" src=\"http:\/\/parafiajanchrzcicielplock.pl\/wp-content\/uploads\/2023\/11\/IMG_4007-1024x720.jpeg\" alt=\"\" class=\"wp-image-963\" srcset=\"https:\/\/parafiajanchrzcicielplock.pl\/wp-content\/uploads\/2023\/11\/IMG_4007-1024x720.jpeg 1024w, https:\/\/parafiajanchrzcicielplock.pl\/wp-content\/uploads\/2023\/11\/IMG_4007-300x211.jpeg 300w, https:\/\/parafiajanchrzcicielplock.pl\/wp-content\/uploads\/2023\/11\/IMG_4007-768x540.jpeg 768w, https:\/\/parafiajanchrzcicielplock.pl\/wp-content\/uploads\/2023\/11\/IMG_4007.jpeg 1290w\" sizes=\"(max-width: 1024px) 100vw, 1024px\" \/><\/figure><\/div>\n\n\n<p class=\"has-text-align-center\">Intencje mo\u017cna sk\u0142ada\u0107 r\u00f3wnie\u017c elektronicznie&nbsp;na e-mail: <a rel=\"noreferrer noopener\" href=\"mailto:elzbietamorawska1@gmail.com\" target=\"_blank\">elzbietamorawska1@gmail.com<\/a><\/p>\n\n\n\n<hr class=\"wp-block-separator has-alpha-channel-opacity\"\/>\n\n\n<div class=\"wp-block-image\">\n<figure class=\"aligncenter size-large\"><img loading=\"lazy\" decoding=\"async\" width=\"1024\" height=\"719\" src=\"http:\/\/parafiajanchrzcicielplock.pl\/wp-content\/uploads\/2023\/10\/IMG_3315-1024x719.jpeg\" alt=\"\" class=\"wp-image-823\" srcset=\"https:\/\/parafiajanchrzcicielplock.pl\/wp-content\/uploads\/2023\/10\/IMG_3315-1024x719.jpeg 1024w, https:\/\/parafiajanchrzcicielplock.pl\/wp-content\/uploads\/2023\/10\/IMG_3315-300x211.jpeg 300w, https:\/\/parafiajanchrzcicielplock.pl\/wp-content\/uploads\/2023\/10\/IMG_3315-768x539.jpeg 768w, https:\/\/parafiajanchrzcicielplock.pl\/wp-content\/uploads\/2023\/10\/IMG_3315.jpeg 1242w\" sizes=\"(max-width: 1024px) 100vw, 1024px\" \/><\/figure><\/div>\n\n\n<hr class=\"wp-block-separator has-alpha-channel-opacity\"\/>\n\n\n\n<p class=\"has-colibri-color-1-color has-text-color has-medium-font-size\"><strong>O wsp\u00f3lnocie<\/strong><\/p>\n\n\n\n<p>W 1995 roku w parafii \u015bw. Jana Chrzciciela w P\u0142ocku z inicjatywy ks. Lecha Pi\u00f3rkowskiego zosta\u0142y odprawione Rekolekcje Ewangelizacyjne Odnowy w Duchu \u015awi\u0119tym. Owocem tych rekolekcji, by\u0142o powstanie grupy modlitewnej przy \u015bwi\u0119toja\u0144skiej parafii. Grupa ta po p\u00f3\u017aniejszym rozeznaniu przyj\u0119\u0142a nazw\u0119 \u201eChrystus S\u0142uga\u201d. <\/p>\n\n\n\n<p>Obecnie naszym opiekunem jest&nbsp;<strong>ks. dr Krzysztof Cymerman,<\/strong> a nowym liderem wsp\u00f3lnoty<strong> p. Monika Lisicka (<a href=\"https:\/\/www.facebook.com\/monika.lisicka.12\" data-type=\"link\" data-id=\"https:\/\/www.facebook.com\/monika.lisicka.12\">kontakt przez FB<\/a>) <\/strong><\/p>\n\n\n<div class=\"wp-block-image\">\n<figure class=\"aligncenter size-large\"><img loading=\"lazy\" decoding=\"async\" width=\"1024\" height=\"768\" src=\"http:\/\/parafiajanchrzcicielplock.pl\/wp-content\/uploads\/2023\/11\/IMG_3154-1024x768.jpeg\" alt=\"\" class=\"wp-image-965\" srcset=\"https:\/\/parafiajanchrzcicielplock.pl\/wp-content\/uploads\/2023\/11\/IMG_3154-1024x768.jpeg 1024w, https:\/\/parafiajanchrzcicielplock.pl\/wp-content\/uploads\/2023\/11\/IMG_3154-300x225.jpeg 300w, https:\/\/parafiajanchrzcicielplock.pl\/wp-content\/uploads\/2023\/11\/IMG_3154-768x576.jpeg 768w, https:\/\/parafiajanchrzcicielplock.pl\/wp-content\/uploads\/2023\/11\/IMG_3154-1536x1152.jpeg 1536w, https:\/\/parafiajanchrzcicielplock.pl\/wp-content\/uploads\/2023\/11\/IMG_3154-2048x1536.jpeg 2048w\" sizes=\"(max-width: 1024px) 100vw, 1024px\" \/><\/figure><\/div>\n\n\n<p>Wsp\u00f3lnota liczy obecnie oko\u0142o 25 os\u00f3b i od 1995 roku gromadzi si\u0119 <strong>w ka\u017cdy czwartek <\/strong>na spotkaniach modlitewnych. Celem naszych spotka\u0144 jest uwielbienie Boga i rozwa\u017canie Jego S\u0142owa.&nbsp;<strong>Dbamy o nasz duchowy wzrost przez proponowan\u0105 we wsp\u00f3lnocie formacj\u0119 oraz uczestnictwo w rekolekcjach. Rozeznajemy nasze charyzmaty i s\u0142u\u017cymy nimi.<\/strong><\/p>\n\n\n\n<hr class=\"wp-block-separator has-alpha-channel-opacity\"\/>\n\n\n\n<figure class=\"wp-block-image size-full is-resized\"><img loading=\"lazy\" decoding=\"async\" width=\"640\" height=\"640\" src=\"http:\/\/parafiajanchrzcicielplock.pl\/wp-content\/uploads\/2023\/10\/logo-odnowy-w-Polsce1.jpg.webp\" alt=\"\" class=\"wp-image-786\" style=\"width:174px;height:174px\" srcset=\"https:\/\/parafiajanchrzcicielplock.pl\/wp-content\/uploads\/2023\/10\/logo-odnowy-w-Polsce1.jpg.webp 640w, https:\/\/parafiajanchrzcicielplock.pl\/wp-content\/uploads\/2023\/10\/logo-odnowy-w-Polsce1.jpg-300x300.webp 300w, https:\/\/parafiajanchrzcicielplock.pl\/wp-content\/uploads\/2023\/10\/logo-odnowy-w-Polsce1.jpg-150x150.webp 150w\" sizes=\"(max-width: 640px) 100vw, 640px\" \/><\/figure>\n\n\n\n<p>Nasza wsp\u00f3lnota&nbsp;<strong>s\u0142u\u017cy modlitw\u0105 wstawiennicz\u0105<\/strong>. Mamy we wsp\u00f3lnocie&nbsp;<strong>diakonie muzyczn\u0105 i liturgiczn\u0105<\/strong>. Organizujemy coroczn\u0105 pielgrzymk\u0119 do Cz\u0119stochowy na Og\u00f3lnopolskie Czuwanie Odnowy w Duchu \u015awi\u0119tym. 30 maja 2019 uczestniczyli\u015bmy w&nbsp; pielgrzymce do Niepokalanowa, owoc zawierzenia naszego \u017cycia Jezusowi przez Maryj\u0119 &#8211; podczas rekolekcji poprowadzonych przez \u00f3wczesnego opiekuna naszej wsp\u00f3lnoty ks. Paw\u0142a Niewinowskiego.<\/p>\n\n\n\n<p>Nasza wsp\u00f3lnota do\u015b\u0107 aktywnie w\u0142\u0105cza si\u0119 w \u017cycie parafii poprzez prowadzenie drogi krzy\u017cowej, r\u00f3\u017ca\u0144ca oraz przez cz\u0119sto podejmowan\u0105 opraw\u0119 liturgiczn\u0105 w dni powszednie, niedziele i \u015bwi\u0119ta.<\/p>\n\n\n\n<p><strong>Serdecznie zapraszamy Wszystkich na nasze czwartkowe spotkania<\/strong> by wsp\u00f3lnie uwielbia\u0107 Boga w Tr\u00f3jcy \u015awi\u0119tej Jedynego, rozeznawa\u0107 nasze &#8211; charyzmaty i s\u0142u\u017cy\u0107 nimi dla dobra Ko\u015bcio\u0142a &#8211; tam gdzie Pan Jezus w mocy Ducha \u015awi\u0119tego zechce nas pos\u0142a\u0107.<\/p>\n\n\n\n<hr class=\"wp-block-separator has-alpha-channel-opacity\"\/>\n\n\n\n<p>Wsp\u00f3lnota \u201eChrystus S\u0142uga\u201d bierze udzia\u0142 w r\u00f3\u017cnych formacyjnych rekolekcjach: \u201eUzdrowienie wspomnie\u0144\u201d, \u201eAkceptacja siebie\u201d, \u201eUzdrowienie wewn\u0119trzne\u201d, REO, Rekolekcje o Rozeznawaniu, dla Animator\u00f3w i inne \u2013 najcz\u0119\u015bciej w&nbsp;<a href=\"https:\/\/www.google.pl\/url?sa=t&amp;rct=j&amp;q=&amp;esrc=s&amp;source=web&amp;cd=14&amp;cad=rja&amp;uact=8&amp;ved=0ahUKEwifk7_VtrrPAhXjJJoKHexgBC0QFgh2MA0&amp;url=http%3A%2F%2Fwww.cfwieczernik.odnowa.org%2F&amp;usg=AFQjCNGAYngMuFc3KJ35jybD3Y7BXfpkGg&amp;sig2=-VxUMl9z6t4paBpooMUOnQ\">Centrum Formacji Odnowy w Duchu \u015awi\u0119tym w<\/a><a href=\"https:\/\/www.google.pl\/url?sa=t&amp;rct=j&amp;q=&amp;esrc=s&amp;source=web&amp;cd=14&amp;cad=rja&amp;uact=8&amp;ved=0ahUKEwifk7_VtrrPAhXjJJoKHexgBC0QFgh2MA0&amp;url=http%3A%2F%2Fwww.cfwieczernik.odnowa.org%2F&amp;usg=AFQjCNGAYngMuFc3KJ35jybD3Y7BXfpkGg&amp;sig2=-VxUMl9z6t4paBpooMUOnQ\">&nbsp;\u201eWieczerniku\u201d<\/a>&nbsp;w Magdalence. i Zalesiu<\/p>\n\n\n\n<p><strong>Inne wydarzenia diecezjalne i parafialne:<\/strong><\/p>\n\n\n\n<p>W roku 2017 i 2018&nbsp; do\u015b\u0107 licznie jako Wsp\u00f3lnota uczestniczyli\u015bmy w rekolekcjach diecezjalnych prowadzonych przez o. dr. Jose Maniparambil \u2013 autora m.in. ksi\u0105\u017cki :\u201dCztery strumienie mi\u0142o\u015bci\u201d. W latach&nbsp; 2016 &#8211; 2017 uczestniczyli\u015bmy w Szkole Biblijnej \u2013 cyklu ca\u0142orocznej formacji biblijnej w ka\u017cd\u0105 czwart\u0105 sobot\u0119 miesi\u0105ca w P\u0142o\u0144sku.<\/p>\n\n\n\n<p>Do&nbsp; 30.09.2019 r.&nbsp;wsp\u00f3lnota gromadzi\u0142a si\u0119&nbsp;w ko\u015bciele \u015bwi\u0119toja\u0144skim w P\u0142ocku&nbsp;w ka\u017cd\u0105 3 sobot\u0119 miesi\u0105ca, aby uczestniczy\u0107 we Mszy \u015bwi\u0119tej z modlitw\u0105 o uzdrowienie. Od wrze\u015bnia 2019 roku ww. Msze \u015bw. zosta\u0142y zawieszone.<\/p>\n\n\n\n<p>W roku 2019 wsp\u00f3lnota &#8220;Chrystus S\u0142uga&#8221; zorganizowa\u0142a w&nbsp;\u015bwi\u0119toja\u0144skiej parafii&nbsp;rekolekcje REO, a w latach 2018\/2019 uczestniczy\u0142a w diecezjalnych rekolekcjach dla animator\u00f3w &#8211; poprowadzonych przez wsp\u00f3lnot\u0119 Mocni w Duchu w Wy\u017cszym Seminarium Duchownym w P\u0142ocku.<\/p>\n\n\n\n<p>W 2019 roku (sobota, 18.05.2019&nbsp;do\u015b\u0107 licznie zaakcentowali\u015bmy sw\u00f3j udzia\u0142&nbsp;w XXIV Konangresie Odnowy w Cz\u0119stochowie &#8211;&nbsp; oraz&nbsp;22.09.2019&nbsp;w Diecezjalnym Dniu Skupienia Odnowy w Duchu \u015awi\u0119tym w P\u0142ocku na Stanis\u0142aw\u00f3wce, modl\u0105c si\u0119 o jedno\u015b\u0107 mi\u0119dzykudzk\u0105 i ma\u0142\u017ce\u0144sk\u0105.<\/p>\n","protected":false},"excerpt":{"rendered":"<p>Nasza Grupa prowadzi w ka\u017cdy drugi czwartek miesi\u0105ca adoracj\u0119 Naj\u015bwi\u0119tszego Sakramentu\u00a0 Zaczyna si\u0119 ona o godz. 17.00 w \u015awi\u0119toja\u0144skiej parafii w P\u0142ocku i ko\u0144czy si\u0119 przed wieczorn\u0105 Msz\u0105 \u015awi\u0119t\u0105 Intencje mo\u017cna sk\u0142ada\u0107 r\u00f3wnie\u017c elektronicznie&nbsp;na e-mail: elzbietamorawska1@gmail.com O wsp\u00f3lnocie W 1995 roku w parafii \u015bw. Jana Chrzciciela w P\u0142ocku z inicjatywy ks. Lecha Pi\u00f3rkowskiego zosta\u0142y odprawione [&hellip;]<\/p>\n","protected":false},"author":1,"featured_media":0,"parent":0,"menu_order":0,"comment_status":"closed","ping_status":"closed","template":"","meta":{"footnotes":""},"_links":{"self":[{"href":"https:\/\/parafiajanchrzcicielplock.pl\/index.php?rest_route=\/wp\/v2\/pages\/218"}],"collection":[{"href":"https:\/\/parafiajanchrzcicielplock.pl\/index.php?rest_route=\/wp\/v2\/pages"}],"about":[{"href":"https:\/\/parafiajanchrzcicielplock.pl\/index.php?rest_route=\/wp\/v2\/types\/page"}],"author":[{"embeddable":true,"href":"https:\/\/parafiajanchrzcicielplock.pl\/index.php?rest_route=\/wp\/v2\/users\/1"}],"replies":[{"embeddable":true,"href":"https:\/\/parafiajanchrzcicielplock.pl\/index.php?rest_route=%2Fwp%2Fv2%2Fcomments&post=218"}],"version-history":[{"count":32,"href":"https:\/\/parafiajanchrzcicielplock.pl\/index.php?rest_route=\/wp\/v2\/pages\/218\/revisions"}],"predecessor-version":[{"id":1133,"href":"https:\/\/parafiajanchrzcicielplock.pl\/index.php?rest_route=\/wp\/v2\/pages\/218\/revisions\/1133"}],"wp:attachment":[{"href":"https:\/\/parafiajanchrzcicielplock.pl\/index.php?rest_route=%2Fwp%2Fv2%2Fmedia&parent=218"}],"curies":[{"name":"wp","href":"https:\/\/api.w.org\/{rel}","templated":true}]}}