{"id":206,"date":"2023-09-06T11:12:03","date_gmt":"2023-09-06T09:12:03","guid":{"rendered":"http:\/\/parafiajanchrzcicielplock.pl\/?page_id=206"},"modified":"2026-04-05T15:47:46","modified_gmt":"2026-04-05T13:47:46","slug":"ogloszenia-03-09-2023","status":"publish","type":"page","link":"https:\/\/parafiajanchrzcicielplock.pl\/?page_id=206","title":{"rendered":"Og\u0142oszenia Duszpasterskie"},"content":{"rendered":"\n<h1 class=\"wp-block-heading has-text-align-center has-colibri-color-2-color has-text-color has-link-color has-large-font-size wp-elements-a4984327de6b6e4e02feb0813b0301ef\"><strong>Niedziela Wielkanocna<\/strong><br><strong> 05 kwietnia 2026 r.<\/strong><\/h1>\n\n\n\n<ol>\n<li>\u017bYCZENIA BISKUPA P\u0141OCKIEGO Z OKAZJI UROCZYSTO\u015aCI ZMARTWYCHWSTANIA PA\u0143SKIEGO<br>Siostry i Bracia!<br>Tajemnica Zmartwychwstania Chrystusa jest ostatecznie Tajemnic\u0105 zwyci\u0119stwa Mi\u0142o\u015bci.\u00a0Przez ca\u0142y Wielki Post przygotowywali\u015bmy si\u0119 do tego, by w Wielkanoc zwyci\u0119\u017cy\u0142a w nas Bo\u017ca Mi\u0142o\u015b\u0107. Odnowienie przymierza chrzcielnego w Wigili\u0119 Paschaln\u0105 jest przypiecz\u0119towaniem naszego pragnienia, by Chrystus by\u0142 dla nas prawdziwie Drog\u0105, Prawd\u0105 i \u017byciem.\u00a0<br>Z okazji \u015bwi\u0105t \u017cycz\u0119 Wam, aby Mi\u0142o\u015b\u0107 Ukrzy\u017cowana i Zmartwychwsta\u0142a wype\u0142nia\u0142a Wasz\u0105 codzienno\u015b\u0107, umacnia\u0142a w trudno\u015bciach i by\u0142a kompasem wskazuj\u0105cym w\u0142a\u015bciwe wybory.\u00a0<br>B\u0142ogos\u0142awionej Paschy Pana!\u00a0<br>P\u0142ock, Wielkanoc 2026 r.\u00a0<br>\u2020\u00a0<em>Szymon Stu\u0142kowski &#8211; Biskup P\u0142ocki<\/em><\/li>\n\n\n\n<li>R\u00f3wnie\u017c my, duszpasterze, pragniemy \u017cyczy\u0107 Wam, drodzy parafianie i go\u015bcie, wielu \u0142ask Bo\u017cych, a przede wszystkim, aby wasze serca nape\u0142ni\u0142a Bo\u017ca Mi\u0142o\u015b\u0107, kt\u00f3ra daje si\u0142\u0119, by pomimo trudno\u015bci kroczy\u0107 przez \u017cycie ze Zmartwychwsta\u0142ym.\u00a0<\/li>\n\n\n\n<li>Msze w Niedziel\u0119 Zmartwychwstania oraz w poniedzia\u0142ek II dzie\u0144 \u015awi\u0105t Wielkanocnych \u2013 odprawiane s\u0105 wed\u0142ug porz\u0105dku niedzielnego tj. o godz.: 7.30; 9.00; 10.30; 12.00 i 18.00.<\/li>\n\n\n\n<li>W Wielki Pi\u0105tek rozpocz\u0119li\u015bmy nowenn\u0119 do Mi\u0142osierdzia Bo\u017cego. Modlitwy nowenny b\u0119d\u0105 odmawiane przez ca\u0142y tydzie\u0144 do Niedzieli Mi\u0142osierdzia Bo\u017cego po Mszy \u015awi\u0119tej wieczornej.\u00a0<\/li>\n\n\n\n<li>W tym tygodniu w Liturgii trwa oktawa Zmartwychwstania Pa\u0144skiego, a to oznacza, \u017ce przez kolejnych osiem dni b\u0119dziemy \u015bwi\u0119towa\u0107 uroczysto\u015b\u0107 Zmartwychwstania Chrystusa. Z tego samego powodu w\u00a0najbli\u017cszy pi\u0105tek nie obowi\u0105zuje nas wstrzemi\u0119\u017aliwo\u015b\u0107 od pokarm\u00f3w mi\u0119snych.<\/li>\n\n\n\n<li>Dzi\u0119kujemy za ofiary przekazane na kwiaty do Grobu Bo\u017cego.<\/li>\n\n\n\n<li>Dzi\u0119kujemy wszystkim za prac\u0119 w minionym czasie, szczeg\u00f3lnie osobom zaanga\u017cowanym w pomoc przy wykonaniu dekoracji na Triduum Paschalne oraz osobom dbaj\u0105cym o czysto\u015b\u0107 \u015bwi\u0105tyni i terenu wok\u00f3\u0142.<\/li>\n\n\n\n<li>Dzi\u0119kujemy za przygotowanie pi\u0119knej oprawy muzycznej liturgii Triduum: pani organistce wraz z zespo\u0142owi Chrze\u015bciJANie. Dzi\u0119kujemy te\u017c wszystkim grupom czuwaj\u0105cym przy Panu Jezusie w Wielki Czwartek i Wielki Pi\u0105tek, S\u0142u\u017cbie Liturgicznej za dbanie o przebieg Liturgii, Rycerzom \u015bw. Jana Paw\u0142a II i Panom, kt\u00f3rzy reprezentowali parafian przy wielkoczwartkowym obrz\u0119dzie obmywania n\u00f3g.\u00a0<\/li>\n\n\n\n<li>B\u00f3g zap\u0142a\u0107 za ofiary z\u0142o\u017cone dzi\u015b na tac\u0119.\u00a0<\/li>\n\n\n\n<li>W Wielki Pi\u0105tek na pomoc dla chrze\u015bcijan w Ziemi \u015awi\u0119tej zebrali\u015bmy 2\u00a0139\u00a0z\u0142.<\/li>\n\n\n\n<li>Zach\u0119camy do nabycia i lektury tygodnika \u201eGo\u015b\u0107 Niedzielny\u201d.<\/li>\n<\/ol>\n\n\n\n<p><\/p>\n","protected":false},"excerpt":{"rendered":"<p>Niedziela Wielkanocna 05 kwietnia 2026 r.<\/p>\n","protected":false},"author":2,"featured_media":0,"parent":0,"menu_order":0,"comment_status":"closed","ping_status":"closed","template":"","meta":{"footnotes":""},"_links":{"self":[{"href":"https:\/\/parafiajanchrzcicielplock.pl\/index.php?rest_route=\/wp\/v2\/pages\/206"}],"collection":[{"href":"https:\/\/parafiajanchrzcicielplock.pl\/index.php?rest_route=\/wp\/v2\/pages"}],"about":[{"href":"https:\/\/parafiajanchrzcicielplock.pl\/index.php?rest_route=\/wp\/v2\/types\/page"}],"author":[{"embeddable":true,"href":"https:\/\/parafiajanchrzcicielplock.pl\/index.php?rest_route=\/wp\/v2\/users\/2"}],"replies":[{"embeddable":true,"href":"https:\/\/parafiajanchrzcicielplock.pl\/index.php?rest_route=%2Fwp%2Fv2%2Fcomments&post=206"}],"version-history":[{"count":221,"href":"https:\/\/parafiajanchrzcicielplock.pl\/index.php?rest_route=\/wp\/v2\/pages\/206\/revisions"}],"predecessor-version":[{"id":2347,"href":"https:\/\/parafiajanchrzcicielplock.pl\/index.php?rest_route=\/wp\/v2\/pages\/206\/revisions\/2347"}],"wp:attachment":[{"href":"https:\/\/parafiajanchrzcicielplock.pl\/index.php?rest_route=%2Fwp%2Fv2%2Fmedia&parent=206"}],"curies":[{"name":"wp","href":"https:\/\/api.w.org\/{rel}","templated":true}]}}