{"id":1483,"date":"2024-08-14T15:45:48","date_gmt":"2024-08-14T13:45:48","guid":{"rendered":"https:\/\/parafiajanchrzcicielplock.pl\/?page_id=1483"},"modified":"2024-08-14T15:45:48","modified_gmt":"2024-08-14T13:45:48","slug":"ochrona-dzieci","status":"publish","type":"page","link":"https:\/\/parafiajanchrzcicielplock.pl\/?page_id=1483","title":{"rendered":"Ochrona dzieci"},"content":{"rendered":"\n<p>Informujemy, \u017ce zgodnie z obowi\u0105zkiem prawnym dotycz\u0105cym wprowadzenia we wszelkich instytucjach, w kt\u00f3rych przebywaj\u0105 dzieci, standard\u00f3w ich ochrony przed krzywdzeniem [ustawa z dnia 28 lipca 2023 roku o zmianie ustawy Kodeks rodzinny i opieku\u0144czy oraz niekt\u00f3rych innych ustaw (Dz.U. 2023 poz. 1606)], proboszcz parafii p.w. \u015bw. Jana Chrzciciela w P\u0142ocku powo\u0142uje Zesp\u00f3\u0142 ds. Prewencji. W jego sk\u0142ad wchodz\u0105: osoba odpowiedzialna za standardy ochrony dzieci &#8211; pani Monika G\u00f3rnikiewicz, osoba zaufana &#8211; pani Bo\u017cena Ciep\u0142ucha (tel. 603438135) oraz osoba odpowiedzialna za interwencj\u0119 &#8211; ks. Proboszcz.<\/p>\n","protected":false},"excerpt":{"rendered":"<p>Informujemy, \u017ce zgodnie z obowi\u0105zkiem prawnym dotycz\u0105cym wprowadzenia we wszelkich instytucjach, w kt\u00f3rych przebywaj\u0105 dzieci, standard\u00f3w ich ochrony przed krzywdzeniem [ustawa z dnia 28 lipca 2023 roku o zmianie ustawy Kodeks rodzinny i opieku\u0144czy oraz niekt\u00f3rych innych ustaw (Dz.U. 2023 poz. 1606)], proboszcz parafii p.w. \u015bw. Jana Chrzciciela w P\u0142ocku powo\u0142uje Zesp\u00f3\u0142 ds. Prewencji. W [&hellip;]<\/p>\n","protected":false},"author":1,"featured_media":0,"parent":0,"menu_order":0,"comment_status":"closed","ping_status":"closed","template":"","meta":{"footnotes":""},"_links":{"self":[{"href":"https:\/\/parafiajanchrzcicielplock.pl\/index.php?rest_route=\/wp\/v2\/pages\/1483"}],"collection":[{"href":"https:\/\/parafiajanchrzcicielplock.pl\/index.php?rest_route=\/wp\/v2\/pages"}],"about":[{"href":"https:\/\/parafiajanchrzcicielplock.pl\/index.php?rest_route=\/wp\/v2\/types\/page"}],"author":[{"embeddable":true,"href":"https:\/\/parafiajanchrzcicielplock.pl\/index.php?rest_route=\/wp\/v2\/users\/1"}],"replies":[{"embeddable":true,"href":"https:\/\/parafiajanchrzcicielplock.pl\/index.php?rest_route=%2Fwp%2Fv2%2Fcomments&post=1483"}],"version-history":[{"count":1,"href":"https:\/\/parafiajanchrzcicielplock.pl\/index.php?rest_route=\/wp\/v2\/pages\/1483\/revisions"}],"predecessor-version":[{"id":1484,"href":"https:\/\/parafiajanchrzcicielplock.pl\/index.php?rest_route=\/wp\/v2\/pages\/1483\/revisions\/1484"}],"wp:attachment":[{"href":"https:\/\/parafiajanchrzcicielplock.pl\/index.php?rest_route=%2Fwp%2Fv2%2Fmedia&parent=1483"}],"curies":[{"name":"wp","href":"https:\/\/api.w.org\/{rel}","templated":true}]}}